{"id":73,"date":"2019-01-08T01:48:21","date_gmt":"2019-01-08T01:48:21","guid":{"rendered":"https:\/\/www.heappy.com\/?page_id=73"},"modified":"2022-08-26T10:24:05","modified_gmt":"2022-08-26T10:24:05","slug":"site-haritasi","status":"publish","type":"page","link":"https:\/\/www.heappy.com\/tr\/site-map\/","title":{"rendered":"Site Haritas\u0131"},"content":{"rendered":"<div class=\"fusion-fullwidth fullwidth-box fusion-builder-row-1 nonhundred-percent-fullwidth non-hundred-percent-height-scrolling\" style=\"--awb-border-radius-top-left:0px;--awb-border-radius-top-right:0px;--awb-border-radius-bottom-right:0px;--awb-border-radius-bottom-left:0px;--awb-flex-wrap:wrap;\" ><div class=\"fusion-builder-row fusion-row\"><div class=\"fusion-layout-column fusion_builder_column fusion-builder-column-0 fusion_builder_column_1_2 1_2 fusion-one-half fusion-column-first\" style=\"--awb-bg-size:cover;width:50%;width:calc(50% - ( ( 4% ) * 0.5 ) );margin-right: 4%;\"><div class=\"fusion-column-wrapper fusion-flex-column-wrapper-legacy\"><div class=\"fusion-text fusion-text-1\"><p><a href=\"https:\/\/www.heappy.com\/tr\/\" target=\"_blank\" rel=\"noopener noreferrer\">Ev<\/a><\/p>\n<p><a href=\"https:\/\/www.heappy.com\/tr\/hakkimizda\/\" target=\"_blank\" rel=\"noopener noreferrer\">Hakk\u0131m\u0131zda<\/a><\/p>\n<p><a href=\"https:\/\/www.heappy.com\/tr\/bize-ulasin\/\" target=\"_blank\" rel=\"noopener noreferrer\">Bize Ula\u015f\u0131n<\/a><\/p>\n<p><strong><a href=\"https:\/\/www.heappy.com\/tr\/kaynaklar\/\" target=\"_blank\" rel=\"noopener noreferrer\">Kaynaklar<\/a><\/strong><\/p>\n<\/div><div class=\"fusion-text fusion-text-2\"><p><strong><a href=\"https:\/\/www.heappy.com\/tr\/urun\/\" target=\"_blank\" rel=\"noopener noreferrer\">\u00dcr\u00fcnler<\/a><\/strong><\/p>\n<ul>\n<li class=\"p1\"><a href=\"https:\/\/www.heappy.com\/tr\/cinde-gunes-gozlugu-ureticisi\/\" target=\"_blank\" rel=\"noopener noreferrer\"><span class=\"s1\">Kad\u0131n + Erkek + \u00c7ocuk G\u00fcne\u015f G\u00f6zl\u00fckleri<\/span><\/a><\/li>\n<li class=\"p1\"><a href=\"https:\/\/www.heappy.com\/tr\/spor-gunes-gozlugu-tedarikcisi-cin\/\" target=\"_blank\" rel=\"noopener noreferrer\"><span class=\"s1\">Spor G\u00fcne\u015f G\u00f6zl\u00fc\u011f\u00fc<\/span><\/a><\/li>\n<li class=\"p1\"><a href=\"https:\/\/www.heappy.com\/tr\/mavi-isik-onleyici-gozluk-tedarikcisi\/\" target=\"_blank\" rel=\"noopener noreferrer\"><span class=\"s1\">Mavi I\u015f\u0131k Kar\u015f\u0131t\u0131 G\u00f6zl\u00fck<\/span><\/a><\/li>\n<li class=\"p1\"><a href=\"https:\/\/www.heappy.com\/tr\/gozluk-cercevesi-ureticisi\/\" target=\"_blank\" rel=\"noopener\"><span class=\"s1\">\u00c7ocuk ve Yeti\u015fkin G\u00f6zl\u00fck \u00c7er\u00e7eveleri<\/span><\/a><\/li>\n<li><a href=\"https:\/\/www.heappy.com\/tr\/toptan-kayak-gozlugu\/\" target=\"_blank\" rel=\"noopener\">Kayak G\u00f6zl\u00fckleri<\/a><\/li>\n<li><a href=\"https:\/\/www.heappy.com\/tr\/guvenlik-gozlugu\/\" target=\"_blank\" rel=\"noopener\">G\u00fcvenlik G\u00f6zl\u00fckleri \/ T\u0131bbi G\u00f6zl\u00fckler<\/a><\/li>\n<\/ul>\n<\/div><div class=\"fusion-sep-clear\"><\/div><div class=\"fusion-separator fusion-full-width-sep\" style=\"margin-left: auto;margin-right: auto;margin-top:10px;margin-bottom:10px;width:100%;\"><\/div><div class=\"fusion-sep-clear\"><\/div><div class=\"fusion-text fusion-text-3\"><p><strong>Koleksiyonlar<\/strong><\/p>\n<ul>\n<li class=\"p1\"><a href=\"https:\/\/www.heappy.com\/tr\/kadin-gunes-gozlugu-koleksiyonlari\/\" target=\"_blank\" rel=\"noopener noreferrer\"><span class=\"s1\">Kad\u0131n G\u00fcne\u015f G\u00f6zl\u00fc\u011f\u00fc Koleksiyonlar\u0131<\/span><\/a><\/li>\n<li class=\"p1\"><a href=\"https:\/\/www.heappy.com\/tr\/erkek-gunes-gozlugu-koleksiyonlari\/\" target=\"_blank\" rel=\"noopener noreferrer\"><span class=\"s1\">Erkek G\u00fcne\u015f G\u00f6zl\u00fc\u011f\u00fc Koleksiyonlar\u0131<\/span><\/a><\/li>\n<li class=\"p1\"><a href=\"https:\/\/www.heappy.com\/tr\/cocuk-gunes-gozlugu-koleksiyonlari\/\" target=\"_blank\" rel=\"noopener noreferrer\"><span class=\"s1\">\u00c7ocuk G\u00fcne\u015f G\u00f6zl\u00fc\u011f\u00fc Koleksiyonlar\u0131<\/span><\/a><\/li>\n<li class=\"p1\"><a href=\"https:\/\/www.heappy.com\/tr\/spor-gunes-gozlugu-koleksiyonlari\/\" target=\"_blank\" rel=\"noopener noreferrer\"><span class=\"s1\">Spor G\u00fcne\u015f G\u00f6zl\u00fc\u011f\u00fc Koleksiyonlar\u0131<\/span><\/a><\/li>\n<li class=\"p1\"><a href=\"https:\/\/www.heappy.com\/tr\/cocuk-optik-gozluk-koleksiyonlari\/\" target=\"_blank\" rel=\"noopener noreferrer\"><span class=\"s1\">\u00c7ocuk Optik G\u00f6zl\u00fck Koleksiyonlar\u0131<\/span><\/a><\/li>\n<\/ul>\n<\/div><div class=\"fusion-clearfix\"><\/div><\/div><\/div><div class=\"fusion-layout-column fusion_builder_column fusion-builder-column-1 fusion_builder_column_1_2 1_2 fusion-one-half fusion-column-last\" style=\"--awb-bg-size:cover;width:50%;width:calc(50% - ( ( 4% ) * 0.5 ) );\"><div class=\"fusion-column-wrapper fusion-flex-column-wrapper-legacy\"><div class=\"fusion-text fusion-text-4\" style=\"--awb-text-transform:none;\"><p><strong>Hizmet<\/strong><\/p>\n<ul>\n<li><a href=\"https:\/\/www.heappy.com\/tr\/toptan-mavi-isik-gozlukleri\/\" target=\"_blank\" rel=\"noopener noreferrer\">Toptan Mavi I\u015f\u0131k G\u00f6zl\u00fckleri<\/a><\/li>\n<li><a href=\"https:\/\/www.heappy.com\/tr\/ozel-mavi-isik-gozlukleri\/\" target=\"_blank\" rel=\"noopener\">\u00d6zel Mavi I\u015f\u0131k G\u00f6zl\u00fckleri<\/a><\/li>\n<\/ul>\n<ul>\n<li class=\"p1\"><a href=\"https:\/\/www.heappy.com\/tr\/gozluk-fabrikasi-cin\/\" target=\"_blank\" rel=\"noopener\">G\u00f6zl\u00fck Fabrikas\u0131<\/a><\/li>\n<li class=\"p1\"><a href=\"https:\/\/www.heappy.com\/tr\/toptan-gozluk-cin\/\" target=\"_blank\" rel=\"noopener noreferrer\"><span class=\"s1\">Toptan G\u00f6zl\u00fckler<\/span><\/a><\/li>\n<\/ul>\n<ul>\n<li><a href=\"https:\/\/www.heappy.com\/tr\/toptan-gozluk-cerceveleri\/\" target=\"_blank\" rel=\"noopener\">Toptan G\u00f6zl\u00fck \u00c7er\u00e7eveleri<\/a><\/li>\n<li><a href=\"https:\/\/www.heappy.com\/tr\/ozel-gozluk-cerceveleri\/\" target=\"_blank\" rel=\"noopener\">\u00d6zel G\u00f6zl\u00fck \u00c7er\u00e7eveleri<\/a><\/li>\n<\/ul>\n<\/div><div class=\"fusion-sep-clear\"><\/div><div class=\"fusion-separator fusion-full-width-sep\" style=\"margin-left: auto;margin-right: auto;width:100%;\"><div class=\"fusion-separator-border sep-single sep-solid\" style=\"--awb-height:20px;--awb-amount:20px;border-color:#e0dede;border-top-width:1px;\"><\/div><\/div><div class=\"fusion-sep-clear\"><\/div><div class=\"fusion-text fusion-text-5\" style=\"--awb-text-transform:none;\"><ul>\n<li><a href=\"https:\/\/www.heappy.com\/tr\/cinde-toptan-gunes-gozlugu\/\" target=\"_blank\" rel=\"noopener noreferrer\">Toptan G\u00fcne\u015f G\u00f6zl\u00fc\u011f\u00fc<\/a><\/li>\n<li><a href=\"https:\/\/www.heappy.com\/tr\/ozel-gunes-gozlugu-gozluk-ureticileri-cin\/\" target=\"_blank\" rel=\"noopener noreferrer\">Ki\u015fiye \u00d6zel G\u00fcne\u015f G\u00f6zl\u00fckleri ve G\u00f6zl\u00fckler<\/a><\/li>\n<\/ul>\n<ul>\n<li class=\"p1\"><a href=\"https:\/\/www.heappy.com\/tr\/toptan-cocuk-gunes-gozlugu\/\" target=\"_blank\" rel=\"noopener\">Toptan \u00c7ocuk G\u00fcne\u015f G\u00f6zl\u00fc\u011f\u00fc<\/a><\/li>\n<li class=\"p1\"><a href=\"https:\/\/www.heappy.com\/tr\/toptan-kadin-gunes-gozlukleri\/\" target=\"_blank\" rel=\"noopener\">Toptan Bayan G\u00fcne\u015f G\u00f6zl\u00fc\u011f\u00fc<\/a><\/li>\n<li><a href=\"https:\/\/www.heappy.com\/tr\/toptan-erkek-gunes-gozlugu\/\" target=\"_blank\" rel=\"noopener\">Toptan Erkek G\u00fcne\u015f G\u00f6zl\u00fc\u011f\u00fc<\/a><\/li>\n<\/ul>\n<ul>\n<li><a href=\"https:\/\/www.heappy.com\/tr\/toptan-polarize-gunes-gozlugu\/\" target=\"_blank\" rel=\"noopener\">Toptan Polarize G\u00fcne\u015f G\u00f6zl\u00fc\u011f\u00fc<\/a><\/li>\n<li><a href=\"https:\/\/www.heappy.com\/tr\/ozel-polarize-gunes-gozlugu\/\" target=\"_blank\" rel=\"noopener\">\u00d6zel Polarize G\u00fcne\u015f G\u00f6zl\u00fc\u011f\u00fc<\/a><\/li>\n<\/ul>\n<ul>\n<li><a href=\"https:\/\/www.heappy.com\/tr\/toptan-pilot-gunes-gozlugu\/\" target=\"_blank\" rel=\"noopener\">Toptan Aviator G\u00fcne\u015f G\u00f6zl\u00fc\u011f\u00fc<\/a><\/li>\n<li><a href=\"https:\/\/www.heappy.com\/tr\/ozel-pilot-gunes-gozlugu\/\" target=\"_blank\" rel=\"noopener\">\u00d6zel Aviator G\u00fcne\u015f G\u00f6zl\u00fc\u011f\u00fc<\/a><\/li>\n<\/ul>\n<ul>\n<li><a href=\"https:\/\/www.heappy.com\/tr\/toptan-moda-gunes-gozlukleri\/\" target=\"_blank\" rel=\"noopener\">Toptan Moda G\u00fcne\u015f G\u00f6zl\u00fc\u011f\u00fc<\/a><\/li>\n<li><a href=\"https:\/\/www.heappy.com\/tr\/toptan-vintage-gunes-gozlugu\/\" target=\"_blank\" rel=\"noopener\">Toptan Vintage G\u00fcne\u015f G\u00f6zl\u00fc\u011f\u00fc<\/a><\/li>\n<li><a href=\"https:\/\/www.heappy.com\/tr\/toptan-tasarimci-gunes-gozlukleri\/\" target=\"_blank\" rel=\"noopener\">Toptan Tasar\u0131m G\u00fcne\u015f G\u00f6zl\u00fc\u011f\u00fc<\/a><\/li>\n<li><a href=\"https:\/\/www.heappy.com\/tr\/toptan-kedi-gozu-gunes-gozlugu\/\" target=\"_blank\" rel=\"noopener\">Toptan Kedi G\u00f6z\u00fc G\u00fcne\u015f G\u00f6zl\u00fc\u011f\u00fc<\/a><\/li>\n<\/ul>\n<ul>\n<li><a href=\"https:\/\/www.heappy.com\/tr\/toptan-plastik-gunes-gozlugu\/\" target=\"_blank\" rel=\"noopener\">Toptan Plastik G\u00fcne\u015f G\u00f6zl\u00fc\u011f\u00fc<\/a><\/li>\n<li><a href=\"https:\/\/www.heappy.com\/tr\/ozel-plastik-gunes-gozlugu\/\" target=\"_blank\" rel=\"noopener\">\u00d6zel Plastik G\u00fcne\u015f G\u00f6zl\u00fc\u011f\u00fc<\/a><\/li>\n<\/ul>\n<ul>\n<li class=\"p1\"><a href=\"https:\/\/www.heappy.com\/tr\/asetat-gunes-gozlugu-ureticisi\/\" target=\"_blank\" rel=\"noopener\">Asetat G\u00fcne\u015f G\u00f6zl\u00fc\u011f\u00fc \u00dcreticisi<\/a><\/li>\n<li class=\"p1\"><a href=\"https:\/\/www.heappy.com\/tr\/toptan-asetat-gunes-gozlugu\/\" target=\"_blank\" rel=\"noopener\">Toptan Asetat G\u00fcne\u015f G\u00f6zl\u00fc\u011f\u00fc<\/a><\/li>\n<\/ul>\n<\/div><div class=\"fusion-sep-clear\"><\/div><div class=\"fusion-separator fusion-full-width-sep\" style=\"margin-left: auto;margin-right: auto;width:100%;\"><div class=\"fusion-separator-border sep-single sep-solid\" style=\"--awb-height:20px;--awb-amount:20px;border-color:#e0dede;border-top-width:1px;\"><\/div><\/div><div class=\"fusion-sep-clear\"><\/div><div class=\"fusion-text fusion-text-6\" style=\"--awb-text-transform:none;\"><ul>\n<li><a href=\"https:\/\/www.heappy.com\/tr\/toptan-kayak-gozlugu\/\" target=\"_blank\" rel=\"noopener\">Toptan Kayak G\u00f6zl\u00fckleri<\/a><\/li>\n<li class=\"p1\"><a href=\"https:\/\/www.heappy.com\/tr\/ozel-kayak-gozlugu\/\" target=\"_blank\" rel=\"noopener\">\u00d6zel Kayak G\u00f6zl\u00fckleri<\/a><\/li>\n<\/ul>\n<\/div><div class=\"fusion-clearfix\"><\/div><\/div><\/div><\/div><\/div>","protected":false},"excerpt":{"rendered":"","protected":false},"author":1,"featured_media":0,"parent":0,"menu_order":0,"comment_status":"closed","ping_status":"closed","template":"","meta":{"om_disable_all_campaigns":false,"_monsterinsights_skip_tracking":false,"_monsterinsights_sitenote_active":false,"_monsterinsights_sitenote_note":"","_monsterinsights_sitenote_category":0,"footnotes":""},"class_list":["post-73","page","type-page","status-publish","hentry"],"yoast_head":"<!-- This site is optimized with the Yoast SEO plugin v27.4 - https:\/\/yoast.com\/product\/yoast-seo-wordpress\/ -->\n<title>Sitemap - Sunglasses Supplier China &amp; Eyewear Factory<\/title>\n<meta name=\"description\" content=\"This Sitemap Let You More Clear When Review Our Website and Get the Sunglasses &amp; Eyewear You need, We Will Always Be Behind You and Good Cooperative Sunglasses Manufacturer &amp; Eyewear Supplier in China for Your Business.\" \/>\n<meta name=\"robots\" content=\"index, follow, max-snippet:-1, max-image-preview:large, max-video-preview:-1\" \/>\n<link rel=\"canonical\" href=\"https:\/\/www.heappy.com\/tr\/site-haritasi\/\" \/>\n<meta property=\"og:locale\" content=\"tr_TR\" \/>\n<meta property=\"og:type\" content=\"article\" \/>\n<meta property=\"og:title\" content=\"Sitemap - Sunglasses Supplier China &amp; Eyewear Factory\" \/>\n<meta property=\"og:description\" content=\"This Sitemap Let You More Clear When Review Our Website and Get the Sunglasses &amp; Eyewear You need, We Will Always Be Behind You and Good Cooperative Sunglasses Manufacturer &amp; Eyewear Supplier in China for Your Business.\" \/>\n<meta property=\"og:url\" content=\"https:\/\/www.heappy.com\/tr\/site-haritasi\/\" \/>\n<meta property=\"og:site_name\" content=\"heappy.com\" \/>\n<meta property=\"article:modified_time\" content=\"2022-08-26T10:24:05+00:00\" \/>\n<meta name=\"twitter:card\" content=\"summary_large_image\" \/>\n<meta name=\"twitter:label1\" content=\"Tahmini okuma s\u00fcresi\" \/>\n\t<meta name=\"twitter:data1\" content=\"2 dakika\" \/>\n<script type=\"application\/ld+json\" class=\"yoast-schema-graph\">{\"@context\":\"https:\\\/\\\/schema.org\",\"@graph\":[{\"@type\":\"WebPage\",\"@id\":\"https:\\\/\\\/www.heappy.com\\\/site-map\\\/\",\"url\":\"https:\\\/\\\/www.heappy.com\\\/site-map\\\/\",\"name\":\"Sitemap - Sunglasses Supplier China & Eyewear Factory\",\"isPartOf\":{\"@id\":\"https:\\\/\\\/www.heappy.com\\\/#website\"},\"datePublished\":\"2019-01-08T01:48:21+00:00\",\"dateModified\":\"2022-08-26T10:24:05+00:00\",\"description\":\"This Sitemap Let You More Clear When Review Our Website and Get the Sunglasses & Eyewear You need, We Will Always Be Behind You and Good Cooperative Sunglasses Manufacturer & Eyewear Supplier in China for Your Business.\",\"breadcrumb\":{\"@id\":\"https:\\\/\\\/www.heappy.com\\\/site-map\\\/#breadcrumb\"},\"inLanguage\":\"tr\",\"potentialAction\":[{\"@type\":\"ReadAction\",\"target\":[\"https:\\\/\\\/www.heappy.com\\\/site-map\\\/\"]}]},{\"@type\":\"BreadcrumbList\",\"@id\":\"https:\\\/\\\/www.heappy.com\\\/site-map\\\/#breadcrumb\",\"itemListElement\":[{\"@type\":\"ListItem\",\"position\":1,\"name\":\"Home\",\"item\":\"https:\\\/\\\/www.heappy.com\\\/\"},{\"@type\":\"ListItem\",\"position\":2,\"name\":\"Site Map\"}]},{\"@type\":\"WebSite\",\"@id\":\"https:\\\/\\\/www.heappy.com\\\/#website\",\"url\":\"https:\\\/\\\/www.heappy.com\\\/\",\"name\":\"heappy.com\",\"description\":\"Eyewear Manufacturer\",\"potentialAction\":[{\"@type\":\"SearchAction\",\"target\":{\"@type\":\"EntryPoint\",\"urlTemplate\":\"https:\\\/\\\/www.heappy.com\\\/?s={search_term_string}\"},\"query-input\":{\"@type\":\"PropertyValueSpecification\",\"valueRequired\":true,\"valueName\":\"search_term_string\"}}],\"inLanguage\":\"tr\"}]}<\/script>\n<!-- \/ Yoast SEO plugin. -->","yoast_head_json":{"title":"Site Haritas\u0131 - G\u00fcne\u015f G\u00f6zl\u00fc\u011f\u00fc Tedarik\u00e7isi \u00c7in ve G\u00f6zl\u00fck Fabrikas\u0131","description":"Bu Site Haritas\u0131, Web Sitemizi \u0130ncelerken ve \u0130htiyac\u0131n\u0131z Olan G\u00fcne\u015f G\u00f6zl\u00fc\u011f\u00fc ve G\u00f6zl\u00fckleri Al\u0131rken Daha Net Bir \u015eekilde Karar Vermenizi Sa\u011flar, Her Zaman Arkan\u0131zda Olaca\u011f\u0131z ve \u00c7in&#039;de \u0130\u015finiz \u0130\u00e7in \u0130yi Bir \u0130\u015fbirli\u011fi Yapan G\u00fcne\u015f G\u00f6zl\u00fc\u011f\u00fc \u00dcreticisi ve G\u00f6zl\u00fck Tedarik\u00e7isi Olaca\u011f\u0131z.","robots":{"index":"index","follow":"follow","max-snippet":"max-snippet:-1","max-image-preview":"max-image-preview:large","max-video-preview":"max-video-preview:-1"},"canonical":"https:\/\/www.heappy.com\/tr\/site-haritasi\/","og_locale":"tr_TR","og_type":"article","og_title":"Sitemap - Sunglasses Supplier China & Eyewear Factory","og_description":"This Sitemap Let You More Clear When Review Our Website and Get the Sunglasses & Eyewear You need, We Will Always Be Behind You and Good Cooperative Sunglasses Manufacturer & Eyewear Supplier in China for Your Business.","og_url":"https:\/\/www.heappy.com\/tr\/site-haritasi\/","og_site_name":"heappy.com","article_modified_time":"2022-08-26T10:24:05+00:00","twitter_card":"summary_large_image","twitter_misc":{"Tahmini okuma s\u00fcresi":"2 dakika"},"schema":{"@context":"https:\/\/schema.org","@graph":[{"@type":"WebPage","@id":"https:\/\/www.heappy.com\/site-map\/","url":"https:\/\/www.heappy.com\/site-map\/","name":"Site Haritas\u0131 - G\u00fcne\u015f G\u00f6zl\u00fc\u011f\u00fc Tedarik\u00e7isi \u00c7in ve G\u00f6zl\u00fck Fabrikas\u0131","isPartOf":{"@id":"https:\/\/www.heappy.com\/#website"},"datePublished":"2019-01-08T01:48:21+00:00","dateModified":"2022-08-26T10:24:05+00:00","description":"Bu Site Haritas\u0131, Web Sitemizi \u0130ncelerken ve \u0130htiyac\u0131n\u0131z Olan G\u00fcne\u015f G\u00f6zl\u00fc\u011f\u00fc ve G\u00f6zl\u00fckleri Al\u0131rken Daha Net Bir \u015eekilde Karar Vermenizi Sa\u011flar, Her Zaman Arkan\u0131zda Olaca\u011f\u0131z ve \u00c7in&#039;de \u0130\u015finiz \u0130\u00e7in \u0130yi Bir \u0130\u015fbirli\u011fi Yapan G\u00fcne\u015f G\u00f6zl\u00fc\u011f\u00fc \u00dcreticisi ve G\u00f6zl\u00fck Tedarik\u00e7isi Olaca\u011f\u0131z.","breadcrumb":{"@id":"https:\/\/www.heappy.com\/site-map\/#breadcrumb"},"inLanguage":"tr","potentialAction":[{"@type":"ReadAction","target":["https:\/\/www.heappy.com\/site-map\/"]}]},{"@type":"BreadcrumbList","@id":"https:\/\/www.heappy.com\/site-map\/#breadcrumb","itemListElement":[{"@type":"ListItem","position":1,"name":"Home","item":"https:\/\/www.heappy.com\/"},{"@type":"ListItem","position":2,"name":"Site Map"}]},{"@type":"WebSite","@id":"https:\/\/www.heappy.com\/#website","url":"https:\/\/www.heappy.com\/","name":"heappy.com","description":"G\u00f6zl\u00fck \u00dcreticisi","potentialAction":[{"@type":"SearchAction","target":{"@type":"EntryPoint","urlTemplate":"https:\/\/www.heappy.com\/?s={search_term_string}"},"query-input":{"@type":"PropertyValueSpecification","valueRequired":true,"valueName":"search_term_string"}}],"inLanguage":"tr"}]}},"_links":{"self":[{"href":"https:\/\/www.heappy.com\/tr\/wp-json\/wp\/v2\/pages\/73","targetHints":{"allow":["GET"]}}],"collection":[{"href":"https:\/\/www.heappy.com\/tr\/wp-json\/wp\/v2\/pages"}],"about":[{"href":"https:\/\/www.heappy.com\/tr\/wp-json\/wp\/v2\/types\/page"}],"author":[{"embeddable":true,"href":"https:\/\/www.heappy.com\/tr\/wp-json\/wp\/v2\/users\/1"}],"replies":[{"embeddable":true,"href":"https:\/\/www.heappy.com\/tr\/wp-json\/wp\/v2\/comments?post=73"}],"version-history":[{"count":6,"href":"https:\/\/www.heappy.com\/tr\/wp-json\/wp\/v2\/pages\/73\/revisions"}],"predecessor-version":[{"id":11413,"href":"https:\/\/www.heappy.com\/tr\/wp-json\/wp\/v2\/pages\/73\/revisions\/11413"}],"wp:attachment":[{"href":"https:\/\/www.heappy.com\/tr\/wp-json\/wp\/v2\/media?parent=73"}],"curies":[{"name":"wp","href":"https:\/\/api.w.org\/{rel}","templated":true}]}}