{"id":73,"date":"2019-01-08T01:48:21","date_gmt":"2019-01-08T01:48:21","guid":{"rendered":"https:\/\/www.heappy.com\/?page_id=73"},"modified":"2022-08-26T10:24:05","modified_gmt":"2022-08-26T10:24:05","slug":"webbplatskarta","status":"publish","type":"page","link":"https:\/\/www.heappy.com\/sv\/site-map\/","title":{"rendered":"Webbplatskarta"},"content":{"rendered":"<div class=\"fusion-fullwidth fullwidth-box fusion-builder-row-1 nonhundred-percent-fullwidth non-hundred-percent-height-scrolling\" style=\"--awb-border-radius-top-left:0px;--awb-border-radius-top-right:0px;--awb-border-radius-bottom-right:0px;--awb-border-radius-bottom-left:0px;--awb-flex-wrap:wrap;\" ><div class=\"fusion-builder-row fusion-row\"><div class=\"fusion-layout-column fusion_builder_column fusion-builder-column-0 fusion_builder_column_1_2 1_2 fusion-one-half fusion-column-first\" style=\"--awb-bg-size:cover;width:50%;width:calc(50% - ( ( 4% ) * 0.5 ) );margin-right: 4%;\"><div class=\"fusion-column-wrapper fusion-flex-column-wrapper-legacy\"><div class=\"fusion-text fusion-text-1\"><p><a href=\"https:\/\/www.heappy.com\/sv\/\" target=\"_blank\" rel=\"noopener noreferrer\">Hem<\/a><\/p>\n<p><a href=\"https:\/\/www.heappy.com\/sv\/om-oss\/\" target=\"_blank\" rel=\"noopener noreferrer\">Om oss<\/a><\/p>\n<p><a href=\"https:\/\/www.heappy.com\/sv\/kontakta-oss\/\" target=\"_blank\" rel=\"noopener noreferrer\">Kontakta oss<\/a><\/p>\n<p><strong><a href=\"https:\/\/www.heappy.com\/sv\/resurser\/\" target=\"_blank\" rel=\"noopener noreferrer\">Resurser<\/a><\/strong><\/p>\n<\/div><div class=\"fusion-text fusion-text-2\"><p><strong><a href=\"https:\/\/www.heappy.com\/sv\/produkt\/\" target=\"_blank\" rel=\"noopener noreferrer\">Produkter<\/a><\/strong><\/p>\n<ul>\n<li class=\"p1\"><a href=\"https:\/\/www.heappy.com\/sv\/solglasogontillverkare-i-kina\/\" target=\"_blank\" rel=\"noopener noreferrer\"><span class=\"s1\">Solglas\u00f6gon f\u00f6r kvinnor + m\u00e4n + barn<\/span><\/a><\/li>\n<li class=\"p1\"><a href=\"https:\/\/www.heappy.com\/sv\/sport-solglasogon-leverantor-kina\/\" target=\"_blank\" rel=\"noopener noreferrer\"><span class=\"s1\">Solglas\u00f6gon f\u00f6r sport<\/span><\/a><\/li>\n<li class=\"p1\"><a href=\"https:\/\/www.heappy.com\/sv\/leverantor-av-glasogon-mot-blatt-ljus\/\" target=\"_blank\" rel=\"noopener noreferrer\"><span class=\"s1\">Anti Blue Light-glas\u00f6gon<\/span><\/a><\/li>\n<li class=\"p1\"><a href=\"https:\/\/www.heappy.com\/sv\/tillverkare-av-glasogonbagar\/\" target=\"_blank\" rel=\"noopener\"><span class=\"s1\">Glas\u00f6gonb\u00e5gar f\u00f6r barn och vuxna<\/span><\/a><\/li>\n<li><a href=\"https:\/\/www.heappy.com\/sv\/skidglasogon-i-grossistledet\/\" target=\"_blank\" rel=\"noopener\">Skidglas\u00f6gon<\/a><\/li>\n<li><a href=\"https:\/\/www.heappy.com\/sv\/skyddsglasogon\/\" target=\"_blank\" rel=\"noopener\">Skyddsglas\u00f6gon \/ Medicinska skyddsglas\u00f6gon<\/a><\/li>\n<\/ul>\n<\/div><div class=\"fusion-sep-clear\"><\/div><div class=\"fusion-separator fusion-full-width-sep\" style=\"margin-left: auto;margin-right: auto;margin-top:10px;margin-bottom:10px;width:100%;\"><\/div><div class=\"fusion-sep-clear\"><\/div><div class=\"fusion-text fusion-text-3\"><p><strong>Samlingar<\/strong><\/p>\n<ul>\n<li class=\"p1\"><a href=\"https:\/\/www.heappy.com\/sv\/damsolglasogonkollektioner\/\" target=\"_blank\" rel=\"noopener noreferrer\"><span class=\"s1\">Kollektioner av solglas\u00f6gon f\u00f6r kvinnor<\/span><\/a><\/li>\n<li class=\"p1\"><a href=\"https:\/\/www.heappy.com\/sv\/herrsolglasogonkollektioner\/\" target=\"_blank\" rel=\"noopener noreferrer\"><span class=\"s1\">Kollektioner av solglas\u00f6gon f\u00f6r m\u00e4n<\/span><\/a><\/li>\n<li class=\"p1\"><a href=\"https:\/\/www.heappy.com\/sv\/samlingar-av-solglasogon-for-barn\/\" target=\"_blank\" rel=\"noopener noreferrer\"><span class=\"s1\">Kollektioner av solglas\u00f6gon f\u00f6r barn<\/span><\/a><\/li>\n<li class=\"p1\"><a href=\"https:\/\/www.heappy.com\/sv\/samlingar-av-sportsolglasogon\/\" target=\"_blank\" rel=\"noopener noreferrer\"><span class=\"s1\">Kollektioner av sportsolglas\u00f6gon<\/span><\/a><\/li>\n<li class=\"p1\"><a href=\"https:\/\/www.heappy.com\/sv\/samlingar-av-optiska-glasogon-for-barn\/\" target=\"_blank\" rel=\"noopener noreferrer\"><span class=\"s1\">Kollektioner av optiska glas\u00f6gon f\u00f6r barn<\/span><\/a><\/li>\n<\/ul>\n<\/div><div class=\"fusion-clearfix\"><\/div><\/div><\/div><div class=\"fusion-layout-column fusion_builder_column fusion-builder-column-1 fusion_builder_column_1_2 1_2 fusion-one-half fusion-column-last\" style=\"--awb-bg-size:cover;width:50%;width:calc(50% - ( ( 4% ) * 0.5 ) );\"><div class=\"fusion-column-wrapper fusion-flex-column-wrapper-legacy\"><div class=\"fusion-text fusion-text-4\" style=\"--awb-text-transform:none;\"><p><strong>Service<\/strong><\/p>\n<ul>\n<li><a href=\"https:\/\/www.heappy.com\/sv\/grossist-bla-ljus-glasogon\/\" target=\"_blank\" rel=\"noopener noreferrer\">Partihandel med bl\u00e5ljusglas\u00f6gon<\/a><\/li>\n<li><a href=\"https:\/\/www.heappy.com\/sv\/anpassade-glasogon-for-blatt-ljus\/\" target=\"_blank\" rel=\"noopener\">Anpassade bl\u00e5ljusglas\u00f6gon<\/a><\/li>\n<\/ul>\n<ul>\n<li class=\"p1\"><a href=\"https:\/\/www.heappy.com\/sv\/glasogonfabrik-kina\/\" target=\"_blank\" rel=\"noopener\">Glas\u00f6gonfabrik<\/a><\/li>\n<li class=\"p1\"><a href=\"https:\/\/www.heappy.com\/sv\/grossist-glasogon-kina\/\" target=\"_blank\" rel=\"noopener noreferrer\"><span class=\"s1\">Partihandel med glas\u00f6gon<\/span><\/a><\/li>\n<\/ul>\n<ul>\n<li><a href=\"https:\/\/www.heappy.com\/sv\/glasogonbagar-i-grossistledet\/\" target=\"_blank\" rel=\"noopener\">Partihandel med glas\u00f6gonb\u00e5gar<\/a><\/li>\n<li><a href=\"https:\/\/www.heappy.com\/sv\/anpassade-glasogonbagar\/\" target=\"_blank\" rel=\"noopener\">Anpassade glas\u00f6gonb\u00e5gar<\/a><\/li>\n<\/ul>\n<\/div><div class=\"fusion-sep-clear\"><\/div><div class=\"fusion-separator fusion-full-width-sep\" style=\"margin-left: auto;margin-right: auto;width:100%;\"><div class=\"fusion-separator-border sep-single sep-solid\" style=\"--awb-height:20px;--awb-amount:20px;border-color:#e0dede;border-top-width:1px;\"><\/div><\/div><div class=\"fusion-sep-clear\"><\/div><div class=\"fusion-text fusion-text-5\" style=\"--awb-text-transform:none;\"><ul>\n<li><a href=\"https:\/\/www.heappy.com\/sv\/grossist-solglasogon-i-kina\/\" target=\"_blank\" rel=\"noopener noreferrer\">Partihandel med solglas\u00f6gon<\/a><\/li>\n<li><a href=\"https:\/\/www.heappy.com\/sv\/anpassade-solglasogon-glasogon-tillverkare-kina\/\" target=\"_blank\" rel=\"noopener noreferrer\">Solglas\u00f6gon &amp; glas\u00f6gon med tryck<\/a><\/li>\n<\/ul>\n<ul>\n<li class=\"p1\"><a href=\"https:\/\/www.heappy.com\/sv\/grossistforsaljning-av-solglasogon-for-barn\/\" target=\"_blank\" rel=\"noopener\">Partihandel med solglas\u00f6gon f\u00f6r barn<\/a><\/li>\n<li class=\"p1\"><a href=\"https:\/\/www.heappy.com\/sv\/grossist-damsolglasogon\/\" target=\"_blank\" rel=\"noopener\">Partihandel med solglas\u00f6gon f\u00f6r kvinnor<\/a><\/li>\n<li><a href=\"https:\/\/www.heappy.com\/sv\/grossist-solglasogon-for-man\/\" target=\"_blank\" rel=\"noopener\">Partihandel med solglas\u00f6gon f\u00f6r m\u00e4n<\/a><\/li>\n<\/ul>\n<ul>\n<li><a href=\"https:\/\/www.heappy.com\/sv\/polariserade-solglasogon-i-grossistledet\/\" target=\"_blank\" rel=\"noopener\">Partihandel med polariserade solglas\u00f6gon<\/a><\/li>\n<li><a href=\"https:\/\/www.heappy.com\/sv\/skraddarsydda-polariserade-solglasogon\/\" target=\"_blank\" rel=\"noopener\">Anpassade polariserade solglas\u00f6gon<\/a><\/li>\n<\/ul>\n<ul>\n<li><a href=\"https:\/\/www.heappy.com\/sv\/flygare-solglasogon-i-grossistledet\/\" target=\"_blank\" rel=\"noopener\">Partihandel Aviator solglas\u00f6gon<\/a><\/li>\n<li><a href=\"https:\/\/www.heappy.com\/sv\/aviator-solglasogon-med-tryck\/\" target=\"_blank\" rel=\"noopener\">Aviator-solglas\u00f6gon med tryck<\/a><\/li>\n<\/ul>\n<ul>\n<li><a href=\"https:\/\/www.heappy.com\/sv\/grossist-mode-solglasogon\/\" target=\"_blank\" rel=\"noopener\">Partihandel med mode solglas\u00f6gon<\/a><\/li>\n<li><a href=\"https:\/\/www.heappy.com\/sv\/grossist-vintage-solglasogon\/\" target=\"_blank\" rel=\"noopener\">Partihandel med vintage solglas\u00f6gon<\/a><\/li>\n<li><a href=\"https:\/\/www.heappy.com\/sv\/grossist-designersolglasogon\/\" target=\"_blank\" rel=\"noopener\">Partihandel med designade solglas\u00f6gon<\/a><\/li>\n<li><a href=\"https:\/\/www.heappy.com\/sv\/grossist-kattoga-solglasogon\/\" target=\"_blank\" rel=\"noopener\">Partihandel med solglas\u00f6gon med katt\u00f6gon<\/a><\/li>\n<\/ul>\n<ul>\n<li><a href=\"https:\/\/www.heappy.com\/sv\/grossist-solglasogon-av-plast\/\" target=\"_blank\" rel=\"noopener\">Partihandel med solglas\u00f6gon av plast<\/a><\/li>\n<li><a href=\"https:\/\/www.heappy.com\/sv\/anpassade-solglasogon-i-plast\/\" target=\"_blank\" rel=\"noopener\">Solglas\u00f6gon i plast med tryck<\/a><\/li>\n<\/ul>\n<ul>\n<li class=\"p1\"><a href=\"https:\/\/www.heappy.com\/sv\/tillverkare-av-solglasogon-i-acetat\/\" target=\"_blank\" rel=\"noopener\">Tillverkare av solglas\u00f6gon i acetat<\/a><\/li>\n<li class=\"p1\"><a href=\"https:\/\/www.heappy.com\/sv\/acetat-solglasogon-i-grossistledet\/\" target=\"_blank\" rel=\"noopener\">Partihandel med solglas\u00f6gon av acetat<\/a><\/li>\n<\/ul>\n<\/div><div class=\"fusion-sep-clear\"><\/div><div class=\"fusion-separator fusion-full-width-sep\" style=\"margin-left: auto;margin-right: auto;width:100%;\"><div class=\"fusion-separator-border sep-single sep-solid\" style=\"--awb-height:20px;--awb-amount:20px;border-color:#e0dede;border-top-width:1px;\"><\/div><\/div><div class=\"fusion-sep-clear\"><\/div><div class=\"fusion-text fusion-text-6\" style=\"--awb-text-transform:none;\"><ul>\n<li><a href=\"https:\/\/www.heappy.com\/sv\/skidglasogon-i-grossistledet\/\" target=\"_blank\" rel=\"noopener\">Partihandel med skidglas\u00f6gon<\/a><\/li>\n<li class=\"p1\"><a href=\"https:\/\/www.heappy.com\/sv\/anpassade-skidglasogon\/\" target=\"_blank\" rel=\"noopener\">Skidglas\u00f6gon med tryck<\/a><\/li>\n<\/ul>\n<\/div><div class=\"fusion-clearfix\"><\/div><\/div><\/div><\/div><\/div>","protected":false},"excerpt":{"rendered":"","protected":false},"author":1,"featured_media":0,"parent":0,"menu_order":0,"comment_status":"closed","ping_status":"closed","template":"","meta":{"om_disable_all_campaigns":false,"_monsterinsights_skip_tracking":false,"_monsterinsights_sitenote_active":false,"_monsterinsights_sitenote_note":"","_monsterinsights_sitenote_category":0,"footnotes":""},"class_list":["post-73","page","type-page","status-publish","hentry"],"yoast_head":"<!-- This site is optimized with the Yoast SEO plugin v27.4 - https:\/\/yoast.com\/product\/yoast-seo-wordpress\/ -->\n<title>Sitemap - Sunglasses Supplier China &amp; Eyewear Factory<\/title>\n<meta name=\"description\" content=\"This Sitemap Let You More Clear When Review Our Website and Get the Sunglasses &amp; Eyewear You need, We Will Always Be Behind You and Good Cooperative Sunglasses Manufacturer &amp; Eyewear Supplier in China for Your Business.\" \/>\n<meta name=\"robots\" content=\"index, follow, max-snippet:-1, max-image-preview:large, max-video-preview:-1\" \/>\n<link rel=\"canonical\" href=\"https:\/\/www.heappy.com\/sv\/webbplatskarta\/\" \/>\n<meta property=\"og:locale\" content=\"sv_SE\" \/>\n<meta property=\"og:type\" content=\"article\" \/>\n<meta property=\"og:title\" content=\"Sitemap - Sunglasses Supplier China &amp; Eyewear Factory\" \/>\n<meta property=\"og:description\" content=\"This Sitemap Let You More Clear When Review Our Website and Get the Sunglasses &amp; Eyewear You need, We Will Always Be Behind You and Good Cooperative Sunglasses Manufacturer &amp; Eyewear Supplier in China for Your Business.\" \/>\n<meta property=\"og:url\" content=\"https:\/\/www.heappy.com\/sv\/webbplatskarta\/\" \/>\n<meta property=\"og:site_name\" content=\"heappy.com\" \/>\n<meta property=\"article:modified_time\" content=\"2022-08-26T10:24:05+00:00\" \/>\n<meta name=\"twitter:card\" content=\"summary_large_image\" \/>\n<meta name=\"twitter:label1\" content=\"Ber\u00e4knad l\u00e4stid\" \/>\n\t<meta name=\"twitter:data1\" content=\"2 minuter\" \/>\n<script type=\"application\/ld+json\" class=\"yoast-schema-graph\">{\"@context\":\"https:\\\/\\\/schema.org\",\"@graph\":[{\"@type\":\"WebPage\",\"@id\":\"https:\\\/\\\/www.heappy.com\\\/site-map\\\/\",\"url\":\"https:\\\/\\\/www.heappy.com\\\/site-map\\\/\",\"name\":\"Sitemap - Sunglasses Supplier China & Eyewear Factory\",\"isPartOf\":{\"@id\":\"https:\\\/\\\/www.heappy.com\\\/#website\"},\"datePublished\":\"2019-01-08T01:48:21+00:00\",\"dateModified\":\"2022-08-26T10:24:05+00:00\",\"description\":\"This Sitemap Let You More Clear When Review Our Website and Get the Sunglasses & Eyewear You need, We Will Always Be Behind You and Good Cooperative Sunglasses Manufacturer & Eyewear Supplier in China for Your Business.\",\"breadcrumb\":{\"@id\":\"https:\\\/\\\/www.heappy.com\\\/site-map\\\/#breadcrumb\"},\"inLanguage\":\"sv-SE\",\"potentialAction\":[{\"@type\":\"ReadAction\",\"target\":[\"https:\\\/\\\/www.heappy.com\\\/site-map\\\/\"]}]},{\"@type\":\"BreadcrumbList\",\"@id\":\"https:\\\/\\\/www.heappy.com\\\/site-map\\\/#breadcrumb\",\"itemListElement\":[{\"@type\":\"ListItem\",\"position\":1,\"name\":\"Home\",\"item\":\"https:\\\/\\\/www.heappy.com\\\/\"},{\"@type\":\"ListItem\",\"position\":2,\"name\":\"Site Map\"}]},{\"@type\":\"WebSite\",\"@id\":\"https:\\\/\\\/www.heappy.com\\\/#website\",\"url\":\"https:\\\/\\\/www.heappy.com\\\/\",\"name\":\"heappy.com\",\"description\":\"Eyewear Manufacturer\",\"potentialAction\":[{\"@type\":\"SearchAction\",\"target\":{\"@type\":\"EntryPoint\",\"urlTemplate\":\"https:\\\/\\\/www.heappy.com\\\/?s={search_term_string}\"},\"query-input\":{\"@type\":\"PropertyValueSpecification\",\"valueRequired\":true,\"valueName\":\"search_term_string\"}}],\"inLanguage\":\"sv-SE\"}]}<\/script>\n<!-- \/ Yoast SEO plugin. -->","yoast_head_json":{"title":"Webbplatskarta - Solglas\u00f6gonleverant\u00f6r Kina &amp; glas\u00f6gonfabrik","description":"Den h\u00e4r webbplatskartan l\u00e5ter dig vara tydligare n\u00e4r du granskar v\u00e5r webbplats och skaffar de solglas\u00f6gon och glas\u00f6gon du beh\u00f6ver, vi kommer alltid att st\u00e5 bakom dig och en bra samarbetsvillig solglas\u00f6gontillverkare och glas\u00f6gonleverant\u00f6r i Kina f\u00f6r ditt f\u00f6retag.","robots":{"index":"index","follow":"follow","max-snippet":"max-snippet:-1","max-image-preview":"max-image-preview:large","max-video-preview":"max-video-preview:-1"},"canonical":"https:\/\/www.heappy.com\/sv\/webbplatskarta\/","og_locale":"sv_SE","og_type":"article","og_title":"Sitemap - Sunglasses Supplier China & Eyewear Factory","og_description":"This Sitemap Let You More Clear When Review Our Website and Get the Sunglasses & Eyewear You need, We Will Always Be Behind You and Good Cooperative Sunglasses Manufacturer & Eyewear Supplier in China for Your Business.","og_url":"https:\/\/www.heappy.com\/sv\/webbplatskarta\/","og_site_name":"heappy.com","article_modified_time":"2022-08-26T10:24:05+00:00","twitter_card":"summary_large_image","twitter_misc":{"Ber\u00e4knad l\u00e4stid":"2 minuter"},"schema":{"@context":"https:\/\/schema.org","@graph":[{"@type":"WebPage","@id":"https:\/\/www.heappy.com\/site-map\/","url":"https:\/\/www.heappy.com\/site-map\/","name":"Webbplatskarta - Solglas\u00f6gonleverant\u00f6r Kina &amp; glas\u00f6gonfabrik","isPartOf":{"@id":"https:\/\/www.heappy.com\/#website"},"datePublished":"2019-01-08T01:48:21+00:00","dateModified":"2022-08-26T10:24:05+00:00","description":"Den h\u00e4r webbplatskartan l\u00e5ter dig vara tydligare n\u00e4r du granskar v\u00e5r webbplats och skaffar de solglas\u00f6gon och glas\u00f6gon du beh\u00f6ver, vi kommer alltid att st\u00e5 bakom dig och en bra samarbetsvillig solglas\u00f6gontillverkare och glas\u00f6gonleverant\u00f6r i Kina f\u00f6r ditt f\u00f6retag.","breadcrumb":{"@id":"https:\/\/www.heappy.com\/site-map\/#breadcrumb"},"inLanguage":"sv-SE","potentialAction":[{"@type":"ReadAction","target":["https:\/\/www.heappy.com\/site-map\/"]}]},{"@type":"BreadcrumbList","@id":"https:\/\/www.heappy.com\/site-map\/#breadcrumb","itemListElement":[{"@type":"ListItem","position":1,"name":"Home","item":"https:\/\/www.heappy.com\/"},{"@type":"ListItem","position":2,"name":"Site Map"}]},{"@type":"WebSite","@id":"https:\/\/www.heappy.com\/#website","url":"https:\/\/www.heappy.com\/","name":"heappy.com","description":"Glas\u00f6gontillverkare","potentialAction":[{"@type":"SearchAction","target":{"@type":"EntryPoint","urlTemplate":"https:\/\/www.heappy.com\/?s={search_term_string}"},"query-input":{"@type":"PropertyValueSpecification","valueRequired":true,"valueName":"search_term_string"}}],"inLanguage":"sv-SE"}]}},"_links":{"self":[{"href":"https:\/\/www.heappy.com\/sv\/wp-json\/wp\/v2\/pages\/73","targetHints":{"allow":["GET"]}}],"collection":[{"href":"https:\/\/www.heappy.com\/sv\/wp-json\/wp\/v2\/pages"}],"about":[{"href":"https:\/\/www.heappy.com\/sv\/wp-json\/wp\/v2\/types\/page"}],"author":[{"embeddable":true,"href":"https:\/\/www.heappy.com\/sv\/wp-json\/wp\/v2\/users\/1"}],"replies":[{"embeddable":true,"href":"https:\/\/www.heappy.com\/sv\/wp-json\/wp\/v2\/comments?post=73"}],"version-history":[{"count":6,"href":"https:\/\/www.heappy.com\/sv\/wp-json\/wp\/v2\/pages\/73\/revisions"}],"predecessor-version":[{"id":11413,"href":"https:\/\/www.heappy.com\/sv\/wp-json\/wp\/v2\/pages\/73\/revisions\/11413"}],"wp:attachment":[{"href":"https:\/\/www.heappy.com\/sv\/wp-json\/wp\/v2\/media?parent=73"}],"curies":[{"name":"wp","href":"https:\/\/api.w.org\/{rel}","templated":true}]}}