{"id":73,"date":"2019-01-08T01:48:21","date_gmt":"2019-01-08T01:48:21","guid":{"rendered":"https:\/\/www.heappy.com\/?page_id=73"},"modified":"2022-08-26T10:24:05","modified_gmt":"2022-08-26T10:24:05","slug":"harta-site-ului","status":"publish","type":"page","link":"https:\/\/www.heappy.com\/ro\/site-map\/","title":{"rendered":"Harta site-ului"},"content":{"rendered":"<div class=\"fusion-fullwidth fullwidth-box fusion-builder-row-1 nonhundred-percent-fullwidth non-hundred-percent-height-scrolling\" style=\"--awb-border-radius-top-left:0px;--awb-border-radius-top-right:0px;--awb-border-radius-bottom-right:0px;--awb-border-radius-bottom-left:0px;--awb-flex-wrap:wrap;\" ><div class=\"fusion-builder-row fusion-row\"><div class=\"fusion-layout-column fusion_builder_column fusion-builder-column-0 fusion_builder_column_1_2 1_2 fusion-one-half fusion-column-first\" style=\"--awb-bg-size:cover;width:50%;width:calc(50% - ( ( 4% ) * 0.5 ) );margin-right: 4%;\"><div class=\"fusion-column-wrapper fusion-flex-column-wrapper-legacy\"><div class=\"fusion-text fusion-text-1\"><p><a href=\"https:\/\/www.heappy.com\/ro\/\" target=\"_blank\" rel=\"noopener noreferrer\">Acas\u0103<\/a><\/p>\n<p><a href=\"https:\/\/www.heappy.com\/ro\/despre-noi\/\" target=\"_blank\" rel=\"noopener noreferrer\">Despre noi<\/a><\/p>\n<p><a href=\"https:\/\/www.heappy.com\/ro\/contactati-ne\/\" target=\"_blank\" rel=\"noopener noreferrer\">Contacta\u021bi-ne<\/a><\/p>\n<p><strong><a href=\"https:\/\/www.heappy.com\/ro\/resurse\/\" target=\"_blank\" rel=\"noopener noreferrer\">Resurse<\/a><\/strong><\/p>\n<\/div><div class=\"fusion-text fusion-text-2\"><p><strong><a href=\"https:\/\/www.heappy.com\/ro\/produs\/\" target=\"_blank\" rel=\"noopener noreferrer\">Produse<\/a><\/strong><\/p>\n<ul>\n<li class=\"p1\"><a href=\"https:\/\/www.heappy.com\/ro\/producator-de-ochelari-de-soare-din-china\/\" target=\"_blank\" rel=\"noopener noreferrer\"><span class=\"s1\">Ochelari de soare pentru femei + b\u0103rba\u021bi + copii<\/span><\/a><\/li>\n<li class=\"p1\"><a href=\"https:\/\/www.heappy.com\/ro\/furnizor-de-ochelari-de-soare-sport-china\/\" target=\"_blank\" rel=\"noopener noreferrer\"><span class=\"s1\">Ochelari de soare sport<\/span><\/a><\/li>\n<li class=\"p1\"><a href=\"https:\/\/www.heappy.com\/ro\/furnizor-de-ochelari-anti-lumina-albastra\/\" target=\"_blank\" rel=\"noopener noreferrer\"><span class=\"s1\">Ochelari \u00eempotriva luminii albastre<\/span><\/a><\/li>\n<li class=\"p1\"><a href=\"https:\/\/www.heappy.com\/ro\/producator-rame-de-ochelari\/\" target=\"_blank\" rel=\"noopener\"><span class=\"s1\">Rame de ochelari pentru copii \u0219i adul\u021bi<\/span><\/a><\/li>\n<li><a href=\"https:\/\/www.heappy.com\/ro\/en-gros-ochelari-de-schi\/\" target=\"_blank\" rel=\"noopener\">Ochelari de schi<\/a><\/li>\n<li><a href=\"https:\/\/www.heappy.com\/ro\/ochelari-de-protectie\/\" target=\"_blank\" rel=\"noopener\">Ochelari de protec\u021bie \/ Ochelari medicali<\/a><\/li>\n<\/ul>\n<\/div><div class=\"fusion-sep-clear\"><\/div><div class=\"fusion-separator fusion-full-width-sep\" style=\"margin-left: auto;margin-right: auto;margin-top:10px;margin-bottom:10px;width:100%;\"><\/div><div class=\"fusion-sep-clear\"><\/div><div class=\"fusion-text fusion-text-3\"><p><strong>Colec\u021bii<\/strong><\/p>\n<ul>\n<li class=\"p1\"><a href=\"https:\/\/www.heappy.com\/ro\/colectii-de-ochelari-de-soare-pentru-femei\/\" target=\"_blank\" rel=\"noopener noreferrer\"><span class=\"s1\">Colec\u021bii de ochelari de soare pentru femei<\/span><\/a><\/li>\n<li class=\"p1\"><a href=\"https:\/\/www.heappy.com\/ro\/colectii-de-ochelari-de-soare-pentru-barbati\/\" target=\"_blank\" rel=\"noopener noreferrer\"><span class=\"s1\">Colec\u021bii de ochelari de soare pentru b\u0103rba\u021bi<\/span><\/a><\/li>\n<li class=\"p1\"><a href=\"https:\/\/www.heappy.com\/ro\/colectii-de-ochelari-de-soare-pentru-copii\/\" target=\"_blank\" rel=\"noopener noreferrer\"><span class=\"s1\">Colec\u021bii de ochelari de soare pentru copii<\/span><\/a><\/li>\n<li class=\"p1\"><a href=\"https:\/\/www.heappy.com\/ro\/colectii-de-ochelari-de-soare-sport\/\" target=\"_blank\" rel=\"noopener noreferrer\"><span class=\"s1\">Colec\u021bii de ochelari de soare sport<\/span><\/a><\/li>\n<li class=\"p1\"><a href=\"https:\/\/www.heappy.com\/ro\/colectii-de-ochelari-optici-pentru-copii\/\" target=\"_blank\" rel=\"noopener noreferrer\"><span class=\"s1\">Colec\u021bii de ochelari optici pentru copii<\/span><\/a><\/li>\n<\/ul>\n<\/div><div class=\"fusion-clearfix\"><\/div><\/div><\/div><div class=\"fusion-layout-column fusion_builder_column fusion-builder-column-1 fusion_builder_column_1_2 1_2 fusion-one-half fusion-column-last\" style=\"--awb-bg-size:cover;width:50%;width:calc(50% - ( ( 4% ) * 0.5 ) );\"><div class=\"fusion-column-wrapper fusion-flex-column-wrapper-legacy\"><div class=\"fusion-text fusion-text-4\" style=\"--awb-text-transform:none;\"><p><strong>Serviciu<\/strong><\/p>\n<ul>\n<li><a href=\"https:\/\/www.heappy.com\/ro\/en-gros-ochelari-cu-lumina-albastra\/\" target=\"_blank\" rel=\"noopener noreferrer\">Ochelari cu ridicata pentru lumin\u0103 albastr\u0103<\/a><\/li>\n<li><a href=\"https:\/\/www.heappy.com\/ro\/ochelari-personalizati-cu-lumina-albastra\/\" target=\"_blank\" rel=\"noopener\">Ochelari personaliza\u021bi cu lumin\u0103 albastr\u0103<\/a><\/li>\n<\/ul>\n<ul>\n<li class=\"p1\"><a href=\"https:\/\/www.heappy.com\/ro\/fabrica-de-ochelari-din-china\/\" target=\"_blank\" rel=\"noopener\">Fabrica de ochelari<\/a><\/li>\n<li class=\"p1\"><a href=\"https:\/\/www.heappy.com\/ro\/en-gros-ochelari-de-vedere-china\/\" target=\"_blank\" rel=\"noopener noreferrer\"><span class=\"s1\">Ochelari de vedere cu ridicata<\/span><\/a><\/li>\n<\/ul>\n<ul>\n<li><a href=\"https:\/\/www.heappy.com\/ro\/rame-de-ochelari-en-gros\/\" target=\"_blank\" rel=\"noopener\">Rame de ochelari cu ridicata<\/a><\/li>\n<li><a href=\"https:\/\/www.heappy.com\/ro\/rame-de-ochelari-personalizate\/\" target=\"_blank\" rel=\"noopener\">Rame de ochelari personalizate<\/a><\/li>\n<\/ul>\n<\/div><div class=\"fusion-sep-clear\"><\/div><div class=\"fusion-separator fusion-full-width-sep\" style=\"margin-left: auto;margin-right: auto;width:100%;\"><div class=\"fusion-separator-border sep-single sep-solid\" style=\"--awb-height:20px;--awb-amount:20px;border-color:#e0dede;border-top-width:1px;\"><\/div><\/div><div class=\"fusion-sep-clear\"><\/div><div class=\"fusion-text fusion-text-5\" style=\"--awb-text-transform:none;\"><ul>\n<li><a href=\"https:\/\/www.heappy.com\/ro\/ochelari-de-soare-cu-ridicata-in-china\/\" target=\"_blank\" rel=\"noopener noreferrer\">Ochelari de soare cu ridicata<\/a><\/li>\n<li><a href=\"https:\/\/www.heappy.com\/ro\/producatori-de-ochelari-de-soare-personalizati-din-china\/\" target=\"_blank\" rel=\"noopener noreferrer\">Ochelari de soare \u0219i ochelari personaliza\u021bi<\/a><\/li>\n<\/ul>\n<ul>\n<li class=\"p1\"><a href=\"https:\/\/www.heappy.com\/ro\/en-gros-ochelari-de-soare-pentru-copii\/\" target=\"_blank\" rel=\"noopener\">Ochelari de soare cu ridicata pentru copii<\/a><\/li>\n<li class=\"p1\"><a href=\"https:\/\/www.heappy.com\/ro\/en-gros-ochelari-de-soare-pentru-femei\/\" target=\"_blank\" rel=\"noopener\">Ochelari de soare cu ridicata pentru femei<\/a><\/li>\n<li><a href=\"https:\/\/www.heappy.com\/ro\/en-gros-ochelari-de-soare-pentru-barbati\/\" target=\"_blank\" rel=\"noopener\">Ochelari de soare cu ridicata pentru b\u0103rba\u021bi<\/a><\/li>\n<\/ul>\n<ul>\n<li><a href=\"https:\/\/www.heappy.com\/ro\/en-gros-ochelari-de-soare-polarizati\/\" target=\"_blank\" rel=\"noopener\">Ochelari de soare polariza\u021bi cu ridicata<\/a><\/li>\n<li><a href=\"https:\/\/www.heappy.com\/ro\/ochelari-de-soare-polarizati-personalizati\/\" target=\"_blank\" rel=\"noopener\">Ochelari de soare polariza\u021bi personaliza\u021bi<\/a><\/li>\n<\/ul>\n<ul>\n<li><a href=\"https:\/\/www.heappy.com\/ro\/en-gros-ochelari-de-soare-aviator\/\" target=\"_blank\" rel=\"noopener\">Ochelari de soare Aviator cu ridicata<\/a><\/li>\n<li><a href=\"https:\/\/www.heappy.com\/ro\/ochelari-de-soare-de-aviator-personalizati\/\" target=\"_blank\" rel=\"noopener\">Ochelari de soare Aviator personaliza\u021bi<\/a><\/li>\n<\/ul>\n<ul>\n<li><a href=\"https:\/\/www.heappy.com\/ro\/en-gros-ochelari-de-soare-la-moda\/\" target=\"_blank\" rel=\"noopener\">Ochelari de soare de mod\u0103 cu ridicata<\/a><\/li>\n<li><a href=\"https:\/\/www.heappy.com\/ro\/en-gros-ochelari-de-soare-vintage\/\" target=\"_blank\" rel=\"noopener\">Ochelari de soare cu ridicata Vintage<\/a><\/li>\n<li><a href=\"https:\/\/www.heappy.com\/ro\/en-gros-ochelari-de-soare-de-designer\/\" target=\"_blank\" rel=\"noopener\">Ochelari de soare de designer cu ridicata<\/a><\/li>\n<li><a href=\"https:\/\/www.heappy.com\/ro\/en-gros-ochelari-de-soare-ochi-de-pisica\/\" target=\"_blank\" rel=\"noopener\">Ochelari de soare Cat Eye cu ridicata<\/a><\/li>\n<\/ul>\n<ul>\n<li><a href=\"https:\/\/www.heappy.com\/ro\/en-gros-ochelari-de-soare-din-plastic\/\" target=\"_blank\" rel=\"noopener\">Ochelari de soare din plastic cu ridicata<\/a><\/li>\n<li><a href=\"https:\/\/www.heappy.com\/ro\/ochelari-de-soare-personalizati-din-plastic\/\" target=\"_blank\" rel=\"noopener\">Ochelari de soare din plastic personaliza\u021bi<\/a><\/li>\n<\/ul>\n<ul>\n<li class=\"p1\"><a href=\"https:\/\/www.heappy.com\/ro\/producator-de-ochelari-de-soare-din-acetat\/\" target=\"_blank\" rel=\"noopener\">Produc\u0103tor de ochelari de soare din acetat<\/a><\/li>\n<li class=\"p1\"><a href=\"https:\/\/www.heappy.com\/ro\/en-gros-ochelari-de-soare-din-acetat\/\" target=\"_blank\" rel=\"noopener\">Ochelari de soare cu ridicata din acetat<\/a><\/li>\n<\/ul>\n<\/div><div class=\"fusion-sep-clear\"><\/div><div class=\"fusion-separator fusion-full-width-sep\" style=\"margin-left: auto;margin-right: auto;width:100%;\"><div class=\"fusion-separator-border sep-single sep-solid\" style=\"--awb-height:20px;--awb-amount:20px;border-color:#e0dede;border-top-width:1px;\"><\/div><\/div><div class=\"fusion-sep-clear\"><\/div><div class=\"fusion-text fusion-text-6\" style=\"--awb-text-transform:none;\"><ul>\n<li><a href=\"https:\/\/www.heappy.com\/ro\/en-gros-ochelari-de-schi\/\" target=\"_blank\" rel=\"noopener\">Ochelari de schi cu ridicata<\/a><\/li>\n<li class=\"p1\"><a href=\"https:\/\/www.heappy.com\/ro\/ochelari-de-schi-personalizati\/\" target=\"_blank\" rel=\"noopener\">Ochelari de schi personaliza\u021bi<\/a><\/li>\n<\/ul>\n<\/div><div class=\"fusion-clearfix\"><\/div><\/div><\/div><\/div><\/div>","protected":false},"excerpt":{"rendered":"","protected":false},"author":1,"featured_media":0,"parent":0,"menu_order":0,"comment_status":"closed","ping_status":"closed","template":"","meta":{"om_disable_all_campaigns":false,"_monsterinsights_skip_tracking":false,"_monsterinsights_sitenote_active":false,"_monsterinsights_sitenote_note":"","_monsterinsights_sitenote_category":0,"footnotes":""},"class_list":["post-73","page","type-page","status-publish","hentry"],"yoast_head":"<!-- This site is optimized with the Yoast SEO plugin v27.4 - https:\/\/yoast.com\/product\/yoast-seo-wordpress\/ -->\n<title>Sitemap - Sunglasses Supplier China &amp; Eyewear Factory<\/title>\n<meta name=\"description\" content=\"This Sitemap Let You More Clear When Review Our Website and Get the Sunglasses &amp; Eyewear You need, We Will Always Be Behind You and Good Cooperative Sunglasses Manufacturer &amp; Eyewear Supplier in China for Your Business.\" \/>\n<meta name=\"robots\" content=\"index, follow, max-snippet:-1, max-image-preview:large, max-video-preview:-1\" \/>\n<link rel=\"canonical\" href=\"https:\/\/www.heappy.com\/ro\/harta-site-ului\/\" \/>\n<meta property=\"og:locale\" content=\"ro_RO\" \/>\n<meta property=\"og:type\" content=\"article\" \/>\n<meta property=\"og:title\" content=\"Sitemap - Sunglasses Supplier China &amp; Eyewear Factory\" \/>\n<meta property=\"og:description\" content=\"This Sitemap Let You More Clear When Review Our Website and Get the Sunglasses &amp; Eyewear You need, We Will Always Be Behind You and Good Cooperative Sunglasses Manufacturer &amp; Eyewear Supplier in China for Your Business.\" \/>\n<meta property=\"og:url\" content=\"https:\/\/www.heappy.com\/ro\/harta-site-ului\/\" \/>\n<meta property=\"og:site_name\" content=\"heappy.com\" \/>\n<meta property=\"article:modified_time\" content=\"2022-08-26T10:24:05+00:00\" \/>\n<meta name=\"twitter:card\" content=\"summary_large_image\" \/>\n<meta name=\"twitter:label1\" content=\"Timp estimat pentru citire\" \/>\n\t<meta name=\"twitter:data1\" content=\"2 minute\" \/>\n<script type=\"application\/ld+json\" class=\"yoast-schema-graph\">{\"@context\":\"https:\\\/\\\/schema.org\",\"@graph\":[{\"@type\":\"WebPage\",\"@id\":\"https:\\\/\\\/www.heappy.com\\\/site-map\\\/\",\"url\":\"https:\\\/\\\/www.heappy.com\\\/site-map\\\/\",\"name\":\"Sitemap - Sunglasses Supplier China & Eyewear Factory\",\"isPartOf\":{\"@id\":\"https:\\\/\\\/www.heappy.com\\\/#website\"},\"datePublished\":\"2019-01-08T01:48:21+00:00\",\"dateModified\":\"2022-08-26T10:24:05+00:00\",\"description\":\"This Sitemap Let You More Clear When Review Our Website and Get the Sunglasses & Eyewear You need, We Will Always Be Behind You and Good Cooperative Sunglasses Manufacturer & Eyewear Supplier in China for Your Business.\",\"breadcrumb\":{\"@id\":\"https:\\\/\\\/www.heappy.com\\\/site-map\\\/#breadcrumb\"},\"inLanguage\":\"ro-RO\",\"potentialAction\":[{\"@type\":\"ReadAction\",\"target\":[\"https:\\\/\\\/www.heappy.com\\\/site-map\\\/\"]}]},{\"@type\":\"BreadcrumbList\",\"@id\":\"https:\\\/\\\/www.heappy.com\\\/site-map\\\/#breadcrumb\",\"itemListElement\":[{\"@type\":\"ListItem\",\"position\":1,\"name\":\"Home\",\"item\":\"https:\\\/\\\/www.heappy.com\\\/\"},{\"@type\":\"ListItem\",\"position\":2,\"name\":\"Site Map\"}]},{\"@type\":\"WebSite\",\"@id\":\"https:\\\/\\\/www.heappy.com\\\/#website\",\"url\":\"https:\\\/\\\/www.heappy.com\\\/\",\"name\":\"heappy.com\",\"description\":\"Eyewear Manufacturer\",\"potentialAction\":[{\"@type\":\"SearchAction\",\"target\":{\"@type\":\"EntryPoint\",\"urlTemplate\":\"https:\\\/\\\/www.heappy.com\\\/?s={search_term_string}\"},\"query-input\":{\"@type\":\"PropertyValueSpecification\",\"valueRequired\":true,\"valueName\":\"search_term_string\"}}],\"inLanguage\":\"ro-RO\"}]}<\/script>\n<!-- \/ Yoast SEO plugin. -->","yoast_head_json":{"title":"Harta site-ului - Furnizor de ochelari de soare China &amp; Fabrica de ochelari","description":"Aceast\u0103 hart\u0103 a site-ului v\u0103 ofer\u0103 mai mult\u0103 claritate atunci c\u00e2nd examina\u021bi site-ul nostru web \u0219i ob\u021bine\u021bi ochelarii de soare \u0219i ochelarii de care ave\u021bi nevoie, vom fi \u00eentotdeauna \u00een spatele dvs. \u0219i un bun produc\u0103tor de ochelari de soare \u0219i furnizor de ochelari din China pentru afacerea dvs.","robots":{"index":"index","follow":"follow","max-snippet":"max-snippet:-1","max-image-preview":"max-image-preview:large","max-video-preview":"max-video-preview:-1"},"canonical":"https:\/\/www.heappy.com\/ro\/harta-site-ului\/","og_locale":"ro_RO","og_type":"article","og_title":"Sitemap - Sunglasses Supplier China & Eyewear Factory","og_description":"This Sitemap Let You More Clear When Review Our Website and Get the Sunglasses & Eyewear You need, We Will Always Be Behind You and Good Cooperative Sunglasses Manufacturer & Eyewear Supplier in China for Your Business.","og_url":"https:\/\/www.heappy.com\/ro\/harta-site-ului\/","og_site_name":"heappy.com","article_modified_time":"2022-08-26T10:24:05+00:00","twitter_card":"summary_large_image","twitter_misc":{"Timp estimat pentru citire":"2 minute"},"schema":{"@context":"https:\/\/schema.org","@graph":[{"@type":"WebPage","@id":"https:\/\/www.heappy.com\/site-map\/","url":"https:\/\/www.heappy.com\/site-map\/","name":"Harta site-ului - Furnizor de ochelari de soare China &amp; Fabrica de ochelari","isPartOf":{"@id":"https:\/\/www.heappy.com\/#website"},"datePublished":"2019-01-08T01:48:21+00:00","dateModified":"2022-08-26T10:24:05+00:00","description":"Aceast\u0103 hart\u0103 a site-ului v\u0103 ofer\u0103 mai mult\u0103 claritate atunci c\u00e2nd examina\u021bi site-ul nostru web \u0219i ob\u021bine\u021bi ochelarii de soare \u0219i ochelarii de care ave\u021bi nevoie, vom fi \u00eentotdeauna \u00een spatele dvs. \u0219i un bun produc\u0103tor de ochelari de soare \u0219i furnizor de ochelari din China pentru afacerea dvs.","breadcrumb":{"@id":"https:\/\/www.heappy.com\/site-map\/#breadcrumb"},"inLanguage":"ro-RO","potentialAction":[{"@type":"ReadAction","target":["https:\/\/www.heappy.com\/site-map\/"]}]},{"@type":"BreadcrumbList","@id":"https:\/\/www.heappy.com\/site-map\/#breadcrumb","itemListElement":[{"@type":"ListItem","position":1,"name":"Home","item":"https:\/\/www.heappy.com\/"},{"@type":"ListItem","position":2,"name":"Site Map"}]},{"@type":"WebSite","@id":"https:\/\/www.heappy.com\/#website","url":"https:\/\/www.heappy.com\/","name":"heappy.com","description":"Producator de ochelari","potentialAction":[{"@type":"SearchAction","target":{"@type":"EntryPoint","urlTemplate":"https:\/\/www.heappy.com\/?s={search_term_string}"},"query-input":{"@type":"PropertyValueSpecification","valueRequired":true,"valueName":"search_term_string"}}],"inLanguage":"ro-RO"}]}},"_links":{"self":[{"href":"https:\/\/www.heappy.com\/ro\/wp-json\/wp\/v2\/pages\/73","targetHints":{"allow":["GET"]}}],"collection":[{"href":"https:\/\/www.heappy.com\/ro\/wp-json\/wp\/v2\/pages"}],"about":[{"href":"https:\/\/www.heappy.com\/ro\/wp-json\/wp\/v2\/types\/page"}],"author":[{"embeddable":true,"href":"https:\/\/www.heappy.com\/ro\/wp-json\/wp\/v2\/users\/1"}],"replies":[{"embeddable":true,"href":"https:\/\/www.heappy.com\/ro\/wp-json\/wp\/v2\/comments?post=73"}],"version-history":[{"count":6,"href":"https:\/\/www.heappy.com\/ro\/wp-json\/wp\/v2\/pages\/73\/revisions"}],"predecessor-version":[{"id":11413,"href":"https:\/\/www.heappy.com\/ro\/wp-json\/wp\/v2\/pages\/73\/revisions\/11413"}],"wp:attachment":[{"href":"https:\/\/www.heappy.com\/ro\/wp-json\/wp\/v2\/media?parent=73"}],"curies":[{"name":"wp","href":"https:\/\/api.w.org\/{rel}","templated":true}]}}