{"id":73,"date":"2019-01-08T01:48:21","date_gmt":"2019-01-08T01:48:21","guid":{"rendered":"https:\/\/www.heappy.com\/?page_id=73"},"modified":"2022-08-26T10:24:05","modified_gmt":"2022-08-26T10:24:05","slug":"mapa-do-site","status":"publish","type":"page","link":"https:\/\/www.heappy.com\/pt\/site-map\/","title":{"rendered":"Mapa do site"},"content":{"rendered":"<div class=\"fusion-fullwidth fullwidth-box fusion-builder-row-1 nonhundred-percent-fullwidth non-hundred-percent-height-scrolling\" style=\"--awb-border-radius-top-left:0px;--awb-border-radius-top-right:0px;--awb-border-radius-bottom-right:0px;--awb-border-radius-bottom-left:0px;--awb-flex-wrap:wrap;\" ><div class=\"fusion-builder-row fusion-row\"><div class=\"fusion-layout-column fusion_builder_column fusion-builder-column-0 fusion_builder_column_1_2 1_2 fusion-one-half fusion-column-first\" style=\"--awb-bg-size:cover;width:50%;width:calc(50% - ( ( 4% ) * 0.5 ) );margin-right: 4%;\"><div class=\"fusion-column-wrapper fusion-flex-column-wrapper-legacy\"><div class=\"fusion-text fusion-text-1\"><p><a href=\"https:\/\/www.heappy.com\/pt\/\" target=\"_blank\" rel=\"noopener noreferrer\">Lar<\/a><\/p>\n<p><a href=\"https:\/\/www.heappy.com\/pt\/sobre-nos\/\" target=\"_blank\" rel=\"noopener noreferrer\">Sobre n\u00f3s<\/a><\/p>\n<p><a href=\"https:\/\/www.heappy.com\/pt\/contate-nos\/\" target=\"_blank\" rel=\"noopener noreferrer\">Contate-nos<\/a><\/p>\n<p><strong><a href=\"https:\/\/www.heappy.com\/pt\/recursos\/\" target=\"_blank\" rel=\"noopener noreferrer\">Recursos<\/a><\/strong><\/p>\n<\/div><div class=\"fusion-text fusion-text-2\"><p><strong><a href=\"https:\/\/www.heappy.com\/pt\/produto\/\" target=\"_blank\" rel=\"noopener noreferrer\">Produtos<\/a><\/strong><\/p>\n<ul>\n<li class=\"p1\"><a href=\"https:\/\/www.heappy.com\/pt\/fabricante-de-oculos-de-sol-na-china\/\" target=\"_blank\" rel=\"noopener noreferrer\"><span class=\"s1\">\u00d3culos de sol femininos + masculinos + infantis<\/span><\/a><\/li>\n<li class=\"p1\"><a href=\"https:\/\/www.heappy.com\/pt\/fornecedor-de-oculos-de-sol-esportivos-da-china\/\" target=\"_blank\" rel=\"noopener noreferrer\"><span class=\"s1\">\u00d3culos de sol esportivos<\/span><\/a><\/li>\n<li class=\"p1\"><a href=\"https:\/\/www.heappy.com\/pt\/fornecedor-de-oculos-anti-luz-azul\/\" target=\"_blank\" rel=\"noopener noreferrer\"><span class=\"s1\">\u00d3culos anti-luz azul<\/span><\/a><\/li>\n<li class=\"p1\"><a href=\"https:\/\/www.heappy.com\/pt\/fabricante-de-armacoes-de-oculos\/\" target=\"_blank\" rel=\"noopener\"><span class=\"s1\">Arma\u00e7\u00f5es de \u00f3culos infantis e adultos<\/span><\/a><\/li>\n<li><a href=\"https:\/\/www.heappy.com\/pt\/oculos-de-esqui-por-atacado\/\" target=\"_blank\" rel=\"noopener\">\u00d3culos de esqui<\/a><\/li>\n<li><a href=\"https:\/\/www.heappy.com\/pt\/oculos-de-seguranca\/\" target=\"_blank\" rel=\"noopener\">\u00d3culos de seguran\u00e7a \/ \u00d3culos m\u00e9dicos<\/a><\/li>\n<\/ul>\n<\/div><div class=\"fusion-sep-clear\"><\/div><div class=\"fusion-separator fusion-full-width-sep\" style=\"margin-left: auto;margin-right: auto;margin-top:10px;margin-bottom:10px;width:100%;\"><\/div><div class=\"fusion-sep-clear\"><\/div><div class=\"fusion-text fusion-text-3\"><p><strong>Cole\u00e7\u00f5es<\/strong><\/p>\n<ul>\n<li class=\"p1\"><a href=\"https:\/\/www.heappy.com\/pt\/colecoes-de-oculos-de-sol-femininos\/\" target=\"_blank\" rel=\"noopener noreferrer\"><span class=\"s1\">Cole\u00e7\u00f5es de \u00f3culos de sol femininos<\/span><\/a><\/li>\n<li class=\"p1\"><a href=\"https:\/\/www.heappy.com\/pt\/colecoes-de-oculos-de-sol-masculinos\/\" target=\"_blank\" rel=\"noopener noreferrer\"><span class=\"s1\">Cole\u00e7\u00f5es de \u00f3culos de sol masculinos<\/span><\/a><\/li>\n<li class=\"p1\"><a href=\"https:\/\/www.heappy.com\/pt\/colecoes-de-oculos-de-sol-infantis\/\" target=\"_blank\" rel=\"noopener noreferrer\"><span class=\"s1\">Cole\u00e7\u00f5es de \u00f3culos de sol infantis<\/span><\/a><\/li>\n<li class=\"p1\"><a href=\"https:\/\/www.heappy.com\/pt\/colecoes-de-oculos-de-sol-esportivos\/\" target=\"_blank\" rel=\"noopener noreferrer\"><span class=\"s1\">Cole\u00e7\u00f5es de \u00f3culos de sol esportivos<\/span><\/a><\/li>\n<li class=\"p1\"><a href=\"https:\/\/www.heappy.com\/pt\/colecoes-de-oculos-opticos-infantis\/\" target=\"_blank\" rel=\"noopener noreferrer\"><span class=\"s1\">Cole\u00e7\u00f5es de \u00f3culos de grau infantis<\/span><\/a><\/li>\n<\/ul>\n<\/div><div class=\"fusion-clearfix\"><\/div><\/div><\/div><div class=\"fusion-layout-column fusion_builder_column fusion-builder-column-1 fusion_builder_column_1_2 1_2 fusion-one-half fusion-column-last\" style=\"--awb-bg-size:cover;width:50%;width:calc(50% - ( ( 4% ) * 0.5 ) );\"><div class=\"fusion-column-wrapper fusion-flex-column-wrapper-legacy\"><div class=\"fusion-text fusion-text-4\" style=\"--awb-text-transform:none;\"><p><strong>Servi\u00e7o<\/strong><\/p>\n<ul>\n<li><a href=\"https:\/\/www.heappy.com\/pt\/oculos-de-luz-azul-por-atacado\/\" target=\"_blank\" rel=\"noopener noreferrer\">\u00d3culos de luz azul por atacado<\/a><\/li>\n<li><a href=\"https:\/\/www.heappy.com\/pt\/oculos-de-luz-azul-personalizados\/\" target=\"_blank\" rel=\"noopener\">\u00d3culos de luz azul personalizados<\/a><\/li>\n<\/ul>\n<ul>\n<li class=\"p1\"><a href=\"https:\/\/www.heappy.com\/pt\/fabrica-de-oculos-da-china\/\" target=\"_blank\" rel=\"noopener\">F\u00e1brica de \u00d3culos<\/a><\/li>\n<li class=\"p1\"><a href=\"https:\/\/www.heappy.com\/pt\/oculos-de-grau-atacado-china\/\" target=\"_blank\" rel=\"noopener noreferrer\"><span class=\"s1\">\u00d3culos de grau por atacado<\/span><\/a><\/li>\n<\/ul>\n<ul>\n<li><a href=\"https:\/\/www.heappy.com\/pt\/armacoes-de-oculos-por-atacado\/\" target=\"_blank\" rel=\"noopener\">Arma\u00e7\u00f5es de \u00f3culos por atacado<\/a><\/li>\n<li><a href=\"https:\/\/www.heappy.com\/pt\/armacoes-de-oculos-personalizadas\/\" target=\"_blank\" rel=\"noopener\">Arma\u00e7\u00f5es de \u00f3culos personalizadas<\/a><\/li>\n<\/ul>\n<\/div><div class=\"fusion-sep-clear\"><\/div><div class=\"fusion-separator fusion-full-width-sep\" style=\"margin-left: auto;margin-right: auto;width:100%;\"><div class=\"fusion-separator-border sep-single sep-solid\" style=\"--awb-height:20px;--awb-amount:20px;border-color:#e0dede;border-top-width:1px;\"><\/div><\/div><div class=\"fusion-sep-clear\"><\/div><div class=\"fusion-text fusion-text-5\" style=\"--awb-text-transform:none;\"><ul>\n<li><a href=\"https:\/\/www.heappy.com\/pt\/oculos-de-sol-por-atacado-na-china\/\" target=\"_blank\" rel=\"noopener noreferrer\">\u00d3culos de sol por atacado<\/a><\/li>\n<li><a href=\"https:\/\/www.heappy.com\/pt\/fabricantes-de-oculos-de-sol-personalizados-da-china\/\" target=\"_blank\" rel=\"noopener noreferrer\">\u00d3culos de sol e \u00f3culos personalizados<\/a><\/li>\n<\/ul>\n<ul>\n<li class=\"p1\"><a href=\"https:\/\/www.heappy.com\/pt\/oculos-de-sol-infantis-por-atacado\/\" target=\"_blank\" rel=\"noopener\">\u00d3culos de sol infantis por atacado<\/a><\/li>\n<li class=\"p1\"><a href=\"https:\/\/www.heappy.com\/pt\/oculos-de-sol-femininos-por-atacado\/\" target=\"_blank\" rel=\"noopener\">\u00d3culos de sol femininos por atacado<\/a><\/li>\n<li><a href=\"https:\/\/www.heappy.com\/pt\/oculos-de-sol-masculinos-por-atacado\/\" target=\"_blank\" rel=\"noopener\">\u00d3culos de sol masculinos por atacado<\/a><\/li>\n<\/ul>\n<ul>\n<li><a href=\"https:\/\/www.heappy.com\/pt\/oculos-de-sol-polarizados-por-atacado\/\" target=\"_blank\" rel=\"noopener\">\u00d3culos de sol polarizados por atacado<\/a><\/li>\n<li><a href=\"https:\/\/www.heappy.com\/pt\/oculos-de-sol-polarizados-personalizados\/\" target=\"_blank\" rel=\"noopener\">\u00d3culos de sol polarizados personalizados<\/a><\/li>\n<\/ul>\n<ul>\n<li><a href=\"https:\/\/www.heappy.com\/pt\/oculos-de-sol-aviador-por-atacado\/\" target=\"_blank\" rel=\"noopener\">\u00d3culos de sol aviador por atacado<\/a><\/li>\n<li><a href=\"https:\/\/www.heappy.com\/pt\/oculos-de-sol-aviador-personalizados\/\" target=\"_blank\" rel=\"noopener\">\u00d3culos de sol aviador personalizados<\/a><\/li>\n<\/ul>\n<ul>\n<li><a href=\"https:\/\/www.heappy.com\/pt\/oculos-de-sol-da-moda-por-atacado\/\" target=\"_blank\" rel=\"noopener\">\u00d3culos de sol da moda por atacado<\/a><\/li>\n<li><a href=\"https:\/\/www.heappy.com\/pt\/oculos-de-sol-vintage-por-atacado\/\" target=\"_blank\" rel=\"noopener\">\u00d3culos de sol vintage por atacado<\/a><\/li>\n<li><a href=\"https:\/\/www.heappy.com\/pt\/oculos-de-sol-de-grife-por-atacado\/\" target=\"_blank\" rel=\"noopener\">\u00d3culos de sol de grife por atacado<\/a><\/li>\n<li><a href=\"https:\/\/www.heappy.com\/pt\/oculos-de-sol-estilo-olho-de-gato-por-atacado\/\" target=\"_blank\" rel=\"noopener\">\u00d3culos de sol estilo olho de gato por atacado<\/a><\/li>\n<\/ul>\n<ul>\n<li><a href=\"https:\/\/www.heappy.com\/pt\/oculos-de-sol-de-plastico-por-atacado\/\" target=\"_blank\" rel=\"noopener\">\u00d3culos de sol de pl\u00e1stico por atacado<\/a><\/li>\n<li><a href=\"https:\/\/www.heappy.com\/pt\/oculos-de-sol-de-plastico-personalizados\/\" target=\"_blank\" rel=\"noopener\">\u00d3culos de sol de pl\u00e1stico personalizados<\/a><\/li>\n<\/ul>\n<ul>\n<li class=\"p1\"><a href=\"https:\/\/www.heappy.com\/pt\/fabricante-de-oculos-de-sol-de-acetato\/\" target=\"_blank\" rel=\"noopener\">Fabricante de \u00f3culos de sol de acetato<\/a><\/li>\n<li class=\"p1\"><a href=\"https:\/\/www.heappy.com\/pt\/oculos-de-sol-de-acetato-por-atacado\/\" target=\"_blank\" rel=\"noopener\">\u00d3culos de sol de acetato por atacado<\/a><\/li>\n<\/ul>\n<\/div><div class=\"fusion-sep-clear\"><\/div><div class=\"fusion-separator fusion-full-width-sep\" style=\"margin-left: auto;margin-right: auto;width:100%;\"><div class=\"fusion-separator-border sep-single sep-solid\" style=\"--awb-height:20px;--awb-amount:20px;border-color:#e0dede;border-top-width:1px;\"><\/div><\/div><div class=\"fusion-sep-clear\"><\/div><div class=\"fusion-text fusion-text-6\" style=\"--awb-text-transform:none;\"><ul>\n<li><a href=\"https:\/\/www.heappy.com\/pt\/oculos-de-esqui-por-atacado\/\" target=\"_blank\" rel=\"noopener\">\u00d3culos de esqui no atacado<\/a><\/li>\n<li class=\"p1\"><a href=\"https:\/\/www.heappy.com\/pt\/oculos-de-esqui-personalizados\/\" target=\"_blank\" rel=\"noopener\">\u00d3culos de esqui personalizados<\/a><\/li>\n<\/ul>\n<\/div><div class=\"fusion-clearfix\"><\/div><\/div><\/div><\/div><\/div>","protected":false},"excerpt":{"rendered":"","protected":false},"author":1,"featured_media":0,"parent":0,"menu_order":0,"comment_status":"closed","ping_status":"closed","template":"","meta":{"om_disable_all_campaigns":false,"_monsterinsights_skip_tracking":false,"_monsterinsights_sitenote_active":false,"_monsterinsights_sitenote_note":"","_monsterinsights_sitenote_category":0,"footnotes":""},"class_list":["post-73","page","type-page","status-publish","hentry"],"yoast_head":"<!-- This site is optimized with the Yoast SEO plugin v27.4 - https:\/\/yoast.com\/product\/yoast-seo-wordpress\/ -->\n<title>Sitemap - Sunglasses Supplier China &amp; Eyewear Factory<\/title>\n<meta name=\"description\" content=\"This Sitemap Let You More Clear When Review Our Website and Get the Sunglasses &amp; Eyewear You need, We Will Always Be Behind You and Good Cooperative Sunglasses Manufacturer &amp; Eyewear Supplier in China for Your Business.\" \/>\n<meta name=\"robots\" content=\"index, follow, max-snippet:-1, max-image-preview:large, max-video-preview:-1\" \/>\n<link rel=\"canonical\" href=\"https:\/\/www.heappy.com\/pt\/mapa-do-site\/\" \/>\n<meta property=\"og:locale\" content=\"pt_PT\" \/>\n<meta property=\"og:type\" content=\"article\" \/>\n<meta property=\"og:title\" content=\"Sitemap - Sunglasses Supplier China &amp; Eyewear Factory\" \/>\n<meta property=\"og:description\" content=\"This Sitemap Let You More Clear When Review Our Website and Get the Sunglasses &amp; Eyewear You need, We Will Always Be Behind You and Good Cooperative Sunglasses Manufacturer &amp; Eyewear Supplier in China for Your Business.\" \/>\n<meta property=\"og:url\" content=\"https:\/\/www.heappy.com\/pt\/mapa-do-site\/\" \/>\n<meta property=\"og:site_name\" content=\"heappy.com\" \/>\n<meta property=\"article:modified_time\" content=\"2022-08-26T10:24:05+00:00\" \/>\n<meta name=\"twitter:card\" content=\"summary_large_image\" \/>\n<meta name=\"twitter:label1\" content=\"Tempo estimado de leitura\" \/>\n\t<meta name=\"twitter:data1\" content=\"2 minutos\" \/>\n<script type=\"application\/ld+json\" class=\"yoast-schema-graph\">{\"@context\":\"https:\\\/\\\/schema.org\",\"@graph\":[{\"@type\":\"WebPage\",\"@id\":\"https:\\\/\\\/www.heappy.com\\\/site-map\\\/\",\"url\":\"https:\\\/\\\/www.heappy.com\\\/site-map\\\/\",\"name\":\"Sitemap - Sunglasses Supplier China & Eyewear Factory\",\"isPartOf\":{\"@id\":\"https:\\\/\\\/www.heappy.com\\\/#website\"},\"datePublished\":\"2019-01-08T01:48:21+00:00\",\"dateModified\":\"2022-08-26T10:24:05+00:00\",\"description\":\"This Sitemap Let You More Clear When Review Our Website and Get the Sunglasses & Eyewear You need, We Will Always Be Behind You and Good Cooperative Sunglasses Manufacturer & Eyewear Supplier in China for Your Business.\",\"breadcrumb\":{\"@id\":\"https:\\\/\\\/www.heappy.com\\\/site-map\\\/#breadcrumb\"},\"inLanguage\":\"pt-PT\",\"potentialAction\":[{\"@type\":\"ReadAction\",\"target\":[\"https:\\\/\\\/www.heappy.com\\\/site-map\\\/\"]}]},{\"@type\":\"BreadcrumbList\",\"@id\":\"https:\\\/\\\/www.heappy.com\\\/site-map\\\/#breadcrumb\",\"itemListElement\":[{\"@type\":\"ListItem\",\"position\":1,\"name\":\"Home\",\"item\":\"https:\\\/\\\/www.heappy.com\\\/\"},{\"@type\":\"ListItem\",\"position\":2,\"name\":\"Site Map\"}]},{\"@type\":\"WebSite\",\"@id\":\"https:\\\/\\\/www.heappy.com\\\/#website\",\"url\":\"https:\\\/\\\/www.heappy.com\\\/\",\"name\":\"heappy.com\",\"description\":\"Eyewear Manufacturer\",\"potentialAction\":[{\"@type\":\"SearchAction\",\"target\":{\"@type\":\"EntryPoint\",\"urlTemplate\":\"https:\\\/\\\/www.heappy.com\\\/?s={search_term_string}\"},\"query-input\":{\"@type\":\"PropertyValueSpecification\",\"valueRequired\":true,\"valueName\":\"search_term_string\"}}],\"inLanguage\":\"pt-PT\"}]}<\/script>\n<!-- \/ Yoast SEO plugin. -->","yoast_head_json":{"title":"Mapa do site - Fornecedor de \u00f3culos de sol da China e f\u00e1brica de \u00f3culos","description":"Este mapa do site permite que voc\u00ea tenha mais clareza ao analisar nosso site e obter os \u00f3culos de sol e \u00f3culos de que precisa. Estaremos sempre com voc\u00ea e seremos um bom fabricante cooperativo de \u00f3culos de sol e fornecedor de \u00f3culos na China para o seu neg\u00f3cio.","robots":{"index":"index","follow":"follow","max-snippet":"max-snippet:-1","max-image-preview":"max-image-preview:large","max-video-preview":"max-video-preview:-1"},"canonical":"https:\/\/www.heappy.com\/pt\/mapa-do-site\/","og_locale":"pt_PT","og_type":"article","og_title":"Sitemap - Sunglasses Supplier China & Eyewear Factory","og_description":"This Sitemap Let You More Clear When Review Our Website and Get the Sunglasses & Eyewear You need, We Will Always Be Behind You and Good Cooperative Sunglasses Manufacturer & Eyewear Supplier in China for Your Business.","og_url":"https:\/\/www.heappy.com\/pt\/mapa-do-site\/","og_site_name":"heappy.com","article_modified_time":"2022-08-26T10:24:05+00:00","twitter_card":"summary_large_image","twitter_misc":{"Tempo estimado de leitura":"2 minutos"},"schema":{"@context":"https:\/\/schema.org","@graph":[{"@type":"WebPage","@id":"https:\/\/www.heappy.com\/site-map\/","url":"https:\/\/www.heappy.com\/site-map\/","name":"Mapa do site - Fornecedor de \u00f3culos de sol da China e f\u00e1brica de \u00f3culos","isPartOf":{"@id":"https:\/\/www.heappy.com\/#website"},"datePublished":"2019-01-08T01:48:21+00:00","dateModified":"2022-08-26T10:24:05+00:00","description":"Este mapa do site permite que voc\u00ea tenha mais clareza ao analisar nosso site e obter os \u00f3culos de sol e \u00f3culos de que precisa. Estaremos sempre com voc\u00ea e seremos um bom fabricante cooperativo de \u00f3culos de sol e fornecedor de \u00f3culos na China para o seu neg\u00f3cio.","breadcrumb":{"@id":"https:\/\/www.heappy.com\/site-map\/#breadcrumb"},"inLanguage":"pt-PT","potentialAction":[{"@type":"ReadAction","target":["https:\/\/www.heappy.com\/site-map\/"]}]},{"@type":"BreadcrumbList","@id":"https:\/\/www.heappy.com\/site-map\/#breadcrumb","itemListElement":[{"@type":"ListItem","position":1,"name":"Home","item":"https:\/\/www.heappy.com\/"},{"@type":"ListItem","position":2,"name":"Site Map"}]},{"@type":"WebSite","@id":"https:\/\/www.heappy.com\/#website","url":"https:\/\/www.heappy.com\/","name":"heappy.com","description":"Fabricante de \u00f3culos","potentialAction":[{"@type":"SearchAction","target":{"@type":"EntryPoint","urlTemplate":"https:\/\/www.heappy.com\/?s={search_term_string}"},"query-input":{"@type":"PropertyValueSpecification","valueRequired":true,"valueName":"search_term_string"}}],"inLanguage":"pt-PT"}]}},"_links":{"self":[{"href":"https:\/\/www.heappy.com\/pt\/wp-json\/wp\/v2\/pages\/73","targetHints":{"allow":["GET"]}}],"collection":[{"href":"https:\/\/www.heappy.com\/pt\/wp-json\/wp\/v2\/pages"}],"about":[{"href":"https:\/\/www.heappy.com\/pt\/wp-json\/wp\/v2\/types\/page"}],"author":[{"embeddable":true,"href":"https:\/\/www.heappy.com\/pt\/wp-json\/wp\/v2\/users\/1"}],"replies":[{"embeddable":true,"href":"https:\/\/www.heappy.com\/pt\/wp-json\/wp\/v2\/comments?post=73"}],"version-history":[{"count":6,"href":"https:\/\/www.heappy.com\/pt\/wp-json\/wp\/v2\/pages\/73\/revisions"}],"predecessor-version":[{"id":11413,"href":"https:\/\/www.heappy.com\/pt\/wp-json\/wp\/v2\/pages\/73\/revisions\/11413"}],"wp:attachment":[{"href":"https:\/\/www.heappy.com\/pt\/wp-json\/wp\/v2\/media?parent=73"}],"curies":[{"name":"wp","href":"https:\/\/api.w.org\/{rel}","templated":true}]}}