{"id":73,"date":"2019-01-08T01:48:21","date_gmt":"2019-01-08T01:48:21","guid":{"rendered":"https:\/\/www.heappy.com\/?page_id=73"},"modified":"2022-08-26T10:24:05","modified_gmt":"2022-08-26T10:24:05","slug":"oldalterkep","status":"publish","type":"page","link":"https:\/\/www.heappy.com\/hu\/site-map\/","title":{"rendered":"Oldalt\u00e9rk\u00e9p"},"content":{"rendered":"<div class=\"fusion-fullwidth fullwidth-box fusion-builder-row-1 nonhundred-percent-fullwidth non-hundred-percent-height-scrolling\" style=\"--awb-border-radius-top-left:0px;--awb-border-radius-top-right:0px;--awb-border-radius-bottom-right:0px;--awb-border-radius-bottom-left:0px;--awb-flex-wrap:wrap;\" ><div class=\"fusion-builder-row fusion-row\"><div class=\"fusion-layout-column fusion_builder_column fusion-builder-column-0 fusion_builder_column_1_2 1_2 fusion-one-half fusion-column-first\" style=\"--awb-bg-size:cover;width:50%;width:calc(50% - ( ( 4% ) * 0.5 ) );margin-right: 4%;\"><div class=\"fusion-column-wrapper fusion-flex-column-wrapper-legacy\"><div class=\"fusion-text fusion-text-1\"><p><a href=\"https:\/\/www.heappy.com\/hu\/\" target=\"_blank\" rel=\"noopener noreferrer\">Otthon<\/a><\/p>\n<p><a href=\"https:\/\/www.heappy.com\/hu\/rolunk\/\" target=\"_blank\" rel=\"noopener noreferrer\">R\u00f3lunk<\/a><\/p>\n<p><a href=\"https:\/\/www.heappy.com\/hu\/lepjen-kapcsolatba-velunk\/\" target=\"_blank\" rel=\"noopener noreferrer\">L\u00e9pjen kapcsolatba vel\u00fcnk<\/a><\/p>\n<p><strong><a href=\"https:\/\/www.heappy.com\/hu\/eroforras\/\" target=\"_blank\" rel=\"noopener noreferrer\">Er\u0151forr\u00e1s<\/a><\/strong><\/p>\n<\/div><div class=\"fusion-text fusion-text-2\"><p><strong><a href=\"https:\/\/www.heappy.com\/hu\/termek\/\" target=\"_blank\" rel=\"noopener noreferrer\">Term\u00e9kek<\/a><\/strong><\/p>\n<ul>\n<li class=\"p1\"><a href=\"https:\/\/www.heappy.com\/hu\/napszemuveg-gyarto-kinaban\/\" target=\"_blank\" rel=\"noopener noreferrer\"><span class=\"s1\">N\u0151i + F\u00e9rfi + Gyerek Napszem\u00fcveg<\/span><\/a><\/li>\n<li class=\"p1\"><a href=\"https:\/\/www.heappy.com\/hu\/sport-napszemuveg-beszallito-kinaban\/\" target=\"_blank\" rel=\"noopener noreferrer\"><span class=\"s1\">Sport napszem\u00fcveg<\/span><\/a><\/li>\n<li class=\"p1\"><a href=\"https:\/\/www.heappy.com\/hu\/kek-feny-elleni-szemuveg-szallitoja\/\" target=\"_blank\" rel=\"noopener noreferrer\"><span class=\"s1\">Anti Blue Light szem\u00fcveg<\/span><\/a><\/li>\n<li class=\"p1\"><a href=\"https:\/\/www.heappy.com\/hu\/szemuvegkeret-gyarto\/\" target=\"_blank\" rel=\"noopener\"><span class=\"s1\">Gyermek \u00e9s feln\u0151tt szem\u00fcvegkeretek<\/span><\/a><\/li>\n<li><a href=\"https:\/\/www.heappy.com\/hu\/siszemuvegek-nagykereskedelme\/\" target=\"_blank\" rel=\"noopener\">S\u00edszem\u00fcveg<\/a><\/li>\n<li><a href=\"https:\/\/www.heappy.com\/hu\/vedoszemuveg\/\" target=\"_blank\" rel=\"noopener\">V\u00e9d\u0151szem\u00fcveg \/ Orvosi v\u00e9d\u0151szem\u00fcveg<\/a><\/li>\n<\/ul>\n<\/div><div class=\"fusion-sep-clear\"><\/div><div class=\"fusion-separator fusion-full-width-sep\" style=\"margin-left: auto;margin-right: auto;margin-top:10px;margin-bottom:10px;width:100%;\"><\/div><div class=\"fusion-sep-clear\"><\/div><div class=\"fusion-text fusion-text-3\"><p><strong>Gy\u0171jtem\u00e9nyek<\/strong><\/p>\n<ul>\n<li class=\"p1\"><a href=\"https:\/\/www.heappy.com\/hu\/noi-napszemuveg-kollekcio\/\" target=\"_blank\" rel=\"noopener noreferrer\"><span class=\"s1\">N\u0151i napszem\u00fcveg kollekci\u00f3k<\/span><\/a><\/li>\n<li class=\"p1\"><a href=\"https:\/\/www.heappy.com\/hu\/ferfi-napszemuveg-kollekciok\/\" target=\"_blank\" rel=\"noopener noreferrer\"><span class=\"s1\">F\u00e9rfi napszem\u00fcveg kollekci\u00f3k<\/span><\/a><\/li>\n<li class=\"p1\"><a href=\"https:\/\/www.heappy.com\/hu\/gyerek-napszemuveg-kollekciok\/\" target=\"_blank\" rel=\"noopener noreferrer\"><span class=\"s1\">Gyerek napszem\u00fcveg kollekci\u00f3<\/span><\/a><\/li>\n<li class=\"p1\"><a href=\"https:\/\/www.heappy.com\/hu\/sport-napszemuveg-kollekciok\/\" target=\"_blank\" rel=\"noopener noreferrer\"><span class=\"s1\">Sport napszem\u00fcveg kollekci\u00f3k<\/span><\/a><\/li>\n<li class=\"p1\"><a href=\"https:\/\/www.heappy.com\/hu\/gyerek-optikai-szemuveg-kollekciok\/\" target=\"_blank\" rel=\"noopener noreferrer\"><span class=\"s1\">Gyermek optikai szem\u00fcveg kollekci\u00f3k<\/span><\/a><\/li>\n<\/ul>\n<\/div><div class=\"fusion-clearfix\"><\/div><\/div><\/div><div class=\"fusion-layout-column fusion_builder_column fusion-builder-column-1 fusion_builder_column_1_2 1_2 fusion-one-half fusion-column-last\" style=\"--awb-bg-size:cover;width:50%;width:calc(50% - ( ( 4% ) * 0.5 ) );\"><div class=\"fusion-column-wrapper fusion-flex-column-wrapper-legacy\"><div class=\"fusion-text fusion-text-4\" style=\"--awb-text-transform:none;\"><p><strong>Szolg\u00e1ltat\u00e1s<\/strong><\/p>\n<ul>\n<li><a href=\"https:\/\/www.heappy.com\/hu\/kek-fenyu-szemuvegek-nagykereskedelme\/\" target=\"_blank\" rel=\"noopener noreferrer\">K\u00e9k f\u00e9ny\u0171 szem\u00fcvegek nagykereskedelme<\/a><\/li>\n<li><a href=\"https:\/\/www.heappy.com\/hu\/egyedi-kek-fenyu-szemuveg\/\" target=\"_blank\" rel=\"noopener\">Egyedi k\u00e9k f\u00e9ny\u0171 szem\u00fcveg<\/a><\/li>\n<\/ul>\n<ul>\n<li class=\"p1\"><a href=\"https:\/\/www.heappy.com\/hu\/szemuveggyar-kinaban\/\" target=\"_blank\" rel=\"noopener\">Szem\u00fcveggy\u00e1r<\/a><\/li>\n<li class=\"p1\"><a href=\"https:\/\/www.heappy.com\/hu\/szemuveg-nagykereskedelem-kina\/\" target=\"_blank\" rel=\"noopener noreferrer\"><span class=\"s1\">Nagykereskedelmi szem\u00fcvegek<\/span><\/a><\/li>\n<\/ul>\n<ul>\n<li><a href=\"https:\/\/www.heappy.com\/hu\/szemuvegkeretek-nagykereskedelme\/\" target=\"_blank\" rel=\"noopener\">Szem\u00fcvegkeretek nagykereskedelme<\/a><\/li>\n<li><a href=\"https:\/\/www.heappy.com\/hu\/egyedi-szemuvegkeretek\/\" target=\"_blank\" rel=\"noopener\">Egyedi szem\u00fcvegkeretek<\/a><\/li>\n<\/ul>\n<\/div><div class=\"fusion-sep-clear\"><\/div><div class=\"fusion-separator fusion-full-width-sep\" style=\"margin-left: auto;margin-right: auto;width:100%;\"><div class=\"fusion-separator-border sep-single sep-solid\" style=\"--awb-height:20px;--awb-amount:20px;border-color:#e0dede;border-top-width:1px;\"><\/div><\/div><div class=\"fusion-sep-clear\"><\/div><div class=\"fusion-text fusion-text-5\" style=\"--awb-text-transform:none;\"><ul>\n<li><a href=\"https:\/\/www.heappy.com\/hu\/napszemuvegek-nagykereskedelme-kinaban\/\" target=\"_blank\" rel=\"noopener noreferrer\">Napszem\u00fcvegek nagykereskedelme<\/a><\/li>\n<li><a href=\"https:\/\/www.heappy.com\/hu\/egyedi-napszemuvegek-szemuveggyartok-kinaban\/\" target=\"_blank\" rel=\"noopener noreferrer\">Egyedi napszem\u00fcvegek \u00e9s szem\u00fcvegek<\/a><\/li>\n<\/ul>\n<ul>\n<li class=\"p1\"><a href=\"https:\/\/www.heappy.com\/hu\/gyerek-napszemuvegek-nagykereskedelme\/\" target=\"_blank\" rel=\"noopener\">Gyerek napszem\u00fcvegek nagykereskedelme<\/a><\/li>\n<li class=\"p1\"><a href=\"https:\/\/www.heappy.com\/hu\/noi-napszemuveg-nagykereskedes\/\" target=\"_blank\" rel=\"noopener\">N\u0151i napszem\u00fcvegek nagykereskedelme<\/a><\/li>\n<li><a href=\"https:\/\/www.heappy.com\/hu\/ferfi-napszemuvegek-nagykereskedelme\/\" target=\"_blank\" rel=\"noopener\">F\u00e9rfi napszem\u00fcvegek nagykereskedelme<\/a><\/li>\n<\/ul>\n<ul>\n<li><a href=\"https:\/\/www.heappy.com\/hu\/polarizalt-napszemuvegek-nagykereskedelme\/\" target=\"_blank\" rel=\"noopener\">Polariz\u00e1lt napszem\u00fcvegek nagykereskedelme<\/a><\/li>\n<li><a href=\"https:\/\/www.heappy.com\/hu\/egyedi-polarizalt-napszemuveg\/\" target=\"_blank\" rel=\"noopener\">Egyedi polariz\u00e1lt napszem\u00fcveg<\/a><\/li>\n<\/ul>\n<ul>\n<li><a href=\"https:\/\/www.heappy.com\/hu\/repulos-napszemuvegek-nagykereskedelme\/\" target=\"_blank\" rel=\"noopener\">Aviator napszem\u00fcvegek nagykereskedelme<\/a><\/li>\n<li><a href=\"https:\/\/www.heappy.com\/hu\/egyedi-repulos-napszemuveg\/\" target=\"_blank\" rel=\"noopener\">Egyedi Aviator napszem\u00fcveg<\/a><\/li>\n<\/ul>\n<ul>\n<li><a href=\"https:\/\/www.heappy.com\/hu\/divatos-napszemuvegek-nagykereskedelme\/\" target=\"_blank\" rel=\"noopener\">Divat napszem\u00fcvegek nagykereskedelme<\/a><\/li>\n<li><a href=\"https:\/\/www.heappy.com\/hu\/vintage-napszemuveg-nagykereskedelem\/\" target=\"_blank\" rel=\"noopener\">Vintage napszem\u00fcvegek nagykereskedelme<\/a><\/li>\n<li><a href=\"https:\/\/www.heappy.com\/hu\/dizajner-napszemuvegek-nagykereskedelme\/\" target=\"_blank\" rel=\"noopener\">Designer napszem\u00fcvegek nagykereskedelme<\/a><\/li>\n<li><a href=\"https:\/\/www.heappy.com\/hu\/nagykereskedelmi-macskaszem-napszemuveg\/\" target=\"_blank\" rel=\"noopener\">Macskaszem\u0171 napszem\u00fcvegek nagykereskedelme<\/a><\/li>\n<\/ul>\n<ul>\n<li><a href=\"https:\/\/www.heappy.com\/hu\/muanyag-napszemuveg-nagykereskedes\/\" target=\"_blank\" rel=\"noopener\">M\u0171anyag napszem\u00fcvegek nagykereskedelme<\/a><\/li>\n<li><a href=\"https:\/\/www.heappy.com\/hu\/egyedi-muanyag-napszemuveg\/\" target=\"_blank\" rel=\"noopener\">Egyedi m\u0171anyag napszem\u00fcveg<\/a><\/li>\n<\/ul>\n<ul>\n<li class=\"p1\"><a href=\"https:\/\/www.heappy.com\/hu\/acetat-napszemuveg-gyarto\/\" target=\"_blank\" rel=\"noopener\">Acet\u00e1t napszem\u00fcveg gy\u00e1rt\u00f3<\/a><\/li>\n<li class=\"p1\"><a href=\"https:\/\/www.heappy.com\/hu\/acetat-napszemuveg-nagykereskedes\/\" target=\"_blank\" rel=\"noopener\">Acet\u00e1t napszem\u00fcvegek nagykereskedelme<\/a><\/li>\n<\/ul>\n<\/div><div class=\"fusion-sep-clear\"><\/div><div class=\"fusion-separator fusion-full-width-sep\" style=\"margin-left: auto;margin-right: auto;width:100%;\"><div class=\"fusion-separator-border sep-single sep-solid\" style=\"--awb-height:20px;--awb-amount:20px;border-color:#e0dede;border-top-width:1px;\"><\/div><\/div><div class=\"fusion-sep-clear\"><\/div><div class=\"fusion-text fusion-text-6\" style=\"--awb-text-transform:none;\"><ul>\n<li><a href=\"https:\/\/www.heappy.com\/hu\/siszemuvegek-nagykereskedelme\/\" target=\"_blank\" rel=\"noopener\">S\u00edszem\u00fcvegek nagykereskedelme<\/a><\/li>\n<li class=\"p1\"><a href=\"https:\/\/www.heappy.com\/hu\/egyedi-siszemuveg\/\" target=\"_blank\" rel=\"noopener\">Egyedi s\u00edszem\u00fcveg<\/a><\/li>\n<\/ul>\n<\/div><div class=\"fusion-clearfix\"><\/div><\/div><\/div><\/div><\/div>","protected":false},"excerpt":{"rendered":"","protected":false},"author":1,"featured_media":0,"parent":0,"menu_order":0,"comment_status":"closed","ping_status":"closed","template":"","meta":{"om_disable_all_campaigns":false,"_monsterinsights_skip_tracking":false,"_monsterinsights_sitenote_active":false,"_monsterinsights_sitenote_note":"","_monsterinsights_sitenote_category":0,"footnotes":""},"class_list":["post-73","page","type-page","status-publish","hentry"],"yoast_head":"<!-- This site is optimized with the Yoast SEO plugin v27.4 - https:\/\/yoast.com\/product\/yoast-seo-wordpress\/ -->\n<title>Sitemap - Sunglasses Supplier China &amp; Eyewear Factory<\/title>\n<meta name=\"description\" content=\"This Sitemap Let You More Clear When Review Our Website and Get the Sunglasses &amp; Eyewear You need, We Will Always Be Behind You and Good Cooperative Sunglasses Manufacturer &amp; Eyewear Supplier in China for Your Business.\" \/>\n<meta name=\"robots\" content=\"index, follow, max-snippet:-1, max-image-preview:large, max-video-preview:-1\" \/>\n<link rel=\"canonical\" href=\"https:\/\/www.heappy.com\/hu\/oldalterkep\/\" \/>\n<meta property=\"og:locale\" content=\"hu_HU\" \/>\n<meta property=\"og:type\" content=\"article\" \/>\n<meta property=\"og:title\" content=\"Sitemap - Sunglasses Supplier China &amp; Eyewear Factory\" \/>\n<meta property=\"og:description\" content=\"This Sitemap Let You More Clear When Review Our Website and Get the Sunglasses &amp; Eyewear You need, We Will Always Be Behind You and Good Cooperative Sunglasses Manufacturer &amp; Eyewear Supplier in China for Your Business.\" \/>\n<meta property=\"og:url\" content=\"https:\/\/www.heappy.com\/hu\/oldalterkep\/\" \/>\n<meta property=\"og:site_name\" content=\"heappy.com\" \/>\n<meta property=\"article:modified_time\" content=\"2022-08-26T10:24:05+00:00\" \/>\n<meta name=\"twitter:card\" content=\"summary_large_image\" \/>\n<meta name=\"twitter:label1\" content=\"Becs\u00fclt olvas\u00e1si id\u0151\" \/>\n\t<meta name=\"twitter:data1\" content=\"2 perc\" \/>\n<script type=\"application\/ld+json\" class=\"yoast-schema-graph\">{\"@context\":\"https:\\\/\\\/schema.org\",\"@graph\":[{\"@type\":\"WebPage\",\"@id\":\"https:\\\/\\\/www.heappy.com\\\/site-map\\\/\",\"url\":\"https:\\\/\\\/www.heappy.com\\\/site-map\\\/\",\"name\":\"Sitemap - Sunglasses Supplier China & Eyewear Factory\",\"isPartOf\":{\"@id\":\"https:\\\/\\\/www.heappy.com\\\/#website\"},\"datePublished\":\"2019-01-08T01:48:21+00:00\",\"dateModified\":\"2022-08-26T10:24:05+00:00\",\"description\":\"This Sitemap Let You More Clear When Review Our Website and Get the Sunglasses & Eyewear You need, We Will Always Be Behind You and Good Cooperative Sunglasses Manufacturer & Eyewear Supplier in China for Your Business.\",\"breadcrumb\":{\"@id\":\"https:\\\/\\\/www.heappy.com\\\/site-map\\\/#breadcrumb\"},\"inLanguage\":\"hu\",\"potentialAction\":[{\"@type\":\"ReadAction\",\"target\":[\"https:\\\/\\\/www.heappy.com\\\/site-map\\\/\"]}]},{\"@type\":\"BreadcrumbList\",\"@id\":\"https:\\\/\\\/www.heappy.com\\\/site-map\\\/#breadcrumb\",\"itemListElement\":[{\"@type\":\"ListItem\",\"position\":1,\"name\":\"Home\",\"item\":\"https:\\\/\\\/www.heappy.com\\\/\"},{\"@type\":\"ListItem\",\"position\":2,\"name\":\"Site Map\"}]},{\"@type\":\"WebSite\",\"@id\":\"https:\\\/\\\/www.heappy.com\\\/#website\",\"url\":\"https:\\\/\\\/www.heappy.com\\\/\",\"name\":\"heappy.com\",\"description\":\"Eyewear Manufacturer\",\"potentialAction\":[{\"@type\":\"SearchAction\",\"target\":{\"@type\":\"EntryPoint\",\"urlTemplate\":\"https:\\\/\\\/www.heappy.com\\\/?s={search_term_string}\"},\"query-input\":{\"@type\":\"PropertyValueSpecification\",\"valueRequired\":true,\"valueName\":\"search_term_string\"}}],\"inLanguage\":\"hu\"}]}<\/script>\n<!-- \/ Yoast SEO plugin. -->","yoast_head_json":{"title":"Oldalt\u00e9rk\u00e9p - Napszem\u00fcveg-sz\u00e1ll\u00edt\u00f3 K\u00edn\u00e1b\u00f3l \u00e9s szem\u00fcveggy\u00e1rb\u00f3l","description":"Ez az oldalt\u00e9rk\u00e9p seg\u00edt \u00d6nnek tiszt\u00e1bban l\u00e1tni weboldalunk \u00e1ttekint\u00e9s\u00e9t \u00e9s a sz\u00fcks\u00e9ges napszem\u00fcvegek \u00e9s szem\u00fcvegek beszerz\u00e9s\u00e9t. Mindig \u00d6n m\u00f6g\u00f6tt \u00e1llunk, \u00e9s j\u00f3 egy\u00fcttm\u0171k\u00f6d\u0151 napszem\u00fcveg gy\u00e1rt\u00f3 \u00e9s szem\u00fcveg sz\u00e1ll\u00edt\u00f3 lesz\u00fcnk K\u00edn\u00e1ban az \u00d6n v\u00e1llalkoz\u00e1sa sz\u00e1m\u00e1ra.","robots":{"index":"index","follow":"follow","max-snippet":"max-snippet:-1","max-image-preview":"max-image-preview:large","max-video-preview":"max-video-preview:-1"},"canonical":"https:\/\/www.heappy.com\/hu\/oldalterkep\/","og_locale":"hu_HU","og_type":"article","og_title":"Sitemap - Sunglasses Supplier China & Eyewear Factory","og_description":"This Sitemap Let You More Clear When Review Our Website and Get the Sunglasses & Eyewear You need, We Will Always Be Behind You and Good Cooperative Sunglasses Manufacturer & Eyewear Supplier in China for Your Business.","og_url":"https:\/\/www.heappy.com\/hu\/oldalterkep\/","og_site_name":"heappy.com","article_modified_time":"2022-08-26T10:24:05+00:00","twitter_card":"summary_large_image","twitter_misc":{"Becs\u00fclt olvas\u00e1si id\u0151":"2 perc"},"schema":{"@context":"https:\/\/schema.org","@graph":[{"@type":"WebPage","@id":"https:\/\/www.heappy.com\/site-map\/","url":"https:\/\/www.heappy.com\/site-map\/","name":"Oldalt\u00e9rk\u00e9p - Napszem\u00fcveg-sz\u00e1ll\u00edt\u00f3 K\u00edn\u00e1b\u00f3l \u00e9s szem\u00fcveggy\u00e1rb\u00f3l","isPartOf":{"@id":"https:\/\/www.heappy.com\/#website"},"datePublished":"2019-01-08T01:48:21+00:00","dateModified":"2022-08-26T10:24:05+00:00","description":"Ez az oldalt\u00e9rk\u00e9p seg\u00edt \u00d6nnek tiszt\u00e1bban l\u00e1tni weboldalunk \u00e1ttekint\u00e9s\u00e9t \u00e9s a sz\u00fcks\u00e9ges napszem\u00fcvegek \u00e9s szem\u00fcvegek beszerz\u00e9s\u00e9t. Mindig \u00d6n m\u00f6g\u00f6tt \u00e1llunk, \u00e9s j\u00f3 egy\u00fcttm\u0171k\u00f6d\u0151 napszem\u00fcveg gy\u00e1rt\u00f3 \u00e9s szem\u00fcveg sz\u00e1ll\u00edt\u00f3 lesz\u00fcnk K\u00edn\u00e1ban az \u00d6n v\u00e1llalkoz\u00e1sa sz\u00e1m\u00e1ra.","breadcrumb":{"@id":"https:\/\/www.heappy.com\/site-map\/#breadcrumb"},"inLanguage":"hu","potentialAction":[{"@type":"ReadAction","target":["https:\/\/www.heappy.com\/site-map\/"]}]},{"@type":"BreadcrumbList","@id":"https:\/\/www.heappy.com\/site-map\/#breadcrumb","itemListElement":[{"@type":"ListItem","position":1,"name":"Home","item":"https:\/\/www.heappy.com\/"},{"@type":"ListItem","position":2,"name":"Site Map"}]},{"@type":"WebSite","@id":"https:\/\/www.heappy.com\/#website","url":"https:\/\/www.heappy.com\/","name":"heappy.com","description":"Szem\u00fcveggy\u00e1rt\u00f3","potentialAction":[{"@type":"SearchAction","target":{"@type":"EntryPoint","urlTemplate":"https:\/\/www.heappy.com\/?s={search_term_string}"},"query-input":{"@type":"PropertyValueSpecification","valueRequired":true,"valueName":"search_term_string"}}],"inLanguage":"hu"}]}},"_links":{"self":[{"href":"https:\/\/www.heappy.com\/hu\/wp-json\/wp\/v2\/pages\/73","targetHints":{"allow":["GET"]}}],"collection":[{"href":"https:\/\/www.heappy.com\/hu\/wp-json\/wp\/v2\/pages"}],"about":[{"href":"https:\/\/www.heappy.com\/hu\/wp-json\/wp\/v2\/types\/page"}],"author":[{"embeddable":true,"href":"https:\/\/www.heappy.com\/hu\/wp-json\/wp\/v2\/users\/1"}],"replies":[{"embeddable":true,"href":"https:\/\/www.heappy.com\/hu\/wp-json\/wp\/v2\/comments?post=73"}],"version-history":[{"count":6,"href":"https:\/\/www.heappy.com\/hu\/wp-json\/wp\/v2\/pages\/73\/revisions"}],"predecessor-version":[{"id":11413,"href":"https:\/\/www.heappy.com\/hu\/wp-json\/wp\/v2\/pages\/73\/revisions\/11413"}],"wp:attachment":[{"href":"https:\/\/www.heappy.com\/hu\/wp-json\/wp\/v2\/media?parent=73"}],"curies":[{"name":"wp","href":"https:\/\/api.w.org\/{rel}","templated":true}]}}