{"id":73,"date":"2019-01-08T01:48:21","date_gmt":"2019-01-08T01:48:21","guid":{"rendered":"https:\/\/www.heappy.com\/?page_id=73"},"modified":"2022-08-26T10:24:05","modified_gmt":"2022-08-26T10:24:05","slug":"mapa-stranice","status":"publish","type":"page","link":"https:\/\/www.heappy.com\/hr\/site-map\/","title":{"rendered":"Karta stranice"},"content":{"rendered":"<div class=\"fusion-fullwidth fullwidth-box fusion-builder-row-1 nonhundred-percent-fullwidth non-hundred-percent-height-scrolling\" style=\"--awb-border-radius-top-left:0px;--awb-border-radius-top-right:0px;--awb-border-radius-bottom-right:0px;--awb-border-radius-bottom-left:0px;--awb-flex-wrap:wrap;\" ><div class=\"fusion-builder-row fusion-row\"><div class=\"fusion-layout-column fusion_builder_column fusion-builder-column-0 fusion_builder_column_1_2 1_2 fusion-one-half fusion-column-first\" style=\"--awb-bg-size:cover;width:50%;width:calc(50% - ( ( 4% ) * 0.5 ) );margin-right: 4%;\"><div class=\"fusion-column-wrapper fusion-flex-column-wrapper-legacy\"><div class=\"fusion-text fusion-text-1\"><p><a href=\"https:\/\/www.heappy.com\/hr\/\" target=\"_blank\" rel=\"noopener noreferrer\">Dom<\/a><\/p>\n<p><a href=\"https:\/\/www.heappy.com\/hr\/o-nama\/\" target=\"_blank\" rel=\"noopener noreferrer\">O nama<\/a><\/p>\n<p><a href=\"https:\/\/www.heappy.com\/hr\/kontaktirajte-nas\/\" target=\"_blank\" rel=\"noopener noreferrer\">Kontaktirajte nas<\/a><\/p>\n<p><strong><a href=\"https:\/\/www.heappy.com\/hr\/sredstva\/\" target=\"_blank\" rel=\"noopener noreferrer\">Resursi<\/a><\/strong><\/p>\n<\/div><div class=\"fusion-text fusion-text-2\"><p><strong><a href=\"https:\/\/www.heappy.com\/hr\/proizvod\/\" target=\"_blank\" rel=\"noopener noreferrer\">Proizvodi<\/a><\/strong><\/p>\n<ul>\n<li class=\"p1\"><a href=\"https:\/\/www.heappy.com\/hr\/proizvodac-suncanih-naocala-u-kini\/\" target=\"_blank\" rel=\"noopener noreferrer\"><span class=\"s1\">\u017denske + Mu\u0161ke + Dje\u010dje sun\u010dane nao\u010dale<\/span><\/a><\/li>\n<li class=\"p1\"><a href=\"https:\/\/www.heappy.com\/hr\/dobavljac-sportskih-suncanih-naocala-iz-kine\/\" target=\"_blank\" rel=\"noopener noreferrer\"><span class=\"s1\">Sportske sun\u010dane nao\u010dale<\/span><\/a><\/li>\n<li class=\"p1\"><a href=\"https:\/\/www.heappy.com\/hr\/dobavljac-naocala-protiv-plave-svjetlosti\/\" target=\"_blank\" rel=\"noopener noreferrer\"><span class=\"s1\">Nao\u010dale protiv plave svjetlosti<\/span><\/a><\/li>\n<li class=\"p1\"><a href=\"https:\/\/www.heappy.com\/hr\/proizvodac-okvira-za-naocale\/\" target=\"_blank\" rel=\"noopener\"><span class=\"s1\">Okviri za nao\u010dale za djecu i odrasle<\/span><\/a><\/li>\n<li><a href=\"https:\/\/www.heappy.com\/hr\/veleprodaja-skijaskih-naocala\/\" target=\"_blank\" rel=\"noopener\">Skija\u0161ke nao\u010dale<\/a><\/li>\n<li><a href=\"https:\/\/www.heappy.com\/hr\/zastitne-naocale\/\" target=\"_blank\" rel=\"noopener\">Za\u0161titne nao\u010dale \/ Medicinske nao\u010dale<\/a><\/li>\n<\/ul>\n<\/div><div class=\"fusion-sep-clear\"><\/div><div class=\"fusion-separator fusion-full-width-sep\" style=\"margin-left: auto;margin-right: auto;margin-top:10px;margin-bottom:10px;width:100%;\"><\/div><div class=\"fusion-sep-clear\"><\/div><div class=\"fusion-text fusion-text-3\"><p><strong>Zbirke<\/strong><\/p>\n<ul>\n<li class=\"p1\"><a href=\"https:\/\/www.heappy.com\/hr\/kolekcije-zenskih-suncanih-naocala\/\" target=\"_blank\" rel=\"noopener noreferrer\"><span class=\"s1\">Kolekcije \u017eenskih sun\u010danih nao\u010dala<\/span><\/a><\/li>\n<li class=\"p1\"><a href=\"https:\/\/www.heappy.com\/hr\/mens-sunglasses-collections\/\" target=\"_blank\" rel=\"noopener noreferrer\"><span class=\"s1\">Kolekcije mu\u0161kih sun\u010danih nao\u010dala<\/span><\/a><\/li>\n<li class=\"p1\"><a href=\"https:\/\/www.heappy.com\/hr\/kids-sunglasses-collections\/\" target=\"_blank\" rel=\"noopener noreferrer\"><span class=\"s1\">Kolekcije dje\u010djih sun\u010danih nao\u010dala<\/span><\/a><\/li>\n<li class=\"p1\"><a href=\"https:\/\/www.heappy.com\/hr\/kolekcije-sportskih-suncanih-naocala\/\" target=\"_blank\" rel=\"noopener noreferrer\"><span class=\"s1\">Kolekcije sportskih sun\u010danih nao\u010dala<\/span><\/a><\/li>\n<li class=\"p1\"><a href=\"https:\/\/www.heappy.com\/hr\/kolekcije-djecjih-optickih-naocala\/\" target=\"_blank\" rel=\"noopener noreferrer\"><span class=\"s1\">Kolekcije dje\u010djih opti\u010dkih nao\u010dala<\/span><\/a><\/li>\n<\/ul>\n<\/div><div class=\"fusion-clearfix\"><\/div><\/div><\/div><div class=\"fusion-layout-column fusion_builder_column fusion-builder-column-1 fusion_builder_column_1_2 1_2 fusion-one-half fusion-column-last\" style=\"--awb-bg-size:cover;width:50%;width:calc(50% - ( ( 4% ) * 0.5 ) );\"><div class=\"fusion-column-wrapper fusion-flex-column-wrapper-legacy\"><div class=\"fusion-text fusion-text-4\" style=\"--awb-text-transform:none;\"><p><strong>Servis<\/strong><\/p>\n<ul>\n<li><a href=\"https:\/\/www.heappy.com\/hr\/veleprodaja-naocala-za-plavo-svjetlo\/\" target=\"_blank\" rel=\"noopener noreferrer\">Veleprodaja nao\u010dala Blue Light<\/a><\/li>\n<li><a href=\"https:\/\/www.heappy.com\/hr\/prilagodene-plave-svjetlosne-naocale\/\" target=\"_blank\" rel=\"noopener\">Prilago\u0111ene plave svjetlosne nao\u010dale<\/a><\/li>\n<\/ul>\n<ul>\n<li class=\"p1\"><a href=\"https:\/\/www.heappy.com\/hr\/eyeglasses-factory-china\/\" target=\"_blank\" rel=\"noopener\">Tvornica nao\u010dala<\/a><\/li>\n<li class=\"p1\"><a href=\"https:\/\/www.heappy.com\/hr\/veleprodaja-naocala-porculan\/\" target=\"_blank\" rel=\"noopener noreferrer\"><span class=\"s1\">Veleprodaja nao\u010dala<\/span><\/a><\/li>\n<\/ul>\n<ul>\n<li><a href=\"https:\/\/www.heappy.com\/hr\/okviri-za-naocale-na-veliko\/\" target=\"_blank\" rel=\"noopener\">Veleprodaja okvira za nao\u010dale<\/a><\/li>\n<li><a href=\"https:\/\/www.heappy.com\/hr\/okviri-za-naocale-po-mjeri\/\" target=\"_blank\" rel=\"noopener\">Okviri za nao\u010dale po narud\u017ebi<\/a><\/li>\n<\/ul>\n<\/div><div class=\"fusion-sep-clear\"><\/div><div class=\"fusion-separator fusion-full-width-sep\" style=\"margin-left: auto;margin-right: auto;width:100%;\"><div class=\"fusion-separator-border sep-single sep-solid\" style=\"--awb-height:20px;--awb-amount:20px;border-color:#e0dede;border-top-width:1px;\"><\/div><\/div><div class=\"fusion-sep-clear\"><\/div><div class=\"fusion-text fusion-text-5\" style=\"--awb-text-transform:none;\"><ul>\n<li><a href=\"https:\/\/www.heappy.com\/hr\/veleprodaja-suncanih-naocala-u-kini\/\" target=\"_blank\" rel=\"noopener noreferrer\">Veleprodaja sun\u010danih nao\u010dala<\/a><\/li>\n<li><a href=\"https:\/\/www.heappy.com\/hr\/custom-sunglasses-eyewear-manufacturers-china\/\" target=\"_blank\" rel=\"noopener noreferrer\">Sun\u010dane nao\u010dale i nao\u010dale po mjeri<\/a><\/li>\n<\/ul>\n<ul>\n<li class=\"p1\"><a href=\"https:\/\/www.heappy.com\/hr\/veleprodaja-djecjih-suncanih-naocala\/\" target=\"_blank\" rel=\"noopener\">Veleprodaja sun\u010danih nao\u010dala za djecu<\/a><\/li>\n<li class=\"p1\"><a href=\"https:\/\/www.heappy.com\/hr\/veleprodaja-zenskih-suncanih-naocala\/\" target=\"_blank\" rel=\"noopener\">Veleprodaja \u017eenskih sun\u010danih nao\u010dala<\/a><\/li>\n<li><a href=\"https:\/\/www.heappy.com\/hr\/veleprodaja-muskih-suncanih-naocala\/\" target=\"_blank\" rel=\"noopener\">Veleprodaja mu\u0161kih sun\u010danih nao\u010dala<\/a><\/li>\n<\/ul>\n<ul>\n<li><a href=\"https:\/\/www.heappy.com\/hr\/veleprodaja-polariziranih-suncanih-naocala\/\" target=\"_blank\" rel=\"noopener\">Veleprodaja polariziranih sun\u010danih nao\u010dala<\/a><\/li>\n<li><a href=\"https:\/\/www.heappy.com\/hr\/prilagodene-polarizirane-suncane-naocale\/\" target=\"_blank\" rel=\"noopener\">Prilago\u0111ene polarizirane sun\u010dane nao\u010dale<\/a><\/li>\n<\/ul>\n<ul>\n<li><a href=\"https:\/\/www.heappy.com\/hr\/veleprodaja-pilotskih-suncanih-naocala\/\" target=\"_blank\" rel=\"noopener\">Veleprodaja avijati\u010darskih sun\u010danih nao\u010dala<\/a><\/li>\n<li><a href=\"https:\/\/www.heappy.com\/hr\/custom-aviator-sunglasses\/\" target=\"_blank\" rel=\"noopener\">Avijati\u010darske sun\u010dane nao\u010dale po mjeri<\/a><\/li>\n<\/ul>\n<ul>\n<li><a href=\"https:\/\/www.heappy.com\/hr\/veleprodaja-modnih-suncanih-naocala\/\" target=\"_blank\" rel=\"noopener\">Veleprodaja modnih sun\u010danih nao\u010dala<\/a><\/li>\n<li><a href=\"https:\/\/www.heappy.com\/hr\/veleprodaja-vintage-suncanih-naocala\/\" target=\"_blank\" rel=\"noopener\">Veleprodaja vintage sun\u010danih nao\u010dala<\/a><\/li>\n<li><a href=\"https:\/\/www.heappy.com\/hr\/veleprodaja-dizajnerskih-suncanih-naocala\/\" target=\"_blank\" rel=\"noopener\">Veleprodaja dizajnerskih sun\u010danih nao\u010dala<\/a><\/li>\n<li><a href=\"https:\/\/www.heappy.com\/hr\/veleprodaja-mackastih-suncanih-naocala\/\" target=\"_blank\" rel=\"noopener\">Veleprodaja sun\u010danih nao\u010dala Cat Eye<\/a><\/li>\n<\/ul>\n<ul>\n<li><a href=\"https:\/\/www.heappy.com\/hr\/veleprodaja-plasticnih-suncanih-naocala\/\" target=\"_blank\" rel=\"noopener\">Veleprodaja plasti\u010dnih sun\u010danih nao\u010dala<\/a><\/li>\n<li><a href=\"https:\/\/www.heappy.com\/hr\/prilagodene-plasticne-suncane-naocale\/\" target=\"_blank\" rel=\"noopener\">Plasti\u010dne sun\u010dane nao\u010dale po narud\u017ebi<\/a><\/li>\n<\/ul>\n<ul>\n<li class=\"p1\"><a href=\"https:\/\/www.heappy.com\/hr\/proizvodac-acetatnih-suncanih-naocala\/\" target=\"_blank\" rel=\"noopener\">Proizvo\u0111a\u010d sun\u010danih nao\u010dala od acetata<\/a><\/li>\n<li class=\"p1\"><a href=\"https:\/\/www.heappy.com\/hr\/veleprodaja-suncanih-naocala-od-acetata\/\" target=\"_blank\" rel=\"noopener\">Veleprodaja sun\u010danih nao\u010dala od acetata<\/a><\/li>\n<\/ul>\n<\/div><div class=\"fusion-sep-clear\"><\/div><div class=\"fusion-separator fusion-full-width-sep\" style=\"margin-left: auto;margin-right: auto;width:100%;\"><div class=\"fusion-separator-border sep-single sep-solid\" style=\"--awb-height:20px;--awb-amount:20px;border-color:#e0dede;border-top-width:1px;\"><\/div><\/div><div class=\"fusion-sep-clear\"><\/div><div class=\"fusion-text fusion-text-6\" style=\"--awb-text-transform:none;\"><ul>\n<li><a href=\"https:\/\/www.heappy.com\/hr\/veleprodaja-skijaskih-naocala\/\" target=\"_blank\" rel=\"noopener\">Veleprodaja skija\u0161kih nao\u010dala<\/a><\/li>\n<li class=\"p1\"><a href=\"https:\/\/www.heappy.com\/hr\/prilagodene-skijaske-naocale\/\" target=\"_blank\" rel=\"noopener\">Skija\u0161ke nao\u010dale po narud\u017ebi<\/a><\/li>\n<\/ul>\n<\/div><div class=\"fusion-clearfix\"><\/div><\/div><\/div><\/div><\/div>","protected":false},"excerpt":{"rendered":"","protected":false},"author":1,"featured_media":0,"parent":0,"menu_order":0,"comment_status":"closed","ping_status":"closed","template":"","meta":{"om_disable_all_campaigns":false,"_monsterinsights_skip_tracking":false,"_monsterinsights_sitenote_active":false,"_monsterinsights_sitenote_note":"","_monsterinsights_sitenote_category":0,"footnotes":""},"class_list":["post-73","page","type-page","status-publish","hentry"],"yoast_head":"<!-- This site is optimized with the Yoast SEO plugin v27.4 - https:\/\/yoast.com\/product\/yoast-seo-wordpress\/ -->\n<title>Sitemap - Sunglasses Supplier China &amp; Eyewear Factory<\/title>\n<meta name=\"description\" content=\"This Sitemap Let You More Clear When Review Our Website and Get the Sunglasses &amp; Eyewear You need, We Will Always Be Behind You and Good Cooperative Sunglasses Manufacturer &amp; Eyewear Supplier in China for Your Business.\" \/>\n<meta name=\"robots\" content=\"index, follow, max-snippet:-1, max-image-preview:large, max-video-preview:-1\" \/>\n<link rel=\"canonical\" href=\"https:\/\/www.heappy.com\/hr\/mapa-stranice\/\" \/>\n<meta property=\"og:locale\" content=\"hr_HR\" \/>\n<meta property=\"og:type\" content=\"article\" \/>\n<meta property=\"og:title\" content=\"Sitemap - Sunglasses Supplier China &amp; Eyewear Factory\" \/>\n<meta property=\"og:description\" content=\"This Sitemap Let You More Clear When Review Our Website and Get the Sunglasses &amp; Eyewear You need, We Will Always Be Behind You and Good Cooperative Sunglasses Manufacturer &amp; Eyewear Supplier in China for Your Business.\" \/>\n<meta property=\"og:url\" content=\"https:\/\/www.heappy.com\/hr\/mapa-stranice\/\" \/>\n<meta property=\"og:site_name\" content=\"heappy.com\" \/>\n<meta property=\"article:modified_time\" content=\"2022-08-26T10:24:05+00:00\" \/>\n<meta name=\"twitter:card\" content=\"summary_large_image\" \/>\n<meta name=\"twitter:label1\" content=\"Procijenjeno vrijeme \u010ditanja\" \/>\n\t<meta name=\"twitter:data1\" content=\"2 minute\" \/>\n<script type=\"application\/ld+json\" class=\"yoast-schema-graph\">{\"@context\":\"https:\\\/\\\/schema.org\",\"@graph\":[{\"@type\":\"WebPage\",\"@id\":\"https:\\\/\\\/www.heappy.com\\\/site-map\\\/\",\"url\":\"https:\\\/\\\/www.heappy.com\\\/site-map\\\/\",\"name\":\"Sitemap - Sunglasses Supplier China & Eyewear Factory\",\"isPartOf\":{\"@id\":\"https:\\\/\\\/www.heappy.com\\\/#website\"},\"datePublished\":\"2019-01-08T01:48:21+00:00\",\"dateModified\":\"2022-08-26T10:24:05+00:00\",\"description\":\"This Sitemap Let You More Clear When Review Our Website and Get the Sunglasses & Eyewear You need, We Will Always Be Behind You and Good Cooperative Sunglasses Manufacturer & Eyewear Supplier in China for Your Business.\",\"breadcrumb\":{\"@id\":\"https:\\\/\\\/www.heappy.com\\\/site-map\\\/#breadcrumb\"},\"inLanguage\":\"hr\",\"potentialAction\":[{\"@type\":\"ReadAction\",\"target\":[\"https:\\\/\\\/www.heappy.com\\\/site-map\\\/\"]}]},{\"@type\":\"BreadcrumbList\",\"@id\":\"https:\\\/\\\/www.heappy.com\\\/site-map\\\/#breadcrumb\",\"itemListElement\":[{\"@type\":\"ListItem\",\"position\":1,\"name\":\"Home\",\"item\":\"https:\\\/\\\/www.heappy.com\\\/\"},{\"@type\":\"ListItem\",\"position\":2,\"name\":\"Site Map\"}]},{\"@type\":\"WebSite\",\"@id\":\"https:\\\/\\\/www.heappy.com\\\/#website\",\"url\":\"https:\\\/\\\/www.heappy.com\\\/\",\"name\":\"heappy.com\",\"description\":\"Eyewear Manufacturer\",\"potentialAction\":[{\"@type\":\"SearchAction\",\"target\":{\"@type\":\"EntryPoint\",\"urlTemplate\":\"https:\\\/\\\/www.heappy.com\\\/?s={search_term_string}\"},\"query-input\":{\"@type\":\"PropertyValueSpecification\",\"valueRequired\":true,\"valueName\":\"search_term_string\"}}],\"inLanguage\":\"hr\"}]}<\/script>\n<!-- \/ Yoast SEO plugin. -->","yoast_head_json":{"title":"Mapa stranice - Dobavlja\u010d sun\u010danih nao\u010dala iz Kine i tvornica nao\u010dala","description":"Ova mapa web-mjesta omogu\u0107uje vam vi\u0161e informacija. Kada pregledate na\u0161u web stranicu i nabavite sun\u010dane nao\u010dale i nao\u010dale koje su vam potrebne, uvijek \u0107emo biti uz vas i dobar smo suradni\u010dki proizvo\u0111a\u010d sun\u010danih nao\u010dala i dobavlja\u010d nao\u010dala u Kini za va\u0161e poslovanje.","robots":{"index":"index","follow":"follow","max-snippet":"max-snippet:-1","max-image-preview":"max-image-preview:large","max-video-preview":"max-video-preview:-1"},"canonical":"https:\/\/www.heappy.com\/hr\/mapa-stranice\/","og_locale":"hr_HR","og_type":"article","og_title":"Sitemap - Sunglasses Supplier China & Eyewear Factory","og_description":"This Sitemap Let You More Clear When Review Our Website and Get the Sunglasses & Eyewear You need, We Will Always Be Behind You and Good Cooperative Sunglasses Manufacturer & Eyewear Supplier in China for Your Business.","og_url":"https:\/\/www.heappy.com\/hr\/mapa-stranice\/","og_site_name":"heappy.com","article_modified_time":"2022-08-26T10:24:05+00:00","twitter_card":"summary_large_image","twitter_misc":{"Procijenjeno vrijeme \u010ditanja":"2 minute"},"schema":{"@context":"https:\/\/schema.org","@graph":[{"@type":"WebPage","@id":"https:\/\/www.heappy.com\/site-map\/","url":"https:\/\/www.heappy.com\/site-map\/","name":"Mapa stranice - Dobavlja\u010d sun\u010danih nao\u010dala iz Kine i tvornica nao\u010dala","isPartOf":{"@id":"https:\/\/www.heappy.com\/#website"},"datePublished":"2019-01-08T01:48:21+00:00","dateModified":"2022-08-26T10:24:05+00:00","description":"Ova mapa web-mjesta omogu\u0107uje vam vi\u0161e informacija. Kada pregledate na\u0161u web stranicu i nabavite sun\u010dane nao\u010dale i nao\u010dale koje su vam potrebne, uvijek \u0107emo biti uz vas i dobar smo suradni\u010dki proizvo\u0111a\u010d sun\u010danih nao\u010dala i dobavlja\u010d nao\u010dala u Kini za va\u0161e poslovanje.","breadcrumb":{"@id":"https:\/\/www.heappy.com\/site-map\/#breadcrumb"},"inLanguage":"hr","potentialAction":[{"@type":"ReadAction","target":["https:\/\/www.heappy.com\/site-map\/"]}]},{"@type":"BreadcrumbList","@id":"https:\/\/www.heappy.com\/site-map\/#breadcrumb","itemListElement":[{"@type":"ListItem","position":1,"name":"Home","item":"https:\/\/www.heappy.com\/"},{"@type":"ListItem","position":2,"name":"Site Map"}]},{"@type":"WebSite","@id":"https:\/\/www.heappy.com\/#website","url":"https:\/\/www.heappy.com\/","name":"heappy.com","description":"Proizvo\u0111a\u010d nao\u010dala","potentialAction":[{"@type":"SearchAction","target":{"@type":"EntryPoint","urlTemplate":"https:\/\/www.heappy.com\/?s={search_term_string}"},"query-input":{"@type":"PropertyValueSpecification","valueRequired":true,"valueName":"search_term_string"}}],"inLanguage":"hr"}]}},"_links":{"self":[{"href":"https:\/\/www.heappy.com\/hr\/wp-json\/wp\/v2\/pages\/73","targetHints":{"allow":["GET"]}}],"collection":[{"href":"https:\/\/www.heappy.com\/hr\/wp-json\/wp\/v2\/pages"}],"about":[{"href":"https:\/\/www.heappy.com\/hr\/wp-json\/wp\/v2\/types\/page"}],"author":[{"embeddable":true,"href":"https:\/\/www.heappy.com\/hr\/wp-json\/wp\/v2\/users\/1"}],"replies":[{"embeddable":true,"href":"https:\/\/www.heappy.com\/hr\/wp-json\/wp\/v2\/comments?post=73"}],"version-history":[{"count":6,"href":"https:\/\/www.heappy.com\/hr\/wp-json\/wp\/v2\/pages\/73\/revisions"}],"predecessor-version":[{"id":11413,"href":"https:\/\/www.heappy.com\/hr\/wp-json\/wp\/v2\/pages\/73\/revisions\/11413"}],"wp:attachment":[{"href":"https:\/\/www.heappy.com\/hr\/wp-json\/wp\/v2\/media?parent=73"}],"curies":[{"name":"wp","href":"https:\/\/api.w.org\/{rel}","templated":true}]}}