{"id":73,"date":"2019-01-08T01:48:21","date_gmt":"2019-01-08T01:48:21","guid":{"rendered":"https:\/\/www.heappy.com\/?page_id=73"},"modified":"2022-08-26T10:24:05","modified_gmt":"2022-08-26T10:24:05","slug":"mapa-del-sitio","status":"publish","type":"page","link":"https:\/\/www.heappy.com\/es\/site-map\/","title":{"rendered":"Mapa del sitio"},"content":{"rendered":"<div class=\"fusion-fullwidth fullwidth-box fusion-builder-row-1 nonhundred-percent-fullwidth non-hundred-percent-height-scrolling\" style=\"--awb-border-radius-top-left:0px;--awb-border-radius-top-right:0px;--awb-border-radius-bottom-right:0px;--awb-border-radius-bottom-left:0px;--awb-flex-wrap:wrap;\" ><div class=\"fusion-builder-row fusion-row\"><div class=\"fusion-layout-column fusion_builder_column fusion-builder-column-0 fusion_builder_column_1_2 1_2 fusion-one-half fusion-column-first\" style=\"--awb-bg-size:cover;width:50%;width:calc(50% - ( ( 4% ) * 0.5 ) );margin-right: 4%;\"><div class=\"fusion-column-wrapper fusion-flex-column-wrapper-legacy\"><div class=\"fusion-text fusion-text-1\"><p><a href=\"https:\/\/www.heappy.com\/es\/\" target=\"_blank\" rel=\"noopener noreferrer\">Inicio<\/a><\/p>\n<p><a href=\"https:\/\/www.heappy.com\/es\/sobre-nosotros\/\" target=\"_blank\" rel=\"noopener noreferrer\">Qui\u00e9nes somos<\/a><\/p>\n<p><a href=\"https:\/\/www.heappy.com\/es\/contactanos\/\" target=\"_blank\" rel=\"noopener noreferrer\">Contacte con nosotros<\/a><\/p>\n<p><strong><a href=\"https:\/\/www.heappy.com\/es\/recursos\/\" target=\"_blank\" rel=\"noopener noreferrer\">Recursos<\/a><\/strong><\/p>\n<\/div><div class=\"fusion-text fusion-text-2\"><p><strong><a href=\"https:\/\/www.heappy.com\/es\/producto\/\" target=\"_blank\" rel=\"noopener noreferrer\">Productos<\/a><\/strong><\/p>\n<ul>\n<li class=\"p1\"><a href=\"https:\/\/www.heappy.com\/es\/fabricante-de-gafas-de-sol-en-china\/\" target=\"_blank\" rel=\"noopener noreferrer\"><span class=\"s1\">Gafas de sol para mujer + hombre + ni\u00f1os<\/span><\/a><\/li>\n<li class=\"p1\"><a href=\"https:\/\/www.heappy.com\/es\/proveedor-de-gafas-de-sol-deportivas-de-china\/\" target=\"_blank\" rel=\"noopener noreferrer\"><span class=\"s1\">Gafas de sol deportivas<\/span><\/a><\/li>\n<li class=\"p1\"><a href=\"https:\/\/www.heappy.com\/es\/proveedor-de-gafas-anti-luz-azul\/\" target=\"_blank\" rel=\"noopener noreferrer\"><span class=\"s1\">Gafas anti luz azul<\/span><\/a><\/li>\n<li class=\"p1\"><a href=\"https:\/\/www.heappy.com\/es\/fabricante-de-monturas-de-gafas\/\" target=\"_blank\" rel=\"noopener\"><span class=\"s1\">Monturas de gafas para ni\u00f1os y adultos<\/span><\/a><\/li>\n<li><a href=\"https:\/\/www.heappy.com\/es\/gafas-de-esqui-al-por-mayor\/\" target=\"_blank\" rel=\"noopener\">Gafas de esqu\u00ed<\/a><\/li>\n<li><a href=\"https:\/\/www.heappy.com\/es\/gafas-de-seguridad\/\" target=\"_blank\" rel=\"noopener\">Gafas de seguridad \/ Gafas m\u00e9dicas<\/a><\/li>\n<\/ul>\n<\/div><div class=\"fusion-sep-clear\"><\/div><div class=\"fusion-separator fusion-full-width-sep\" style=\"margin-left: auto;margin-right: auto;margin-top:10px;margin-bottom:10px;width:100%;\"><\/div><div class=\"fusion-sep-clear\"><\/div><div class=\"fusion-text fusion-text-3\"><p><strong>Colecciones<\/strong><\/p>\n<ul>\n<li class=\"p1\"><a href=\"https:\/\/www.heappy.com\/es\/colecciones-de-gafas-de-sol-para-mujer\/\" target=\"_blank\" rel=\"noopener noreferrer\"><span class=\"s1\">Colecciones de gafas de sol para mujer<\/span><\/a><\/li>\n<li class=\"p1\"><a href=\"https:\/\/www.heappy.com\/es\/mens-sunglasses-collections\/\" target=\"_blank\" rel=\"noopener noreferrer\"><span class=\"s1\">Colecciones de gafas de sol para hombre<\/span><\/a><\/li>\n<li class=\"p1\"><a href=\"https:\/\/www.heappy.com\/es\/colecciones-de-gafas-de-sol-para-ninos\/\" target=\"_blank\" rel=\"noopener noreferrer\"><span class=\"s1\">Colecciones de gafas de sol para ni\u00f1os<\/span><\/a><\/li>\n<li class=\"p1\"><a href=\"https:\/\/www.heappy.com\/es\/colecciones-de-gafas-de-sol-deportivas\/\" target=\"_blank\" rel=\"noopener noreferrer\"><span class=\"s1\">Colecciones de gafas de sol deportivas<\/span><\/a><\/li>\n<li class=\"p1\"><a href=\"https:\/\/www.heappy.com\/es\/kids-optical-glasses-collections\/\" target=\"_blank\" rel=\"noopener noreferrer\"><span class=\"s1\">Colecciones de gafas \u00f3pticas para ni\u00f1os<\/span><\/a><\/li>\n<\/ul>\n<\/div><div class=\"fusion-clearfix\"><\/div><\/div><\/div><div class=\"fusion-layout-column fusion_builder_column fusion-builder-column-1 fusion_builder_column_1_2 1_2 fusion-one-half fusion-column-last\" style=\"--awb-bg-size:cover;width:50%;width:calc(50% - ( ( 4% ) * 0.5 ) );\"><div class=\"fusion-column-wrapper fusion-flex-column-wrapper-legacy\"><div class=\"fusion-text fusion-text-4\" style=\"--awb-text-transform:none;\"><p><strong>Servicio<\/strong><\/p>\n<ul>\n<li><a href=\"https:\/\/www.heappy.com\/es\/gafas-de-luz-azul-al-por-mayor\/\" target=\"_blank\" rel=\"noopener noreferrer\">Mayorista Gafas Blue Light<\/a><\/li>\n<li><a href=\"https:\/\/www.heappy.com\/es\/gafas-de-luz-azul-personalizadas\/\" target=\"_blank\" rel=\"noopener\">Gafas Blue Light personalizadas<\/a><\/li>\n<\/ul>\n<ul>\n<li class=\"p1\"><a href=\"https:\/\/www.heappy.com\/es\/fabrica-de-gafas-de-china\/\" target=\"_blank\" rel=\"noopener\">F\u00e1brica de gafas<\/a><\/li>\n<li class=\"p1\"><a href=\"https:\/\/www.heappy.com\/es\/gafas-al-por-mayor-de-china\/\" target=\"_blank\" rel=\"noopener noreferrer\"><span class=\"s1\">Gafas al por mayor<\/span><\/a><\/li>\n<\/ul>\n<ul>\n<li><a href=\"https:\/\/www.heappy.com\/es\/monturas-de-gafas-al-por-mayor\/\" target=\"_blank\" rel=\"noopener\">Venta al por mayor de monturas de gafas<\/a><\/li>\n<li><a href=\"https:\/\/www.heappy.com\/es\/monturas-de-gafas-personalizadas\/\" target=\"_blank\" rel=\"noopener\">Monturas de gafas personalizadas<\/a><\/li>\n<\/ul>\n<\/div><div class=\"fusion-sep-clear\"><\/div><div class=\"fusion-separator fusion-full-width-sep\" style=\"margin-left: auto;margin-right: auto;width:100%;\"><div class=\"fusion-separator-border sep-single sep-solid\" style=\"--awb-height:20px;--awb-amount:20px;border-color:#e0dede;border-top-width:1px;\"><\/div><\/div><div class=\"fusion-sep-clear\"><\/div><div class=\"fusion-text fusion-text-5\" style=\"--awb-text-transform:none;\"><ul>\n<li><a href=\"https:\/\/www.heappy.com\/es\/gafas-de-sol-al-por-mayor-en-china\/\" target=\"_blank\" rel=\"noopener noreferrer\">Gafas de sol al por mayor<\/a><\/li>\n<li><a href=\"https:\/\/www.heappy.com\/es\/fabricantes-de-gafas-de-sol-personalizadas-de-china\/\" target=\"_blank\" rel=\"noopener noreferrer\">Gafas de sol y anteojos personalizados<\/a><\/li>\n<\/ul>\n<ul>\n<li class=\"p1\"><a href=\"https:\/\/www.heappy.com\/es\/gafas-de-sol-para-ninos-al-por-mayor\/\" target=\"_blank\" rel=\"noopener\">Venta al por mayor de gafas de sol para ni\u00f1os<\/a><\/li>\n<li class=\"p1\"><a href=\"https:\/\/www.heappy.com\/es\/gafas-de-sol-para-mujer-al-por-mayor\/\" target=\"_blank\" rel=\"noopener\">Venta al por mayor de gafas de sol para mujer<\/a><\/li>\n<li><a href=\"https:\/\/www.heappy.com\/es\/gafas-de-sol-para-hombre-al-por-mayor\/\" target=\"_blank\" rel=\"noopener\">Venta al por mayor de gafas de sol para hombre<\/a><\/li>\n<\/ul>\n<ul>\n<li><a href=\"https:\/\/www.heappy.com\/es\/gafas-de-sol-polarizadas-al-por-mayor\/\" target=\"_blank\" rel=\"noopener\">Gafas de sol polarizadas al por mayor<\/a><\/li>\n<li><a href=\"https:\/\/www.heappy.com\/es\/gafas-de-sol-polarizadas-personalizadas\/\" target=\"_blank\" rel=\"noopener\">Gafas de sol polarizadas personalizadas<\/a><\/li>\n<\/ul>\n<ul>\n<li><a href=\"https:\/\/www.heappy.com\/es\/gafas-de-sol-de-aviador-al-por-mayor\/\" target=\"_blank\" rel=\"noopener\">Venta al por mayor de gafas de sol de aviador<\/a><\/li>\n<li><a href=\"https:\/\/www.heappy.com\/es\/gafas-de-sol-de-aviador-personalizadas\/\" target=\"_blank\" rel=\"noopener\">Gafas de sol de aviador personalizadas<\/a><\/li>\n<\/ul>\n<ul>\n<li><a href=\"https:\/\/www.heappy.com\/es\/wholesale-fashion-sunglasses\/\" target=\"_blank\" rel=\"noopener\">Gafas de sol de moda al por mayor<\/a><\/li>\n<li><a href=\"https:\/\/www.heappy.com\/es\/wholesale-vintage-sunglasses\/\" target=\"_blank\" rel=\"noopener\">Gafas de sol vintage al por mayor<\/a><\/li>\n<li><a href=\"https:\/\/www.heappy.com\/es\/gafas-de-sol-de-disenador-al-por-mayor\/\" target=\"_blank\" rel=\"noopener\">Venta al por mayor de gafas de sol de dise\u00f1o<\/a><\/li>\n<li><a href=\"https:\/\/www.heappy.com\/es\/gafas-de-sol-de-ojo-de-gato-al-por-mayor\/\" target=\"_blank\" rel=\"noopener\">Mayorista Gafas de Sol Cat Eye<\/a><\/li>\n<\/ul>\n<ul>\n<li><a href=\"https:\/\/www.heappy.com\/es\/gafas-de-sol-de-plastico-al-por-mayor\/\" target=\"_blank\" rel=\"noopener\">Gafas de sol de pl\u00e1stico al por mayor<\/a><\/li>\n<li><a href=\"https:\/\/www.heappy.com\/es\/gafas-de-sol-de-plastico-personalizadas\/\" target=\"_blank\" rel=\"noopener\">Gafas de sol de pl\u00e1stico personalizadas<\/a><\/li>\n<\/ul>\n<ul>\n<li class=\"p1\"><a href=\"https:\/\/www.heappy.com\/es\/fabricante-de-gafas-de-sol-de-acetato\/\" target=\"_blank\" rel=\"noopener\">Gafas de sol de acetato Fabricantes<\/a><\/li>\n<li class=\"p1\"><a href=\"https:\/\/www.heappy.com\/es\/gafas-de-sol-de-acetato-al-por-mayor\/\" target=\"_blank\" rel=\"noopener\">Gafas de sol de acetato al por mayor<\/a><\/li>\n<\/ul>\n<\/div><div class=\"fusion-sep-clear\"><\/div><div class=\"fusion-separator fusion-full-width-sep\" style=\"margin-left: auto;margin-right: auto;width:100%;\"><div class=\"fusion-separator-border sep-single sep-solid\" style=\"--awb-height:20px;--awb-amount:20px;border-color:#e0dede;border-top-width:1px;\"><\/div><\/div><div class=\"fusion-sep-clear\"><\/div><div class=\"fusion-text fusion-text-6\" style=\"--awb-text-transform:none;\"><ul>\n<li><a href=\"https:\/\/www.heappy.com\/es\/gafas-de-esqui-al-por-mayor\/\" target=\"_blank\" rel=\"noopener\">Gafas de esqu\u00ed al por mayor<\/a><\/li>\n<li class=\"p1\"><a href=\"https:\/\/www.heappy.com\/es\/gafas-de-esqui-personalizadas\/\" target=\"_blank\" rel=\"noopener\">Gafas de esqu\u00ed personalizadas<\/a><\/li>\n<\/ul>\n<\/div><div class=\"fusion-clearfix\"><\/div><\/div><\/div><\/div><\/div>","protected":false},"excerpt":{"rendered":"","protected":false},"author":1,"featured_media":0,"parent":0,"menu_order":0,"comment_status":"closed","ping_status":"closed","template":"","meta":{"om_disable_all_campaigns":false,"_monsterinsights_skip_tracking":false,"_monsterinsights_sitenote_active":false,"_monsterinsights_sitenote_note":"","_monsterinsights_sitenote_category":0,"footnotes":""},"class_list":["post-73","page","type-page","status-publish","hentry"],"yoast_head":"<!-- This site is optimized with the Yoast SEO plugin v27.4 - https:\/\/yoast.com\/product\/yoast-seo-wordpress\/ -->\n<title>Sitemap - Sunglasses Supplier China &amp; Eyewear Factory<\/title>\n<meta name=\"description\" content=\"This Sitemap Let You More Clear When Review Our Website and Get the Sunglasses &amp; Eyewear You need, We Will Always Be Behind You and Good Cooperative Sunglasses Manufacturer &amp; Eyewear Supplier in China for Your Business.\" \/>\n<meta name=\"robots\" content=\"index, follow, max-snippet:-1, max-image-preview:large, max-video-preview:-1\" \/>\n<link rel=\"canonical\" href=\"https:\/\/www.heappy.com\/es\/mapa-del-sitio\/\" \/>\n<meta property=\"og:locale\" content=\"es_ES\" \/>\n<meta property=\"og:type\" content=\"article\" \/>\n<meta property=\"og:title\" content=\"Sitemap - Sunglasses Supplier China &amp; Eyewear Factory\" \/>\n<meta property=\"og:description\" content=\"This Sitemap Let You More Clear When Review Our Website and Get the Sunglasses &amp; Eyewear You need, We Will Always Be Behind You and Good Cooperative Sunglasses Manufacturer &amp; Eyewear Supplier in China for Your Business.\" \/>\n<meta property=\"og:url\" content=\"https:\/\/www.heappy.com\/es\/mapa-del-sitio\/\" \/>\n<meta property=\"og:site_name\" content=\"heappy.com\" \/>\n<meta property=\"article:modified_time\" content=\"2022-08-26T10:24:05+00:00\" \/>\n<meta name=\"twitter:card\" content=\"summary_large_image\" \/>\n<meta name=\"twitter:label1\" content=\"Tiempo de lectura\" \/>\n\t<meta name=\"twitter:data1\" content=\"2 minutos\" \/>\n<script type=\"application\/ld+json\" class=\"yoast-schema-graph\">{\"@context\":\"https:\\\/\\\/schema.org\",\"@graph\":[{\"@type\":\"WebPage\",\"@id\":\"https:\\\/\\\/www.heappy.com\\\/site-map\\\/\",\"url\":\"https:\\\/\\\/www.heappy.com\\\/site-map\\\/\",\"name\":\"Sitemap - Sunglasses Supplier China & Eyewear Factory\",\"isPartOf\":{\"@id\":\"https:\\\/\\\/www.heappy.com\\\/#website\"},\"datePublished\":\"2019-01-08T01:48:21+00:00\",\"dateModified\":\"2022-08-26T10:24:05+00:00\",\"description\":\"This Sitemap Let You More Clear When Review Our Website and Get the Sunglasses & Eyewear You need, We Will Always Be Behind You and Good Cooperative Sunglasses Manufacturer & Eyewear Supplier in China for Your Business.\",\"breadcrumb\":{\"@id\":\"https:\\\/\\\/www.heappy.com\\\/site-map\\\/#breadcrumb\"},\"inLanguage\":\"es\",\"potentialAction\":[{\"@type\":\"ReadAction\",\"target\":[\"https:\\\/\\\/www.heappy.com\\\/site-map\\\/\"]}]},{\"@type\":\"BreadcrumbList\",\"@id\":\"https:\\\/\\\/www.heappy.com\\\/site-map\\\/#breadcrumb\",\"itemListElement\":[{\"@type\":\"ListItem\",\"position\":1,\"name\":\"Home\",\"item\":\"https:\\\/\\\/www.heappy.com\\\/\"},{\"@type\":\"ListItem\",\"position\":2,\"name\":\"Site Map\"}]},{\"@type\":\"WebSite\",\"@id\":\"https:\\\/\\\/www.heappy.com\\\/#website\",\"url\":\"https:\\\/\\\/www.heappy.com\\\/\",\"name\":\"heappy.com\",\"description\":\"Eyewear Manufacturer\",\"potentialAction\":[{\"@type\":\"SearchAction\",\"target\":{\"@type\":\"EntryPoint\",\"urlTemplate\":\"https:\\\/\\\/www.heappy.com\\\/?s={search_term_string}\"},\"query-input\":{\"@type\":\"PropertyValueSpecification\",\"valueRequired\":true,\"valueName\":\"search_term_string\"}}],\"inLanguage\":\"es\"}]}<\/script>\n<!-- \/ Yoast SEO plugin. -->","yoast_head_json":{"title":"Mapa del sitio - Proveedor de gafas de sol y f\u00e1brica de gafas en China","description":"Este mapa del sitio le permite m\u00e1s claridad al revisar nuestro sitio web y obtener las gafas de sol y los anteojos que necesita. Siempre estaremos detr\u00e1s de usted y seremos un buen fabricante cooperativo de gafas de sol y proveedor de anteojos en China para su negocio.","robots":{"index":"index","follow":"follow","max-snippet":"max-snippet:-1","max-image-preview":"max-image-preview:large","max-video-preview":"max-video-preview:-1"},"canonical":"https:\/\/www.heappy.com\/es\/mapa-del-sitio\/","og_locale":"es_ES","og_type":"article","og_title":"Sitemap - Sunglasses Supplier China & Eyewear Factory","og_description":"This Sitemap Let You More Clear When Review Our Website and Get the Sunglasses & Eyewear You need, We Will Always Be Behind You and Good Cooperative Sunglasses Manufacturer & Eyewear Supplier in China for Your Business.","og_url":"https:\/\/www.heappy.com\/es\/mapa-del-sitio\/","og_site_name":"heappy.com","article_modified_time":"2022-08-26T10:24:05+00:00","twitter_card":"summary_large_image","twitter_misc":{"Tiempo de lectura":"2 minutos"},"schema":{"@context":"https:\/\/schema.org","@graph":[{"@type":"WebPage","@id":"https:\/\/www.heappy.com\/site-map\/","url":"https:\/\/www.heappy.com\/site-map\/","name":"Mapa del sitio - Proveedor de gafas de sol y f\u00e1brica de gafas en China","isPartOf":{"@id":"https:\/\/www.heappy.com\/#website"},"datePublished":"2019-01-08T01:48:21+00:00","dateModified":"2022-08-26T10:24:05+00:00","description":"Este mapa del sitio le permite m\u00e1s claridad al revisar nuestro sitio web y obtener las gafas de sol y los anteojos que necesita. Siempre estaremos detr\u00e1s de usted y seremos un buen fabricante cooperativo de gafas de sol y proveedor de anteojos en China para su negocio.","breadcrumb":{"@id":"https:\/\/www.heappy.com\/site-map\/#breadcrumb"},"inLanguage":"es","potentialAction":[{"@type":"ReadAction","target":["https:\/\/www.heappy.com\/site-map\/"]}]},{"@type":"BreadcrumbList","@id":"https:\/\/www.heappy.com\/site-map\/#breadcrumb","itemListElement":[{"@type":"ListItem","position":1,"name":"Home","item":"https:\/\/www.heappy.com\/"},{"@type":"ListItem","position":2,"name":"Site Map"}]},{"@type":"WebSite","@id":"https:\/\/www.heappy.com\/#website","url":"https:\/\/www.heappy.com\/","name":"heappy.com","description":"Fabricante de gafas","potentialAction":[{"@type":"SearchAction","target":{"@type":"EntryPoint","urlTemplate":"https:\/\/www.heappy.com\/?s={search_term_string}"},"query-input":{"@type":"PropertyValueSpecification","valueRequired":true,"valueName":"search_term_string"}}],"inLanguage":"es"}]}},"_links":{"self":[{"href":"https:\/\/www.heappy.com\/es\/wp-json\/wp\/v2\/pages\/73","targetHints":{"allow":["GET"]}}],"collection":[{"href":"https:\/\/www.heappy.com\/es\/wp-json\/wp\/v2\/pages"}],"about":[{"href":"https:\/\/www.heappy.com\/es\/wp-json\/wp\/v2\/types\/page"}],"author":[{"embeddable":true,"href":"https:\/\/www.heappy.com\/es\/wp-json\/wp\/v2\/users\/1"}],"replies":[{"embeddable":true,"href":"https:\/\/www.heappy.com\/es\/wp-json\/wp\/v2\/comments?post=73"}],"version-history":[{"count":6,"href":"https:\/\/www.heappy.com\/es\/wp-json\/wp\/v2\/pages\/73\/revisions"}],"predecessor-version":[{"id":11413,"href":"https:\/\/www.heappy.com\/es\/wp-json\/wp\/v2\/pages\/73\/revisions\/11413"}],"wp:attachment":[{"href":"https:\/\/www.heappy.com\/es\/wp-json\/wp\/v2\/media?parent=73"}],"curies":[{"name":"wp","href":"https:\/\/api.w.org\/{rel}","templated":true}]}}