{"id":12,"date":"2019-01-07T08:13:38","date_gmt":"2019-01-07T08:13:38","guid":{"rendered":"https:\/\/www.heappy.com\/?page_id=12"},"modified":"2024-12-31T01:52:11","modified_gmt":"2024-12-31T01:52:11","slug":"contactanos","status":"publish","type":"page","link":"https:\/\/www.heappy.com\/es\/contact-us\/","title":{"rendered":"Contacte con nosotros"},"content":{"rendered":"<div class=\"fusion-fullwidth fullwidth-box fusion-builder-row-1 nonhundred-percent-fullwidth non-hundred-percent-height-scrolling\" style=\"--awb-border-radius-top-left:0px;--awb-border-radius-top-right:0px;--awb-border-radius-bottom-right:0px;--awb-border-radius-bottom-left:0px;--awb-flex-wrap:wrap;\" ><div class=\"fusion-builder-row fusion-row\"><div class=\"fusion-layout-column fusion_builder_column fusion-builder-column-0 fusion_builder_column_3_5 3_5 fusion-three-fifth fusion-column-first\" style=\"--awb-bg-size:cover;width:60%;width:calc(60% - ( ( 4% ) * 0.6 ) );margin-right: 4%;\"><div class=\"fusion-column-wrapper fusion-flex-column-wrapper-legacy\"><div class=\"fusion-text fusion-text-1\"><div id='wufoo-r1s2q1e184qock'>\nFill out my <a href='https:\/\/heappy.wufoo.com\/forms\/r1s2q1e184qock'>online form<\/a>.\n<\/div>\n<script type='text\/javascript'>var r1s2q1e184qock;(function(d, t) {\nvar s = d.createElement(t), options = {\n'userName'      : 'heappy',    \n'formHash'      : 'r1s2q1e184qock',    \n'autoResize'    :  true,   \n'height'        : '762',      \n'async'         :  true,          \n'header'        : 'show',      \n'host'          : 'wufoo.com',    \n'entSource'     : 'wordpress',   \n'defaultValues' : ''     \n,'ssl'          :  1           };\ns.src = ('https:' == d.location.protocol ? 'https:\/\/' : 'http:\/\/') + 'secure.wufoo.com\/scripts\/embed\/form.js';\ns.onload = s.onreadystatechange = function() {\nvar rs = this.readyState; if (rs) if (rs != 'complete') if (rs != 'loaded') return;\ntry { r1s2q1e184qock = new WufooForm();r1s2q1e184qock.initialize(options);r1s2q1e184qock.display(); } catch (e) {}}\nvar scr = d.getElementsByTagName(t)[0], par = scr.parentNode; par.insertBefore(s, scr);\n})(document, 'script');<\/script> <noscript> <iframe height=\"762\" allowTransparency=\"true\" sandbox=\"allow-top-navigation allow-scripts allow-popups allow-forms allow-same-origin allow-popups-to-escape-sandbox\" frameborder=\"0\" scrolling=\"no\" style=\"width:100%;border:none;\"src=\"https:\/\/heappy.wufoo.com\/embed\/r1s2q1e184qock?entsource=wordpress\"><a href=\"https:\/\/heappy.wufoo.com\/forms\/r1s2q1e184qock?entsource=wordpress\" rel=\"nofollow\">Fill out my Wufoo form!<\/a><\/iframe> <\/noscript>\n<\/div><div class=\"fusion-clearfix\"><\/div><\/div><\/div><div class=\"fusion-layout-column fusion_builder_column fusion-builder-column-1 fusion_builder_column_2_5 2_5 fusion-two-fifth fusion-column-last\" style=\"--awb-bg-size:cover;width:40%;width:calc(40% - ( ( 4% ) * 0.4 ) );\"><div class=\"fusion-column-wrapper fusion-flex-column-wrapper-legacy\"><div class=\"fusion-text fusion-text-2\"><h2><strong>Wholesalers and Distributors Wanted!<\/strong><\/h2>\n<p class=\"p1\">We are a professional China sunglasses manufacturer &amp; glasses factory, we are looking for distributors and wholesalers to cooperate to sell our SUNGLASSES &amp; EYEWEAR around the world now, we will help to MAKE YOUR BUSINESS MORE PROFITABLE!<span class=\"Apple-converted-space\">\u00a0<\/span><\/p>\n<p class=\"p1\">Welcome contact us,\u00a0thank you.<\/p>\n<\/div><div class=\"fusion-clearfix\"><\/div><\/div><\/div><\/div><\/div>\n","protected":false},"excerpt":{"rendered":"","protected":false},"author":1,"featured_media":0,"parent":0,"menu_order":0,"comment_status":"closed","ping_status":"closed","template":"","meta":{"om_disable_all_campaigns":false,"_monsterinsights_skip_tracking":false,"_monsterinsights_sitenote_active":false,"_monsterinsights_sitenote_note":"","_monsterinsights_sitenote_category":0,"footnotes":""},"class_list":["post-12","page","type-page","status-publish","hentry"],"yoast_head":"<!-- This site is optimized with the Yoast SEO plugin v27.4 - https:\/\/yoast.com\/product\/yoast-seo-wordpress\/ -->\n<title>Contact and Improve Your Sunglasses &amp; Eyewear Supply Chain from China Now!<\/title>\n<meta name=\"description\" content=\"Heappy Will Always Be Your Best Eyewear &amp; Sunglasses Manufacturer in China, Contact Heappy for Any Problems When You Import Sunglasses From China.\" \/>\n<meta name=\"robots\" content=\"index, follow, max-snippet:-1, max-image-preview:large, max-video-preview:-1\" \/>\n<link rel=\"canonical\" href=\"https:\/\/www.heappy.com\/es\/contactanos\/\" \/>\n<meta property=\"og:locale\" content=\"es_ES\" \/>\n<meta property=\"og:type\" content=\"article\" \/>\n<meta property=\"og:title\" content=\"Contact and Improve Your Sunglasses &amp; Eyewear Supply Chain from China Now!\" \/>\n<meta property=\"og:description\" content=\"Heappy Will Always Be Your Best Eyewear &amp; Sunglasses Manufacturer in China, Contact Heappy for Any Problems When You Import Sunglasses From China.\" \/>\n<meta property=\"og:url\" content=\"https:\/\/www.heappy.com\/es\/contactanos\/\" \/>\n<meta property=\"og:site_name\" content=\"heappy.com\" \/>\n<meta property=\"article:modified_time\" content=\"2024-12-31T01:52:11+00:00\" \/>\n<meta name=\"twitter:card\" content=\"summary_large_image\" \/>\n<meta name=\"twitter:label1\" content=\"Tiempo de lectura\" \/>\n\t<meta name=\"twitter:data1\" content=\"1 minuto\" \/>\n<script type=\"application\/ld+json\" class=\"yoast-schema-graph\">{\"@context\":\"https:\\\/\\\/schema.org\",\"@graph\":[{\"@type\":\"WebPage\",\"@id\":\"https:\\\/\\\/www.heappy.com\\\/contact-us\\\/\",\"url\":\"https:\\\/\\\/www.heappy.com\\\/contact-us\\\/\",\"name\":\"Contact and Improve Your Sunglasses & Eyewear Supply Chain from China Now!\",\"isPartOf\":{\"@id\":\"https:\\\/\\\/www.heappy.com\\\/#website\"},\"datePublished\":\"2019-01-07T08:13:38+00:00\",\"dateModified\":\"2024-12-31T01:52:11+00:00\",\"description\":\"Heappy Will Always Be Your Best Eyewear & Sunglasses Manufacturer in China, Contact Heappy for Any Problems When You Import Sunglasses From China.\",\"breadcrumb\":{\"@id\":\"https:\\\/\\\/www.heappy.com\\\/contact-us\\\/#breadcrumb\"},\"inLanguage\":\"es\",\"potentialAction\":[{\"@type\":\"ReadAction\",\"target\":[\"https:\\\/\\\/www.heappy.com\\\/contact-us\\\/\"]}]},{\"@type\":\"BreadcrumbList\",\"@id\":\"https:\\\/\\\/www.heappy.com\\\/contact-us\\\/#breadcrumb\",\"itemListElement\":[{\"@type\":\"ListItem\",\"position\":1,\"name\":\"Home\",\"item\":\"https:\\\/\\\/www.heappy.com\\\/\"},{\"@type\":\"ListItem\",\"position\":2,\"name\":\"Contact Us\"}]},{\"@type\":\"WebSite\",\"@id\":\"https:\\\/\\\/www.heappy.com\\\/#website\",\"url\":\"https:\\\/\\\/www.heappy.com\\\/\",\"name\":\"heappy.com\",\"description\":\"Eyewear Manufacturer\",\"potentialAction\":[{\"@type\":\"SearchAction\",\"target\":{\"@type\":\"EntryPoint\",\"urlTemplate\":\"https:\\\/\\\/www.heappy.com\\\/?s={search_term_string}\"},\"query-input\":{\"@type\":\"PropertyValueSpecification\",\"valueRequired\":true,\"valueName\":\"search_term_string\"}}],\"inLanguage\":\"es\"}]}<\/script>\n<!-- \/ Yoast SEO plugin. -->","yoast_head_json":{"title":"\u00a1Cont\u00e1ctenos y mejore su cadena de suministro de gafas de sol y anteojos desde China ahora!","description":"Heappy siempre ser\u00e1 su mejor fabricante de gafas y gafas de sol en China. Comun\u00edquese con Heappy si tiene alg\u00fan problema al importar gafas de sol de China.","robots":{"index":"index","follow":"follow","max-snippet":"max-snippet:-1","max-image-preview":"max-image-preview:large","max-video-preview":"max-video-preview:-1"},"canonical":"https:\/\/www.heappy.com\/es\/contactanos\/","og_locale":"es_ES","og_type":"article","og_title":"Contact and Improve Your Sunglasses & Eyewear Supply Chain from China Now!","og_description":"Heappy Will Always Be Your Best Eyewear & Sunglasses Manufacturer in China, Contact Heappy for Any Problems When You Import Sunglasses From China.","og_url":"https:\/\/www.heappy.com\/es\/contactanos\/","og_site_name":"heappy.com","article_modified_time":"2024-12-31T01:52:11+00:00","twitter_card":"summary_large_image","twitter_misc":{"Tiempo de lectura":"1 minuto"},"schema":{"@context":"https:\/\/schema.org","@graph":[{"@type":"WebPage","@id":"https:\/\/www.heappy.com\/contact-us\/","url":"https:\/\/www.heappy.com\/contact-us\/","name":"\u00a1Cont\u00e1ctenos y mejore su cadena de suministro de gafas de sol y anteojos desde China ahora!","isPartOf":{"@id":"https:\/\/www.heappy.com\/#website"},"datePublished":"2019-01-07T08:13:38+00:00","dateModified":"2024-12-31T01:52:11+00:00","description":"Heappy siempre ser\u00e1 su mejor fabricante de gafas y gafas de sol en China. Comun\u00edquese con Heappy si tiene alg\u00fan problema al importar gafas de sol de China.","breadcrumb":{"@id":"https:\/\/www.heappy.com\/contact-us\/#breadcrumb"},"inLanguage":"es","potentialAction":[{"@type":"ReadAction","target":["https:\/\/www.heappy.com\/contact-us\/"]}]},{"@type":"BreadcrumbList","@id":"https:\/\/www.heappy.com\/contact-us\/#breadcrumb","itemListElement":[{"@type":"ListItem","position":1,"name":"Home","item":"https:\/\/www.heappy.com\/"},{"@type":"ListItem","position":2,"name":"Contact Us"}]},{"@type":"WebSite","@id":"https:\/\/www.heappy.com\/#website","url":"https:\/\/www.heappy.com\/","name":"heappy.com","description":"Fabricante de gafas","potentialAction":[{"@type":"SearchAction","target":{"@type":"EntryPoint","urlTemplate":"https:\/\/www.heappy.com\/?s={search_term_string}"},"query-input":{"@type":"PropertyValueSpecification","valueRequired":true,"valueName":"search_term_string"}}],"inLanguage":"es"}]}},"_links":{"self":[{"href":"https:\/\/www.heappy.com\/es\/wp-json\/wp\/v2\/pages\/12","targetHints":{"allow":["GET"]}}],"collection":[{"href":"https:\/\/www.heappy.com\/es\/wp-json\/wp\/v2\/pages"}],"about":[{"href":"https:\/\/www.heappy.com\/es\/wp-json\/wp\/v2\/types\/page"}],"author":[{"embeddable":true,"href":"https:\/\/www.heappy.com\/es\/wp-json\/wp\/v2\/users\/1"}],"replies":[{"embeddable":true,"href":"https:\/\/www.heappy.com\/es\/wp-json\/wp\/v2\/comments?post=12"}],"version-history":[{"count":5,"href":"https:\/\/www.heappy.com\/es\/wp-json\/wp\/v2\/pages\/12\/revisions"}],"predecessor-version":[{"id":11958,"href":"https:\/\/www.heappy.com\/es\/wp-json\/wp\/v2\/pages\/12\/revisions\/11958"}],"wp:attachment":[{"href":"https:\/\/www.heappy.com\/es\/wp-json\/wp\/v2\/media?parent=12"}],"curies":[{"name":"wp","href":"https:\/\/api.w.org\/{rel}","templated":true}]}}