{"id":73,"date":"2019-01-08T01:48:21","date_gmt":"2019-01-08T01:48:21","guid":{"rendered":"https:\/\/www.heappy.com\/?page_id=73"},"modified":"2022-08-26T10:24:05","modified_gmt":"2022-08-26T10:24:05","slug":"site-map","status":"publish","type":"page","link":"https:\/\/www.heappy.com\/cs\/site-map\/","title":{"rendered":"Mapa str\u00e1nek"},"content":{"rendered":"<div class=\"fusion-fullwidth fullwidth-box fusion-builder-row-1 nonhundred-percent-fullwidth non-hundred-percent-height-scrolling\" style=\"--awb-border-radius-top-left:0px;--awb-border-radius-top-right:0px;--awb-border-radius-bottom-right:0px;--awb-border-radius-bottom-left:0px;--awb-flex-wrap:wrap;\" ><div class=\"fusion-builder-row fusion-row\"><div class=\"fusion-layout-column fusion_builder_column fusion-builder-column-0 fusion_builder_column_1_2 1_2 fusion-one-half fusion-column-first\" style=\"--awb-bg-size:cover;width:50%;width:calc(50% - ( ( 4% ) * 0.5 ) );margin-right: 4%;\"><div class=\"fusion-column-wrapper fusion-flex-column-wrapper-legacy\"><div class=\"fusion-text fusion-text-1\"><p><a href=\"https:\/\/www.heappy.com\/cs\/\" target=\"_blank\" rel=\"noopener noreferrer\">Home<\/a><\/p>\n<p><a href=\"https:\/\/www.heappy.com\/cs\/o-nas\/\" target=\"_blank\" rel=\"noopener noreferrer\">O n\u00e1s<\/a><\/p>\n<p><a href=\"https:\/\/www.heappy.com\/cs\/kontaktujte-nas\/\" target=\"_blank\" rel=\"noopener noreferrer\">Kontaktujte n\u00e1s<\/a><\/p>\n<p><strong><a href=\"https:\/\/www.heappy.com\/cs\/zdroje\/\" target=\"_blank\" rel=\"noopener noreferrer\">Zdroje<\/a><\/strong><\/p>\n<\/div><div class=\"fusion-text fusion-text-2\"><p><strong><a href=\"https:\/\/www.heappy.com\/cs\/produkt\/\" target=\"_blank\" rel=\"noopener noreferrer\">Products<\/a><\/strong><\/p>\n<ul>\n<li class=\"p1\"><a href=\"https:\/\/www.heappy.com\/cs\/sunglasses-manufacturer-in-china\/\" target=\"_blank\" rel=\"noopener noreferrer\"><span class=\"s1\">Women\u2019s + Men&#8217;s + Kid&#8217;s Sunglasses<\/span><\/a><\/li>\n<li class=\"p1\"><a href=\"https:\/\/www.heappy.com\/cs\/dodavatel-sportovnich-slunecnich-bryli-cina\/\" target=\"_blank\" rel=\"noopener noreferrer\"><span class=\"s1\">Sportovn\u00ed slune\u010dn\u00ed br\u00fdle<\/span><\/a><\/li>\n<li class=\"p1\"><a href=\"https:\/\/www.heappy.com\/cs\/anti-blue-light-glasses-supplier\/\" target=\"_blank\" rel=\"noopener noreferrer\"><span class=\"s1\">Br\u00fdle proti modr\u00e9mu sv\u011btlu<\/span><\/a><\/li>\n<li class=\"p1\"><a href=\"https:\/\/www.heappy.com\/cs\/vyrobce-brylovych-obrub\/\" target=\"_blank\" rel=\"noopener\"><span class=\"s1\">Kid&#8217;s &amp; Adult&#8217;s Glasses Frames<\/span><\/a><\/li>\n<li><a href=\"https:\/\/www.heappy.com\/cs\/velkoobchodni-prodej-lyzarskych-bryli\/\" target=\"_blank\" rel=\"noopener\">Ly\u017ea\u0159sk\u00e9 br\u00fdle<\/a><\/li>\n<li><a href=\"https:\/\/www.heappy.com\/cs\/ochranne-bryle\/\" target=\"_blank\" rel=\"noopener\">Safety Goggles \/ Medical Goggles<\/a><\/li>\n<\/ul>\n<\/div><div class=\"fusion-sep-clear\"><\/div><div class=\"fusion-separator fusion-full-width-sep\" style=\"margin-left: auto;margin-right: auto;margin-top:10px;margin-bottom:10px;width:100%;\"><\/div><div class=\"fusion-sep-clear\"><\/div><div class=\"fusion-text fusion-text-3\"><p><strong>Sb\u00edrky<\/strong><\/p>\n<ul>\n<li class=\"p1\"><a href=\"https:\/\/www.heappy.com\/cs\/kolekce-damskych-slunecnich-bryli\/\" target=\"_blank\" rel=\"noopener noreferrer\"><span class=\"s1\">Kolekce d\u00e1msk\u00fdch slune\u010dn\u00edch br\u00fdl\u00ed<\/span><\/a><\/li>\n<li class=\"p1\"><a href=\"https:\/\/www.heappy.com\/cs\/mens-sunglasses-collections\/\" target=\"_blank\" rel=\"noopener noreferrer\"><span class=\"s1\">Kolekce p\u00e1nsk\u00fdch slune\u010dn\u00edch br\u00fdl\u00ed<\/span><\/a><\/li>\n<li class=\"p1\"><a href=\"https:\/\/www.heappy.com\/cs\/kids-sunglasses-collections\/\" target=\"_blank\" rel=\"noopener noreferrer\"><span class=\"s1\">Kolekce d\u011btsk\u00fdch slune\u010dn\u00edch br\u00fdl\u00ed<\/span><\/a><\/li>\n<li class=\"p1\"><a href=\"https:\/\/www.heappy.com\/cs\/sports-sunglasses-collections\/\" target=\"_blank\" rel=\"noopener noreferrer\"><span class=\"s1\">Sb\u00edrky sportovn\u00edch slune\u010dn\u00edch br\u00fdl\u00ed<\/span><\/a><\/li>\n<li class=\"p1\"><a href=\"https:\/\/www.heappy.com\/cs\/kids-optical-glasses-collections\/\" target=\"_blank\" rel=\"noopener noreferrer\"><span class=\"s1\">Kid&#8217;s Optical Glasses Collections<\/span><\/a><\/li>\n<\/ul>\n<\/div><div class=\"fusion-clearfix\"><\/div><\/div><\/div><div class=\"fusion-layout-column fusion_builder_column fusion-builder-column-1 fusion_builder_column_1_2 1_2 fusion-one-half fusion-column-last\" style=\"--awb-bg-size:cover;width:50%;width:calc(50% - ( ( 4% ) * 0.5 ) );\"><div class=\"fusion-column-wrapper fusion-flex-column-wrapper-legacy\"><div class=\"fusion-text fusion-text-4\" style=\"--awb-text-transform:none;\"><p><strong>Service<\/strong><\/p>\n<ul>\n<li><a href=\"https:\/\/www.heappy.com\/cs\/velkoobchodni-bryle-s-modrym-svetlem\/\" target=\"_blank\" rel=\"noopener noreferrer\">Velkoobchodn\u00ed modr\u00e9 sv\u011bteln\u00e9 br\u00fdle<\/a><\/li>\n<li><a href=\"https:\/\/www.heappy.com\/cs\/vlastni-bryle-s-modrym-svetlem\/\" target=\"_blank\" rel=\"noopener\">Vlastn\u00ed br\u00fdle s modr\u00fdm sv\u011btlem<\/a><\/li>\n<\/ul>\n<ul>\n<li class=\"p1\"><a href=\"https:\/\/www.heappy.com\/cs\/eyeglasses-factory-china\/\" target=\"_blank\" rel=\"noopener\">Eyeglasses Factory<\/a><\/li>\n<li class=\"p1\"><a href=\"https:\/\/www.heappy.com\/cs\/velkoobchod-bryli-v-cine\/\" target=\"_blank\" rel=\"noopener noreferrer\"><span class=\"s1\">Wholesale Eyeglasses<\/span><\/a><\/li>\n<\/ul>\n<ul>\n<li><a href=\"https:\/\/www.heappy.com\/cs\/wholesale-glasses-frames\/\" target=\"_blank\" rel=\"noopener\">Velkoobchod s br\u00fdlov\u00fdmi obrou\u010dkami<\/a><\/li>\n<li><a href=\"https:\/\/www.heappy.com\/cs\/bryle-na-zakazku\/\" target=\"_blank\" rel=\"noopener\">Vlastn\u00ed br\u00fdlov\u00e9 obruby<\/a><\/li>\n<\/ul>\n<\/div><div class=\"fusion-sep-clear\"><\/div><div class=\"fusion-separator fusion-full-width-sep\" style=\"margin-left: auto;margin-right: auto;width:100%;\"><div class=\"fusion-separator-border sep-single sep-solid\" style=\"--awb-height:20px;--awb-amount:20px;border-color:#e0dede;border-top-width:1px;\"><\/div><\/div><div class=\"fusion-sep-clear\"><\/div><div class=\"fusion-text fusion-text-5\" style=\"--awb-text-transform:none;\"><ul>\n<li><a href=\"https:\/\/www.heappy.com\/cs\/wholesale-sunglasses-in-china\/\" target=\"_blank\" rel=\"noopener noreferrer\">Velkoobchodn\u00ed slune\u010dn\u00ed br\u00fdle<\/a><\/li>\n<li><a href=\"https:\/\/www.heappy.com\/cs\/vlastni-vyrobci-slunecnich-bryli-v-cine\/\" target=\"_blank\" rel=\"noopener noreferrer\">Custom Sunglasses &amp; Eyewear<\/a><\/li>\n<\/ul>\n<ul>\n<li class=\"p1\"><a href=\"https:\/\/www.heappy.com\/cs\/velkoobchodni-prodej-detskych-slunecnich-bryli\/\" target=\"_blank\" rel=\"noopener\">Velkoobchodn\u00ed d\u011btsk\u00e9 slune\u010dn\u00ed br\u00fdle<\/a><\/li>\n<li class=\"p1\"><a href=\"https:\/\/www.heappy.com\/cs\/velkoobchod-damskych-slunecnich-bryli\/\" target=\"_blank\" rel=\"noopener\">Velkoobchod D\u00e1msk\u00e9 slune\u010dn\u00ed br\u00fdle<\/a><\/li>\n<li><a href=\"https:\/\/www.heappy.com\/cs\/velkoobchodni-prodej-panskych-slunecnich-bryli\/\" target=\"_blank\" rel=\"noopener\">Velkoobchodn\u00ed p\u00e1nsk\u00e9 slune\u010dn\u00ed br\u00fdle<\/a><\/li>\n<\/ul>\n<ul>\n<li><a href=\"https:\/\/www.heappy.com\/cs\/velkoobchodni-prodej-polarizacnich-slunecnich-bryli\/\" target=\"_blank\" rel=\"noopener\">Velkoobchodn\u00ed polarizovan\u00e9 slune\u010dn\u00ed br\u00fdle<\/a><\/li>\n<li><a href=\"https:\/\/www.heappy.com\/cs\/polarizovane-slunecni-bryle-na-zakazku\/\" target=\"_blank\" rel=\"noopener\">Vlastn\u00ed polarizovan\u00e9 slune\u010dn\u00ed br\u00fdle<\/a><\/li>\n<\/ul>\n<ul>\n<li><a href=\"https:\/\/www.heappy.com\/cs\/wholesale-aviator-sunglasses\/\" target=\"_blank\" rel=\"noopener\">Velkoobchod Aviator slune\u010dn\u00ed br\u00fdle<\/a><\/li>\n<li><a href=\"https:\/\/www.heappy.com\/cs\/letecke-slunecni-bryle-na-zakazku\/\" target=\"_blank\" rel=\"noopener\">Vlastn\u00ed slune\u010dn\u00ed br\u00fdle Aviator<\/a><\/li>\n<\/ul>\n<ul>\n<li><a href=\"https:\/\/www.heappy.com\/cs\/velkoobchodni-modni-slunecni-bryle\/\" target=\"_blank\" rel=\"noopener\">Velkoobchodn\u00ed m\u00f3dn\u00ed slune\u010dn\u00ed br\u00fdle<\/a><\/li>\n<li><a href=\"https:\/\/www.heappy.com\/cs\/wholesale-vintage-sunglasses\/\" target=\"_blank\" rel=\"noopener\">Velkoobchod Vintage slune\u010dn\u00ed br\u00fdle<\/a><\/li>\n<li><a href=\"https:\/\/www.heappy.com\/cs\/velkoobchod-znackovych-slunecnich-bryli\/\" target=\"_blank\" rel=\"noopener\">Velkoobchod Designov\u00e9 slune\u010dn\u00ed br\u00fdle<\/a><\/li>\n<li><a href=\"https:\/\/www.heappy.com\/cs\/wholesale-cat-eye-sunglasses\/\" target=\"_blank\" rel=\"noopener\">Velkoobchodn\u00ed slune\u010dn\u00ed br\u00fdle Cat Eye<\/a><\/li>\n<\/ul>\n<ul>\n<li><a href=\"https:\/\/www.heappy.com\/cs\/velkoobchodni-prodej-plastovych-slunecnich-bryli\/\" target=\"_blank\" rel=\"noopener\">Velkoobchod plastov\u00e9 slune\u010dn\u00ed br\u00fdle<\/a><\/li>\n<li><a href=\"https:\/\/www.heappy.com\/cs\/plastove-slunecni-bryle-na-zakazku\/\" target=\"_blank\" rel=\"noopener\">Plastov\u00e9 slune\u010dn\u00ed br\u00fdle na zak\u00e1zku<\/a><\/li>\n<\/ul>\n<ul>\n<li class=\"p1\"><a href=\"https:\/\/www.heappy.com\/cs\/vyrobce-acetatovych-slunecnich-bryli\/\" target=\"_blank\" rel=\"noopener\">V\u00fdrobce acet\u00e1tov\u00fdch slune\u010dn\u00edch br\u00fdl\u00ed<\/a><\/li>\n<li class=\"p1\"><a href=\"https:\/\/www.heappy.com\/cs\/velkoobchod-acetatovych-slunecnich-bryli\/\" target=\"_blank\" rel=\"noopener\">Velkoobchodn\u00ed acet\u00e1tov\u00e9 slune\u010dn\u00ed br\u00fdle<\/a><\/li>\n<\/ul>\n<\/div><div class=\"fusion-sep-clear\"><\/div><div class=\"fusion-separator fusion-full-width-sep\" style=\"margin-left: auto;margin-right: auto;width:100%;\"><div class=\"fusion-separator-border sep-single sep-solid\" style=\"--awb-height:20px;--awb-amount:20px;border-color:#e0dede;border-top-width:1px;\"><\/div><\/div><div class=\"fusion-sep-clear\"><\/div><div class=\"fusion-text fusion-text-6\" style=\"--awb-text-transform:none;\"><ul>\n<li><a href=\"https:\/\/www.heappy.com\/cs\/velkoobchodni-prodej-lyzarskych-bryli\/\" target=\"_blank\" rel=\"noopener\">Wholesale Ski Goggles<\/a><\/li>\n<li class=\"p1\"><a href=\"https:\/\/www.heappy.com\/cs\/lyzarske-bryle-na-miru\/\" target=\"_blank\" rel=\"noopener\">Ly\u017ea\u0159sk\u00e9 br\u00fdle na m\u00edru<\/a><\/li>\n<\/ul>\n<\/div><div class=\"fusion-clearfix\"><\/div><\/div><\/div><\/div><\/div>","protected":false},"excerpt":{"rendered":"","protected":false},"author":1,"featured_media":0,"parent":0,"menu_order":0,"comment_status":"closed","ping_status":"closed","template":"","meta":{"om_disable_all_campaigns":false,"_monsterinsights_skip_tracking":false,"_monsterinsights_sitenote_active":false,"_monsterinsights_sitenote_note":"","_monsterinsights_sitenote_category":0,"footnotes":""},"class_list":["post-73","page","type-page","status-publish","hentry"],"yoast_head":"<!-- This site is optimized with the Yoast SEO plugin v27.4 - https:\/\/yoast.com\/product\/yoast-seo-wordpress\/ -->\n<title>Sitemap - Sunglasses Supplier China &amp; Eyewear Factory<\/title>\n<meta name=\"description\" content=\"This Sitemap Let You More Clear When Review Our Website and Get the Sunglasses &amp; Eyewear You need, We Will Always Be Behind You and Good Cooperative Sunglasses Manufacturer &amp; Eyewear Supplier in China for Your Business.\" \/>\n<meta name=\"robots\" content=\"index, follow, max-snippet:-1, max-image-preview:large, max-video-preview:-1\" \/>\n<link rel=\"canonical\" href=\"https:\/\/www.heappy.com\/cs\/site-map\/\" \/>\n<meta property=\"og:locale\" content=\"cs_CZ\" \/>\n<meta property=\"og:type\" content=\"article\" \/>\n<meta property=\"og:title\" content=\"Sitemap - Sunglasses Supplier China &amp; Eyewear Factory\" \/>\n<meta property=\"og:description\" content=\"This Sitemap Let You More Clear When Review Our Website and Get the Sunglasses &amp; Eyewear You need, We Will Always Be Behind You and Good Cooperative Sunglasses Manufacturer &amp; Eyewear Supplier in China for Your Business.\" \/>\n<meta property=\"og:url\" content=\"https:\/\/www.heappy.com\/cs\/site-map\/\" \/>\n<meta property=\"og:site_name\" content=\"heappy.com\" \/>\n<meta property=\"article:modified_time\" content=\"2022-08-26T10:24:05+00:00\" \/>\n<meta name=\"twitter:card\" content=\"summary_large_image\" \/>\n<meta name=\"twitter:label1\" content=\"Odhadovan\u00e1 doba \u010dten\u00ed\" \/>\n\t<meta name=\"twitter:data1\" content=\"2 minuty\" \/>\n<script type=\"application\/ld+json\" class=\"yoast-schema-graph\">{\"@context\":\"https:\\\/\\\/schema.org\",\"@graph\":[{\"@type\":\"WebPage\",\"@id\":\"https:\\\/\\\/www.heappy.com\\\/site-map\\\/\",\"url\":\"https:\\\/\\\/www.heappy.com\\\/site-map\\\/\",\"name\":\"Sitemap - Sunglasses Supplier China & Eyewear Factory\",\"isPartOf\":{\"@id\":\"https:\\\/\\\/www.heappy.com\\\/#website\"},\"datePublished\":\"2019-01-08T01:48:21+00:00\",\"dateModified\":\"2022-08-26T10:24:05+00:00\",\"description\":\"This Sitemap Let You More Clear When Review Our Website and Get the Sunglasses & Eyewear You need, We Will Always Be Behind You and Good Cooperative Sunglasses Manufacturer & Eyewear Supplier in China for Your Business.\",\"breadcrumb\":{\"@id\":\"https:\\\/\\\/www.heappy.com\\\/site-map\\\/#breadcrumb\"},\"inLanguage\":\"cs\",\"potentialAction\":[{\"@type\":\"ReadAction\",\"target\":[\"https:\\\/\\\/www.heappy.com\\\/site-map\\\/\"]}]},{\"@type\":\"BreadcrumbList\",\"@id\":\"https:\\\/\\\/www.heappy.com\\\/site-map\\\/#breadcrumb\",\"itemListElement\":[{\"@type\":\"ListItem\",\"position\":1,\"name\":\"Home\",\"item\":\"https:\\\/\\\/www.heappy.com\\\/\"},{\"@type\":\"ListItem\",\"position\":2,\"name\":\"Site Map\"}]},{\"@type\":\"WebSite\",\"@id\":\"https:\\\/\\\/www.heappy.com\\\/#website\",\"url\":\"https:\\\/\\\/www.heappy.com\\\/\",\"name\":\"heappy.com\",\"description\":\"Eyewear Manufacturer\",\"potentialAction\":[{\"@type\":\"SearchAction\",\"target\":{\"@type\":\"EntryPoint\",\"urlTemplate\":\"https:\\\/\\\/www.heappy.com\\\/?s={search_term_string}\"},\"query-input\":{\"@type\":\"PropertyValueSpecification\",\"valueRequired\":true,\"valueName\":\"search_term_string\"}}],\"inLanguage\":\"cs\"}]}<\/script>\n<!-- \/ Yoast SEO plugin. -->","yoast_head_json":{"title":"Sitemap - Sunglasses Supplier China & Eyewear Factory","description":"This Sitemap Let You More Clear When Review Our Website and Get the Sunglasses & Eyewear You need, We Will Always Be Behind You and Good Cooperative Sunglasses Manufacturer & Eyewear Supplier in China for Your Business.","robots":{"index":"index","follow":"follow","max-snippet":"max-snippet:-1","max-image-preview":"max-image-preview:large","max-video-preview":"max-video-preview:-1"},"canonical":"https:\/\/www.heappy.com\/cs\/site-map\/","og_locale":"cs_CZ","og_type":"article","og_title":"Sitemap - Sunglasses Supplier China & Eyewear Factory","og_description":"This Sitemap Let You More Clear When Review Our Website and Get the Sunglasses & Eyewear You need, We Will Always Be Behind You and Good Cooperative Sunglasses Manufacturer & Eyewear Supplier in China for Your Business.","og_url":"https:\/\/www.heappy.com\/cs\/site-map\/","og_site_name":"heappy.com","article_modified_time":"2022-08-26T10:24:05+00:00","twitter_card":"summary_large_image","twitter_misc":{"Odhadovan\u00e1 doba \u010dten\u00ed":"2 minuty"},"schema":{"@context":"https:\/\/schema.org","@graph":[{"@type":"WebPage","@id":"https:\/\/www.heappy.com\/site-map\/","url":"https:\/\/www.heappy.com\/site-map\/","name":"Sitemap - Sunglasses Supplier China & Eyewear Factory","isPartOf":{"@id":"https:\/\/www.heappy.com\/#website"},"datePublished":"2019-01-08T01:48:21+00:00","dateModified":"2022-08-26T10:24:05+00:00","description":"This Sitemap Let You More Clear When Review Our Website and Get the Sunglasses & Eyewear You need, We Will Always Be Behind You and Good Cooperative Sunglasses Manufacturer & Eyewear Supplier in China for Your Business.","breadcrumb":{"@id":"https:\/\/www.heappy.com\/site-map\/#breadcrumb"},"inLanguage":"cs","potentialAction":[{"@type":"ReadAction","target":["https:\/\/www.heappy.com\/site-map\/"]}]},{"@type":"BreadcrumbList","@id":"https:\/\/www.heappy.com\/site-map\/#breadcrumb","itemListElement":[{"@type":"ListItem","position":1,"name":"Home","item":"https:\/\/www.heappy.com\/"},{"@type":"ListItem","position":2,"name":"Site Map"}]},{"@type":"WebSite","@id":"https:\/\/www.heappy.com\/#website","url":"https:\/\/www.heappy.com\/","name":"heappy.com","description":"V\u00fdrobce br\u00fdl\u00ed","potentialAction":[{"@type":"SearchAction","target":{"@type":"EntryPoint","urlTemplate":"https:\/\/www.heappy.com\/?s={search_term_string}"},"query-input":{"@type":"PropertyValueSpecification","valueRequired":true,"valueName":"search_term_string"}}],"inLanguage":"cs"}]}},"_links":{"self":[{"href":"https:\/\/www.heappy.com\/cs\/wp-json\/wp\/v2\/pages\/73","targetHints":{"allow":["GET"]}}],"collection":[{"href":"https:\/\/www.heappy.com\/cs\/wp-json\/wp\/v2\/pages"}],"about":[{"href":"https:\/\/www.heappy.com\/cs\/wp-json\/wp\/v2\/types\/page"}],"author":[{"embeddable":true,"href":"https:\/\/www.heappy.com\/cs\/wp-json\/wp\/v2\/users\/1"}],"replies":[{"embeddable":true,"href":"https:\/\/www.heappy.com\/cs\/wp-json\/wp\/v2\/comments?post=73"}],"version-history":[{"count":6,"href":"https:\/\/www.heappy.com\/cs\/wp-json\/wp\/v2\/pages\/73\/revisions"}],"predecessor-version":[{"id":11413,"href":"https:\/\/www.heappy.com\/cs\/wp-json\/wp\/v2\/pages\/73\/revisions\/11413"}],"wp:attachment":[{"href":"https:\/\/www.heappy.com\/cs\/wp-json\/wp\/v2\/media?parent=73"}],"curies":[{"name":"wp","href":"https:\/\/api.w.org\/{rel}","templated":true}]}}